{"id":3149,"date":"2019-09-07T17:37:27","date_gmt":"2019-09-07T21:37:27","guid":{"rendered":"https:\/\/www.lirapopular.cl\/lirapopularxix\/?page_id=3149"},"modified":"2019-09-07T17:37:27","modified_gmt":"2019-09-07T21:37:27","slug":"asesinato-horroroso-la-corista-apunaleada","status":"publish","type":"page","link":"https:\/\/www.lirapopular.cl\/lirapopularxix\/asesinato-horroroso-la-corista-apunaleada\/","title":{"rendered":"ASESINATO <br>HORROROSO <br>LA CORISTA <br>APU\u00d1ALEADA"},"content":{"rendered":"\n<div class=\"wp-block-image\"><figure class=\"alignright\"><a href=\"https:\/\/www.lirapopular.cl\/lirapopularxix\/wp-content\/uploads\/2019\/09\/642.jpg\"><img loading=\"lazy\" decoding=\"async\" width=\"300\" height=\"214\" src=\"https:\/\/www.lirapopular.cl\/lirapopularxix\/wp-content\/uploads\/2019\/09\/642-300x214.jpg\" alt=\"\" class=\"wp-image-3150\" srcset=\"https:\/\/www.lirapopular.cl\/lirapopularxix\/wp-content\/uploads\/2019\/09\/642-300x214.jpg 300w, https:\/\/www.lirapopular.cl\/lirapopularxix\/wp-content\/uploads\/2019\/09\/642-768x547.jpg 768w, https:\/\/www.lirapopular.cl\/lirapopularxix\/wp-content\/uploads\/2019\/09\/642.jpg 1000w\" sizes=\"auto, (max-width: 300px) 100vw, 300px\" \/><\/a><figcaption>Colecci\u00f3n Lira Popular de la <br>Universidad de Chile<\/figcaption><\/figure><\/div>\n\n\n\n<p>Autor: Boldo a Boldo (Nuevo Poeta)<br>Impresor: Sin informaci\u00f3n<br>Tama\u00f1o: 53 x 37 cm<br>Clasificaci\u00f3n: 642 S481 Caja N\u00b011a, BN C\u00f3digo:\u00a0LO0012284<\/p>\n\n\n\n<ul class=\"wp-block-list\"><li><a href=\"https:\/\/www.lirapopular.cl\/lirapopularxix\/2019\/09\/08\/la-corista-asesinada-en-el-teatro-odeon\/\">La corista asesinada en el Teatro Ode\u00f3n<\/a><\/li><li><a href=\"https:\/\/www.lirapopular.cl\/lirapopularxix\/2019\/09\/08\/el-nino-enterrado-vivo-por-tres-mujeres\/\">El ni\u00f1o enterrado vivo por tres mujeres <\/a><\/li><li><a href=\"https:\/\/www.lirapopular.cl\/lirapopularxix\/2019\/09\/08\/el-sacristan-capado-en-curato-de-lampa\/\">El sacrist\u00e1n capado en curato de Lampa <\/a><\/li><li><a href=\"https:\/\/www.lirapopular.cl\/lirapopularxix\/2019\/09\/08\/el-precioso-codigo-de-los-casados-2\/\">El precioso c\u00f3digo de los casados<\/a><\/li><\/ul>\n\n\n\n<p>Nota: El 1er ejemplar tiene escrito a mano con l\u00e1piz rojo \u201c642\u201d. Texto manuscrito: &#8220;de Reyes&#8221;.<br>El 2\u00ba ejemplar tiene escrito a mano con l\u00e1piz rojo \u201c-22-\u201d<\/p>\n\n\n\n<div class=\"wp-block-image\"><figure class=\"alignright size-medium\"><a href=\"https:\/\/www.lirapopular.cl\/lirapopularxix\/wp-content\/uploads\/2021\/10\/LO0012284.jpg\"><img loading=\"lazy\" decoding=\"async\" width=\"300\" height=\"204\" src=\"https:\/\/www.lirapopular.cl\/lirapopularxix\/wp-content\/uploads\/2021\/10\/LO0012284-300x204.jpg\" alt=\"\" class=\"wp-image-25467\" srcset=\"https:\/\/www.lirapopular.cl\/lirapopularxix\/wp-content\/uploads\/2021\/10\/LO0012284-300x204.jpg 300w, https:\/\/www.lirapopular.cl\/lirapopularxix\/wp-content\/uploads\/2021\/10\/LO0012284-768x523.jpg 768w, https:\/\/www.lirapopular.cl\/lirapopularxix\/wp-content\/uploads\/2021\/10\/LO0012284.jpg 1000w\" sizes=\"auto, (max-width: 300px) 100vw, 300px\" \/><\/a><figcaption>Archivo de Literatura Oral<br>Fondo Rodolfo Lenz<\/figcaption><\/figure><\/div>\n","protected":false},"excerpt":{"rendered":"<p>Autor: Boldo a Boldo (Nuevo Poeta)Impresor: Sin informaci\u00f3nTama\u00f1o: 53 x 37 cmClasificaci\u00f3n: 642 S481 Caja N\u00b011a, BN C\u00f3digo:\u00a0LO0012284 La corista asesinada en el Teatro Ode\u00f3n El ni\u00f1o enterrado vivo por tres mujeres El sacrist\u00e1n capado en curato de Lampa El precioso c\u00f3digo de los casados Nota: El 1er ejemplar tiene escrito a mano con l\u00e1piz [&hellip;]<\/p>\n","protected":false},"author":1,"featured_media":0,"parent":0,"menu_order":0,"comment_status":"closed","ping_status":"closed","template":"","meta":{"footnotes":""},"class_list":["post-3149","page","type-page","status-publish","hentry"],"jetpack_sharing_enabled":true,"_links":{"self":[{"href":"https:\/\/www.lirapopular.cl\/lirapopularxix\/wp-json\/wp\/v2\/pages\/3149","targetHints":{"allow":["GET"]}}],"collection":[{"href":"https:\/\/www.lirapopular.cl\/lirapopularxix\/wp-json\/wp\/v2\/pages"}],"about":[{"href":"https:\/\/www.lirapopular.cl\/lirapopularxix\/wp-json\/wp\/v2\/types\/page"}],"author":[{"embeddable":true,"href":"https:\/\/www.lirapopular.cl\/lirapopularxix\/wp-json\/wp\/v2\/users\/1"}],"replies":[{"embeddable":true,"href":"https:\/\/www.lirapopular.cl\/lirapopularxix\/wp-json\/wp\/v2\/comments?post=3149"}],"version-history":[{"count":0,"href":"https:\/\/www.lirapopular.cl\/lirapopularxix\/wp-json\/wp\/v2\/pages\/3149\/revisions"}],"wp:attachment":[{"href":"https:\/\/www.lirapopular.cl\/lirapopularxix\/wp-json\/wp\/v2\/media?parent=3149"}],"curies":[{"name":"wp","href":"https:\/\/api.w.org\/{rel}","templated":true}]}}