{"id":3127,"date":"2019-09-07T16:37:54","date_gmt":"2019-09-07T20:37:54","guid":{"rendered":"https:\/\/www.lirapopular.cl\/lirapopularxix\/?page_id=3127"},"modified":"2019-09-07T16:37:54","modified_gmt":"2019-09-07T20:37:54","slug":"un-soldado-mato-a-otro-en-el-cuelpo-de-injenieros-2","status":"publish","type":"page","link":"https:\/\/www.lirapopular.cl\/lirapopularxix\/un-soldado-mato-a-otro-en-el-cuelpo-de-injenieros-2\/","title":{"rendered":"UN SOLDADO <br>MATO A OTRO <br>EN EL CUELPO DE INJENIEROS"},"content":{"rendered":"\n<div class=\"wp-block-image\"><figure class=\"alignright\"><a href=\"https:\/\/www.lirapopular.cl\/lirapopularxix\/wp-content\/uploads\/2019\/09\/649.jpg\"><img loading=\"lazy\" decoding=\"async\" width=\"300\" height=\"218\" src=\"https:\/\/www.lirapopular.cl\/lirapopularxix\/wp-content\/uploads\/2019\/09\/649-300x218.jpg\" alt=\"\" class=\"wp-image-3128\" srcset=\"https:\/\/www.lirapopular.cl\/lirapopularxix\/wp-content\/uploads\/2019\/09\/649-300x218.jpg 300w, https:\/\/www.lirapopular.cl\/lirapopularxix\/wp-content\/uploads\/2019\/09\/649-768x557.jpg 768w, https:\/\/www.lirapopular.cl\/lirapopularxix\/wp-content\/uploads\/2019\/09\/649.jpg 1000w\" sizes=\"auto, (max-width: 300px) 100vw, 300px\" \/><\/a><figcaption><a href=\"Autor: Benito C\u00e1mela&#10;Impresor: Sin informaci\u00f3n&#10;Tama\u00f1o: 51,5 x 37,2 cm&#10;Clasificaci\u00f3n: 649 C181 Caja N\u00b012a\">Colecci\u00f3n Lira Popular de la <\/a><br><a href=\"Autor: Benito C\u00e1mela&#10;Impresor: Sin informaci\u00f3n&#10;Tama\u00f1o: 51,5 x 37,2 cm&#10;Clasificaci\u00f3n: 649 C181 Caja N\u00b012a\">Universidad de Chile<\/a><\/figcaption><\/figure><\/div>\n\n\n\n<p>Autor: Benito C\u00e1mela<br>Impresor: Sin informaci\u00f3n<br>Tama\u00f1o: 51,5 x 37,2 cm<br>Clasificaci\u00f3n: 649 C181 Caja N\u00b012a, BN C\u00f3digo:\u00a0LO0012292<\/p>\n\n\n\n<ul class=\"wp-block-list\"><li><a href=\"https:\/\/www.lirapopular.cl\/lirapopularxix\/2019\/09\/07\/un-soldado-mato-a-otro-en-el-cuelpo-de-injenieros-2\/\">Un soldado mat\u00f3 a otro en el Cuerpo de ingenieros<\/a><\/li><li><a href=\"https:\/\/www.lirapopular.cl\/lirapopularxix\/2019\/09\/07\/el-otro-desaparecido-en-talca-2\/\">El otro desaparecido en Talca<\/a><\/li><li><a href=\"https:\/\/www.lirapopular.cl\/lirapopularxix\/2019\/09\/07\/la-italiana-que-apunaleo-a-otro-italiano\/\">La italiana  que apu\u00f1ale\u00f3  a otro italiano<\/a><\/li><li><a href=\"https:\/\/www.lirapopular.cl\/lirapopularxix\/2019\/09\/07\/una-nina-asesinada-en-la-calle-de-duarte\/\">Una ni\u00f1a asesinada  en la calle de Duarte <\/a><\/li><li><a href=\"https:\/\/www.lirapopular.cl\/lirapopularxix\/2019\/09\/07\/un-nino-de-14-anos-se-suidida-por-amor\/\">Un ni\u00f1o de 14 a\u00f1os se suicida por amor<\/a><\/li><\/ul>\n\n\n\n<p>Nota: El 1er ejemplar tiene escrito a mano con l\u00e1piz rojo \u201c649\u201d<br>El 2\u00ba ejemplar tiene escrito a mano con l\u00e1piz rojo \u201c-3o-\u201d<br>Documentos optimizados digitalmente.<\/p>\n\n\n\n<div class=\"wp-block-image is-style-default\"><figure class=\"alignright size-medium\"><a href=\"https:\/\/www.lirapopular.cl\/lirapopularxix\/wp-content\/uploads\/2021\/11\/LO0012292.jpg\"><img loading=\"lazy\" decoding=\"async\" width=\"300\" height=\"208\" src=\"https:\/\/www.lirapopular.cl\/lirapopularxix\/wp-content\/uploads\/2021\/11\/LO0012292-300x208.jpg\" alt=\"\" class=\"wp-image-26842\" srcset=\"https:\/\/www.lirapopular.cl\/lirapopularxix\/wp-content\/uploads\/2021\/11\/LO0012292-300x208.jpg 300w, https:\/\/www.lirapopular.cl\/lirapopularxix\/wp-content\/uploads\/2021\/11\/LO0012292-768x533.jpg 768w, https:\/\/www.lirapopular.cl\/lirapopularxix\/wp-content\/uploads\/2021\/11\/LO0012292.jpg 1000w\" sizes=\"auto, (max-width: 300px) 100vw, 300px\" \/><\/a><figcaption>Archivo de Literatura Oral<br>Fondo Rodolfo Lenz<\/figcaption><\/figure><\/div>\n","protected":false},"excerpt":{"rendered":"<p>Autor: Benito C\u00e1melaImpresor: Sin informaci\u00f3nTama\u00f1o: 51,5 x 37,2 cmClasificaci\u00f3n: 649 C181 Caja N\u00b012a, BN C\u00f3digo:\u00a0LO0012292 Un soldado mat\u00f3 a otro en el Cuerpo de ingenieros El otro desaparecido en Talca La italiana que apu\u00f1ale\u00f3 a otro italiano Una ni\u00f1a asesinada en la calle de Duarte Un ni\u00f1o de 14 a\u00f1os se suicida por amor Nota: [&hellip;]<\/p>\n","protected":false},"author":1,"featured_media":0,"parent":0,"menu_order":0,"comment_status":"closed","ping_status":"closed","template":"","meta":{"footnotes":""},"class_list":["post-3127","page","type-page","status-publish","hentry"],"jetpack_sharing_enabled":true,"_links":{"self":[{"href":"https:\/\/www.lirapopular.cl\/lirapopularxix\/wp-json\/wp\/v2\/pages\/3127","targetHints":{"allow":["GET"]}}],"collection":[{"href":"https:\/\/www.lirapopular.cl\/lirapopularxix\/wp-json\/wp\/v2\/pages"}],"about":[{"href":"https:\/\/www.lirapopular.cl\/lirapopularxix\/wp-json\/wp\/v2\/types\/page"}],"author":[{"embeddable":true,"href":"https:\/\/www.lirapopular.cl\/lirapopularxix\/wp-json\/wp\/v2\/users\/1"}],"replies":[{"embeddable":true,"href":"https:\/\/www.lirapopular.cl\/lirapopularxix\/wp-json\/wp\/v2\/comments?post=3127"}],"version-history":[{"count":0,"href":"https:\/\/www.lirapopular.cl\/lirapopularxix\/wp-json\/wp\/v2\/pages\/3127\/revisions"}],"wp:attachment":[{"href":"https:\/\/www.lirapopular.cl\/lirapopularxix\/wp-json\/wp\/v2\/media?parent=3127"}],"curies":[{"name":"wp","href":"https:\/\/api.w.org\/{rel}","templated":true}]}}