{"id":3051,"date":"2019-09-04T18:50:53","date_gmt":"2019-09-04T22:50:53","guid":{"rendered":"https:\/\/www.lirapopular.cl\/lirapopularxix\/?page_id=3051"},"modified":"2019-09-04T18:50:53","modified_gmt":"2019-09-04T22:50:53","slug":"el-general-baquedano-y-la-libertad-de-los-reos","status":"publish","type":"page","link":"https:\/\/www.lirapopular.cl\/lirapopularxix\/el-general-baquedano-y-la-libertad-de-los-reos\/","title":{"rendered":"EL GENERAL BAQUEDANO <br>Y LA LIBERTAD DE LOS REOS"},"content":{"rendered":"\n<div class=\"wp-block-image\"><figure class=\"alignright\"><a href=\"https:\/\/www.lirapopular.cl\/lirapopularxix\/wp-content\/uploads\/2019\/09\/465.jpg\"><img loading=\"lazy\" decoding=\"async\" width=\"213\" height=\"300\" src=\"https:\/\/www.lirapopular.cl\/lirapopularxix\/wp-content\/uploads\/2019\/09\/465-213x300.jpg\" alt=\"\" class=\"wp-image-3052\" srcset=\"https:\/\/www.lirapopular.cl\/lirapopularxix\/wp-content\/uploads\/2019\/09\/465-213x300.jpg 213w, https:\/\/www.lirapopular.cl\/lirapopularxix\/wp-content\/uploads\/2019\/09\/465.jpg 711w\" sizes=\"auto, (max-width: 213px) 100vw, 213px\" \/><\/a><figcaption>Colecci\u00f3n Lira Popular de la <br>Universidad de Chile<\/figcaption><\/figure><\/div>\n\n\n\n<p>Autor: Jos\u00e9 Arroyo<br>Impresor: Sin informaci\u00f3n<br>Tama\u00f1o: 37,4 x 53,3 cm<br>Clasificaci\u00f3n: 465 A778j Caja N\u00b05b<\/p>\n\n\n\n<ul class=\"wp-block-list\"><li><a href=\"https:\/\/www.lirapopular.cl\/lirapopularxix\/2019\/09\/04\/la-libertad-de-los-reos-politicos\/\">La libertad  de los reos pol\u00edticos<\/a><\/li><li><a href=\"https:\/\/www.lirapopular.cl\/lirapopularxix\/2019\/09\/04\/reunion-de-jefes-balmacedistas\/\">Reuni\u00f3n de jefes balmacedistas<\/a><\/li><li><a href=\"https:\/\/www.lirapopular.cl\/lirapopularxix\/2019\/09\/04\/la-alianza-de-chile-con-el-brasil\/\">La alianza de Chile con el Brasil <\/a><\/li><li><a href=\"https:\/\/www.lirapopular.cl\/lirapopularxix\/2019\/09\/04\/los-cinco-aseslnatos\/\">Los cinco asesinatos<\/a><\/li><\/ul>\n\n\n\n<p>Nota: Este ejemplar tiene escrito a mano con l\u00e1piz rojo \u201c465\u201d<br>Documento optimizado digitalmente.<\/p>\n","protected":false},"excerpt":{"rendered":"<p>Autor: Jos\u00e9 ArroyoImpresor: Sin informaci\u00f3nTama\u00f1o: 37,4 x 53,3 cmClasificaci\u00f3n: 465 A778j Caja N\u00b05b La libertad de los reos pol\u00edticos Reuni\u00f3n de jefes balmacedistas La alianza de Chile con el Brasil Los cinco asesinatos Nota: Este ejemplar tiene escrito a mano con l\u00e1piz rojo \u201c465\u201dDocumento optimizado digitalmente.<\/p>\n","protected":false},"author":1,"featured_media":0,"parent":0,"menu_order":0,"comment_status":"closed","ping_status":"closed","template":"","meta":{"footnotes":""},"class_list":["post-3051","page","type-page","status-publish","hentry"],"jetpack_sharing_enabled":true,"_links":{"self":[{"href":"https:\/\/www.lirapopular.cl\/lirapopularxix\/wp-json\/wp\/v2\/pages\/3051","targetHints":{"allow":["GET"]}}],"collection":[{"href":"https:\/\/www.lirapopular.cl\/lirapopularxix\/wp-json\/wp\/v2\/pages"}],"about":[{"href":"https:\/\/www.lirapopular.cl\/lirapopularxix\/wp-json\/wp\/v2\/types\/page"}],"author":[{"embeddable":true,"href":"https:\/\/www.lirapopular.cl\/lirapopularxix\/wp-json\/wp\/v2\/users\/1"}],"replies":[{"embeddable":true,"href":"https:\/\/www.lirapopular.cl\/lirapopularxix\/wp-json\/wp\/v2\/comments?post=3051"}],"version-history":[{"count":0,"href":"https:\/\/www.lirapopular.cl\/lirapopularxix\/wp-json\/wp\/v2\/pages\/3051\/revisions"}],"wp:attachment":[{"href":"https:\/\/www.lirapopular.cl\/lirapopularxix\/wp-json\/wp\/v2\/media?parent=3051"}],"curies":[{"name":"wp","href":"https:\/\/api.w.org\/{rel}","templated":true}]}}