{"id":305,"date":"2019-06-07T02:27:04","date_gmt":"2019-06-07T02:27:04","guid":{"rendered":"https:\/\/www.lirapopular.cl\/lirapopularxix\/?page_id=305"},"modified":"2019-06-07T02:27:04","modified_gmt":"2019-06-07T02:27:04","slug":"el-asesinato-de-los-tribunales","status":"publish","type":"page","link":"https:\/\/www.lirapopular.cl\/lirapopularxix\/el-asesinato-de-los-tribunales\/","title":{"rendered":"El asesinato de los Tribunales"},"content":{"rendered":"<div class=\"wp-block-image\">\n<figure class=\"alignright\"><a href=\"https:\/\/www.lirapopular.cl\/lirapopularxix\/wp-content\/uploads\/2019\/06\/349.jpg\"><img loading=\"lazy\" decoding=\"async\" width=\"215\" height=\"300\" src=\"https:\/\/www.lirapopular.cl\/lirapopularxix\/wp-content\/uploads\/2019\/06\/349-215x300.jpg\" alt=\"\" class=\"wp-image-306\" srcset=\"https:\/\/www.lirapopular.cl\/lirapopularxix\/wp-content\/uploads\/2019\/06\/349-215x300.jpg 215w, https:\/\/www.lirapopular.cl\/lirapopularxix\/wp-content\/uploads\/2019\/06\/349.jpg 716w\" sizes=\"auto, (max-width: 215px) 100vw, 215px\" \/><\/a><figcaption>Colecci\u00f3n Lira Popular de la <br>Universidad de Chile<\/figcaption><\/figure>\n<\/div>\n\n\n<p>Autor: Jos\u00e9 Hip\u00f3lito Cordero. Calle de Benavente, n\u00fam. 24<br> Impresor: 261 \u2013 Imp. Estrella de Chile, Sto. Domingo, 47<br>Tama\u00f1o: 28,1 x 38 cm<br>Clasificaci\u00f3n: 349 C794a Caja N\u00b01b, BN C\u00f3digo:\u00a0LO0012567<\/p>\n\n\n\n<ul class=\"wp-block-list\"><li><a href=\"https:\/\/www.lirapopular.cl\/lirapopularxix\/2019\/06\/07\/el-asesinato-de-los-tribunales\/\">El asesinato de los Tribunales<\/a><\/li><li><a href=\"https:\/\/www.lirapopular.cl\/lirapopularxix\/2019\/06\/07\/versos-del-juicio-final\/\">Versos del Juicio Final<\/a><\/li><li><a href=\"https:\/\/www.lirapopular.cl\/lirapopularxix\/2019\/06\/07\/versos-del-tagua-taguino\/\">Versos del Tagua-Tag\u00fcino<\/a><\/li><li><a href=\"https:\/\/www.lirapopular.cl\/lirapopularxix\/2019\/06\/07\/versos-de-un-cochero\/\">Versos de un cochero<\/a><\/li><\/ul>\n\n\n\n<p>Notas: La lira no tiene t\u00edtulo, usamos el de su primer verso.<br>El 1er ejemplar tiene escrito a mano con l\u00e1piz rojo \u201c349\u201d<br>El 2\u00ba ejemplar tiene escrito a mano con l\u00e1piz azul \u201c2\u201d y con plum\u00f3n &#8220;241&#8221;. En el retiro &#8220;230&#8221; corregido &#8220;234&#8221;<br>* En esta lira su autor nos informa que es nacido en Tagua-Tagua.<\/p>\n\n\n<div class=\"wp-block-image\">\n<figure class=\"alignright size-medium\"><a href=\"https:\/\/www.lirapopular.cl\/lirapopularxix\/wp-content\/uploads\/2020\/07\/LO0012567.jpg\"><img decoding=\"async\" src=\"https:\/\/www.lirapopular.cl\/lirapopularxix\/wp-content\/uploads\/2020\/07\/LO0012567-300x193.jpg\" alt=\"\" class=\"wp-image-10327\"\/><\/a><figcaption>Archivo de Literatura Oral<br>Colecci\u00f3n Alamiro de \u00c1vila<\/figcaption><\/figure>\n<\/div>","protected":false},"excerpt":{"rendered":"<p>Autor: Jos\u00e9 Hip\u00f3lito Cordero. Calle de Benavente, n\u00fam. 24 Impresor: 261 \u2013 Imp. Estrella de Chile, Sto. Domingo, 47Tama\u00f1o: 28,1 x 38 cmClasificaci\u00f3n: 349 C794a Caja N\u00b01b, BN C\u00f3digo:\u00a0LO0012567 El asesinato de los Tribunales Versos del Juicio Final Versos del Tagua-Tag\u00fcino Versos de un cochero Notas: La lira no tiene t\u00edtulo, usamos el de su [&hellip;]<\/p>\n","protected":false},"author":1,"featured_media":0,"parent":0,"menu_order":0,"comment_status":"closed","ping_status":"closed","template":"","meta":{"footnotes":""},"class_list":["post-305","page","type-page","status-publish","hentry"],"jetpack_sharing_enabled":true,"_links":{"self":[{"href":"https:\/\/www.lirapopular.cl\/lirapopularxix\/wp-json\/wp\/v2\/pages\/305","targetHints":{"allow":["GET"]}}],"collection":[{"href":"https:\/\/www.lirapopular.cl\/lirapopularxix\/wp-json\/wp\/v2\/pages"}],"about":[{"href":"https:\/\/www.lirapopular.cl\/lirapopularxix\/wp-json\/wp\/v2\/types\/page"}],"author":[{"embeddable":true,"href":"https:\/\/www.lirapopular.cl\/lirapopularxix\/wp-json\/wp\/v2\/users\/1"}],"replies":[{"embeddable":true,"href":"https:\/\/www.lirapopular.cl\/lirapopularxix\/wp-json\/wp\/v2\/comments?post=305"}],"version-history":[{"count":0,"href":"https:\/\/www.lirapopular.cl\/lirapopularxix\/wp-json\/wp\/v2\/pages\/305\/revisions"}],"wp:attachment":[{"href":"https:\/\/www.lirapopular.cl\/lirapopularxix\/wp-json\/wp\/v2\/media?parent=305"}],"curies":[{"name":"wp","href":"https:\/\/api.w.org\/{rel}","templated":true}]}}