{"id":3030,"date":"2019-09-04T11:01:44","date_gmt":"2019-09-04T15:01:44","guid":{"rendered":"https:\/\/www.lirapopular.cl\/lirapopularxix\/?page_id=3030"},"modified":"2019-09-04T11:01:44","modified_gmt":"2019-09-04T15:01:44","slug":"el-feroz-asesinato-de-don-jose-isidoro-vergara-en-talca-hallazgo-del-cadaver","status":"publish","type":"page","link":"https:\/\/www.lirapopular.cl\/lirapopularxix\/el-feroz-asesinato-de-don-jose-isidoro-vergara-en-talca-hallazgo-del-cadaver\/","title":{"rendered":"EL FEROZ ASESINATO <br>DE DON JOS\u00c9 ISIDORO VERGARA <br>EN TALCA <br>HALLAZGO DEL CAD\u00c1VER"},"content":{"rendered":"\n<div class=\"wp-block-image\"><figure class=\"alignright\"><a href=\"https:\/\/www.lirapopular.cl\/lirapopularxix\/wp-content\/uploads\/2019\/09\/464.jpg\"><img decoding=\"async\" src=\"https:\/\/www.lirapopular.cl\/lirapopularxix\/wp-content\/uploads\/2019\/09\/464-300x213.jpg\" alt=\"\" class=\"wp-image-3032\"\/><\/a><figcaption>Colecci\u00f3n Lira Popular de la <br>Universidad de Chile<\/figcaption><\/figure><\/div>\n\n\n\n<p>Autor: Jos\u00e9 Arroyo<br>Impresor: Sin informaci\u00f3n<br>Tama\u00f1o: 37,6 x 53,3 cm<br>Clasificaci\u00f3n: 464 A778f Caja N\u00b05b<br>BN C\u00f3digo: LO0012083<\/p>\n\n\n\n<ul class=\"wp-block-list\"><li><a href=\"https:\/\/www.lirapopular.cl\/lirapopularxix\/2019\/09\/04\/el-feroz-asesinato-de-don-jose-isidoro-vergara-en-talca-hallazgo-del-cadaver\/\">El feroz asesinato de don Jos\u00e9 Isidoro Vergara en Talca. Hallazgo del cad\u00e1ver<\/a><\/li><li><a href=\"https:\/\/www.lirapopular.cl\/lirapopularxix\/2019\/09\/04\/la-esplosion-en-talagante-10-hombres-muertos\/\">La explosi\u00f3n en Talagante. 10 hombres muertos<\/a><\/li><li><a href=\"https:\/\/www.lirapopular.cl\/lirapopularxix\/2019\/09\/04\/la-hija-que-mato-a-la-madre\/\">La hija que mat\u00f3 a la madre<\/a><\/li><li><a href=\"https:\/\/www.lirapopular.cl\/lirapopularxix\/2019\/09\/04\/la-chuquisa-que-mato-a-la-amiga\/\">La chuquisa que mat\u00f3 a la amiga<\/a><\/li><li><a href=\"https:\/\/www.lirapopular.cl\/lirapopularxix\/2019\/09\/04\/curiosa-relacion-de-las-aventuras-del-rotito-enamorado\/\">Curiosa relaci\u00f3n de las aventuras del rotito enamorado<\/a><\/li><\/ul>\n\n\n\n<div class=\"wp-block-image\"><figure class=\"alignright size-medium\"><a href=\"https:\/\/www.lirapopular.cl\/lirapopularxix\/wp-content\/uploads\/2020\/06\/LO0012083.jpg\"><img loading=\"lazy\" decoding=\"async\" width=\"300\" height=\"211\" src=\"https:\/\/www.lirapopular.cl\/lirapopularxix\/wp-content\/uploads\/2020\/06\/LO0012083-300x211.jpg\" alt=\"\" class=\"wp-image-10164\" srcset=\"https:\/\/www.lirapopular.cl\/lirapopularxix\/wp-content\/uploads\/2020\/06\/LO0012083-300x211.jpg 300w, https:\/\/www.lirapopular.cl\/lirapopularxix\/wp-content\/uploads\/2020\/06\/LO0012083-768x541.jpg 768w, https:\/\/www.lirapopular.cl\/lirapopularxix\/wp-content\/uploads\/2020\/06\/LO0012083.jpg 1000w\" sizes=\"auto, (max-width: 300px) 100vw, 300px\" \/><\/a><figcaption>Archivo de Literatura Oral<br>Fondo Rodolfo Lenz<\/figcaption><\/figure><\/div>\n\n\n\n<p>Nota: El 1er ejemplar tiene escrito a mano con l\u00e1piz rojo \u201c464\u201d y texto manuscrito: &#8220;Reyes&#8221;<br>El 2\u00ba ejemplar tiene escrito a mano con l\u00e1piz rojo \u201c-25-\u201d, con l\u00e1piz grafito &#8220;3&#8221; y con timbre &#8220;72&#8221;.<br>Documentos optimizados digitalmente.<\/p>\n","protected":false},"excerpt":{"rendered":"<p>Autor: Jos\u00e9 ArroyoImpresor: Sin informaci\u00f3nTama\u00f1o: 37,6 x 53,3 cmClasificaci\u00f3n: 464 A778f Caja N\u00b05bBN C\u00f3digo: LO0012083 El feroz asesinato de don Jos\u00e9 Isidoro Vergara en Talca. Hallazgo del cad\u00e1ver La explosi\u00f3n en Talagante. 10 hombres muertos La hija que mat\u00f3 a la madre La chuquisa que mat\u00f3 a la amiga Curiosa relaci\u00f3n de las aventuras del [&hellip;]<\/p>\n","protected":false},"author":1,"featured_media":0,"parent":0,"menu_order":0,"comment_status":"closed","ping_status":"closed","template":"","meta":{"footnotes":""},"class_list":["post-3030","page","type-page","status-publish","hentry"],"jetpack_sharing_enabled":true,"_links":{"self":[{"href":"https:\/\/www.lirapopular.cl\/lirapopularxix\/wp-json\/wp\/v2\/pages\/3030","targetHints":{"allow":["GET"]}}],"collection":[{"href":"https:\/\/www.lirapopular.cl\/lirapopularxix\/wp-json\/wp\/v2\/pages"}],"about":[{"href":"https:\/\/www.lirapopular.cl\/lirapopularxix\/wp-json\/wp\/v2\/types\/page"}],"author":[{"embeddable":true,"href":"https:\/\/www.lirapopular.cl\/lirapopularxix\/wp-json\/wp\/v2\/users\/1"}],"replies":[{"embeddable":true,"href":"https:\/\/www.lirapopular.cl\/lirapopularxix\/wp-json\/wp\/v2\/comments?post=3030"}],"version-history":[{"count":0,"href":"https:\/\/www.lirapopular.cl\/lirapopularxix\/wp-json\/wp\/v2\/pages\/3030\/revisions"}],"wp:attachment":[{"href":"https:\/\/www.lirapopular.cl\/lirapopularxix\/wp-json\/wp\/v2\/media?parent=3030"}],"curies":[{"name":"wp","href":"https:\/\/api.w.org\/{rel}","templated":true}]}}