{"id":3012,"date":"2019-09-03T21:14:05","date_gmt":"2019-09-04T01:14:05","guid":{"rendered":"https:\/\/www.lirapopular.cl\/lirapopularxix\/?page_id=3012"},"modified":"2019-09-03T21:14:05","modified_gmt":"2019-09-04T01:14:05","slug":"los-desordenes-de-valparaiso","status":"publish","type":"page","link":"https:\/\/www.lirapopular.cl\/lirapopularxix\/los-desordenes-de-valparaiso\/","title":{"rendered":"LOS DESORDENES DE <br>VALPARAISO ATAQUE A LA INTENDENCIA <BR>EL GOBERNADOR ECLESI\u00c1STICO <BR>HERIDO <BR>MUCHOS HERIDOS"},"content":{"rendered":"<div class=\"wp-block-image\">\n<figure class=\"alignright\"><a href=\"https:\/\/www.lirapopular.cl\/lirapopularxix\/wp-content\/uploads\/2019\/09\/463.jpg\"><img loading=\"lazy\" decoding=\"async\" width=\"300\" height=\"213\" src=\"https:\/\/www.lirapopular.cl\/lirapopularxix\/wp-content\/uploads\/2019\/09\/463-300x213.jpg\" alt=\"\" class=\"wp-image-3013\" srcset=\"https:\/\/www.lirapopular.cl\/lirapopularxix\/wp-content\/uploads\/2019\/09\/463-300x213.jpg 300w, https:\/\/www.lirapopular.cl\/lirapopularxix\/wp-content\/uploads\/2019\/09\/463-768x546.jpg 768w, https:\/\/www.lirapopular.cl\/lirapopularxix\/wp-content\/uploads\/2019\/09\/463.jpg 1000w\" sizes=\"auto, (max-width: 300px) 100vw, 300px\" \/><\/a><figcaption>Colecci\u00f3n Lira Popular de la <br>Universidad de Chile<\/figcaption><\/figure>\n<\/div>\n\n\n<p>Autor: Jos\u00e9 Arroyo<br>Impresor: Sin informaci\u00f3n<br>Tama\u00f1o: 37,5 x 53,2 cm<br>Clasificaci\u00f3n: 463 A778d Caja N\u00b05b<br>BN C\u00f3digo:&nbsp;LO0012291<br>BN C\u00f3digo:&nbsp;LO0012086<\/p>\n\n\n\n<ul class=\"wp-block-list\"><li><a href=\"https:\/\/www.lirapopular.cl\/lirapopularxix\/2019\/09\/04\/los-desordenes-de-valparaiso-ataque-a-la-intendencia-el-gobernador-eclesiastico-herido-muchos-heridos\/\">Los des\u00f3rdenes de Valpara\u00edso Ataque a la Intendencia El gobernador eclesi\u00e1stico herido Muchos heridos<\/a><\/li><li><a href=\"https:\/\/www.lirapopular.cl\/lirapopularxix\/2019\/09\/04\/asalto-a-la-imprenta-de-la-union-i-a-las-iglesias\/\">Asalto a la imprenta de \u00abla Uni\u00f3n\u00bb y a las iglesias<\/a><\/li><li><a href=\"https:\/\/www.lirapopular.cl\/lirapopularxix\/2019\/09\/04\/sangriento-drama-en-llai-llai-tres-bandidos-matan-en-el-tren-a-dos-policiales\/\">Sangriento drama en Llai-Llai tres bandidos matan en el tren a dos policiales<\/a><\/li><li><a href=\"https:\/\/www.lirapopular.cl\/lirapopularxix\/2019\/09\/04\/el-ajenciero-que-mato-al-padre-en-talca-ultimas-noticias-2\/\">El agenciero que mat\u00f3 al padre en Talca \u00daltimas noticias<\/a><\/li><li><a href=\"https:\/\/www.lirapopular.cl\/lirapopularxix\/2019\/09\/04\/declaracion-de-los-reos-vergara-hijo-apablaza-i-meneses-2\/\">Declaraci\u00f3n de los reos Vergara (hijo) Apablaza y Meneses<\/a><\/li><li><a href=\"https:\/\/www.lirapopular.cl\/lirapopularxix\/2022\/05\/27\/asesinato-alevoso-del-gobernador-de-nacimiento-2\/\">* Asesinato alevoso del gobernador de Nacimiento<\/a><\/li><\/ul>\n\n\n<div class=\"wp-block-image\">\n<figure class=\"alignright size-medium\"><a href=\"https:\/\/www.lirapopular.cl\/lirapopularxix\/wp-content\/uploads\/2020\/06\/LO0012291.jpg\"><img loading=\"lazy\" decoding=\"async\" width=\"300\" height=\"208\" src=\"https:\/\/www.lirapopular.cl\/lirapopularxix\/wp-content\/uploads\/2020\/06\/LO0012291-300x208.jpg\" alt=\"\" class=\"wp-image-10182\" srcset=\"https:\/\/www.lirapopular.cl\/lirapopularxix\/wp-content\/uploads\/2020\/06\/LO0012291-300x208.jpg 300w, https:\/\/www.lirapopular.cl\/lirapopularxix\/wp-content\/uploads\/2020\/06\/LO0012291-768x533.jpg 768w, https:\/\/www.lirapopular.cl\/lirapopularxix\/wp-content\/uploads\/2020\/06\/LO0012291.jpg 1000w\" sizes=\"auto, (max-width: 300px) 100vw, 300px\" \/><\/a><figcaption>Archivo de Literatura Oral<br>Fondo Rodolfo Lenz<\/figcaption><\/figure>\n<\/div>\n\n\n<p>Nota: El 1er ejemplar tiene escrito a mano con l\u00e1piz rojo \u201c463\u201d<br>El 2\u00ba ejemplar est\u00e1 roto y tiene un versos diferente. Lo agrego al final con *. Texto manuscrito completando autor &#8220;ARNERO (DM)?&#8221;, tiene escrito a mano con l\u00e1piz rojo \u201c29\u201d<br>El 3er ejemplar tiene timbre\u201c71\u201d y versos numerados con grafito.<br>Documentos optimizados digitalmente.<\/p>\n\n\n\n<p><mark style=\"background-color:rgba(0, 0, 0, 0);color:#ffffff\" class=\"has-inline-color\">.<\/mark><\/p>\n\n\n\n<p><mark style=\"background-color:rgba(0, 0, 0, 0);color:#ffffff\" class=\"has-inline-color\">.<\/mark><\/p>\n\n\n<div class=\"wp-block-image\">\n<figure class=\"alignright size-medium\"><a href=\"https:\/\/www.lirapopular.cl\/lirapopularxix\/wp-content\/uploads\/2020\/06\/LO0012086.jpg\"><img loading=\"lazy\" decoding=\"async\" width=\"300\" height=\"209\" src=\"https:\/\/www.lirapopular.cl\/lirapopularxix\/wp-content\/uploads\/2020\/06\/LO0012086-300x209.jpg\" alt=\"\" class=\"wp-image-10183\" srcset=\"https:\/\/www.lirapopular.cl\/lirapopularxix\/wp-content\/uploads\/2020\/06\/LO0012086-300x209.jpg 300w, https:\/\/www.lirapopular.cl\/lirapopularxix\/wp-content\/uploads\/2020\/06\/LO0012086-768x535.jpg 768w, https:\/\/www.lirapopular.cl\/lirapopularxix\/wp-content\/uploads\/2020\/06\/LO0012086.jpg 1000w\" sizes=\"auto, (max-width: 300px) 100vw, 300px\" \/><\/a><figcaption>Archivo de Literatura Oral<br>Fondo Rodolfo Lenz<\/figcaption><\/figure>\n<\/div>","protected":false},"excerpt":{"rendered":"<p>Autor: Jos\u00e9 ArroyoImpresor: Sin informaci\u00f3nTama\u00f1o: 37,5 x 53,2 cmClasificaci\u00f3n: 463 A778d Caja N\u00b05bBN C\u00f3digo:&nbsp;LO0012291BN C\u00f3digo:&nbsp;LO0012086 Los des\u00f3rdenes de Valpara\u00edso Ataque a la Intendencia El gobernador eclesi\u00e1stico herido Muchos heridos Asalto a la imprenta de \u00abla Uni\u00f3n\u00bb y a las iglesias Sangriento drama en Llai-Llai tres bandidos matan en el tren a dos policiales El agenciero [&hellip;]<\/p>\n","protected":false},"author":1,"featured_media":0,"parent":0,"menu_order":0,"comment_status":"closed","ping_status":"closed","template":"","meta":{"footnotes":""},"class_list":["post-3012","page","type-page","status-publish","hentry"],"jetpack_sharing_enabled":true,"_links":{"self":[{"href":"https:\/\/www.lirapopular.cl\/lirapopularxix\/wp-json\/wp\/v2\/pages\/3012","targetHints":{"allow":["GET"]}}],"collection":[{"href":"https:\/\/www.lirapopular.cl\/lirapopularxix\/wp-json\/wp\/v2\/pages"}],"about":[{"href":"https:\/\/www.lirapopular.cl\/lirapopularxix\/wp-json\/wp\/v2\/types\/page"}],"author":[{"embeddable":true,"href":"https:\/\/www.lirapopular.cl\/lirapopularxix\/wp-json\/wp\/v2\/users\/1"}],"replies":[{"embeddable":true,"href":"https:\/\/www.lirapopular.cl\/lirapopularxix\/wp-json\/wp\/v2\/comments?post=3012"}],"version-history":[{"count":0,"href":"https:\/\/www.lirapopular.cl\/lirapopularxix\/wp-json\/wp\/v2\/pages\/3012\/revisions"}],"wp:attachment":[{"href":"https:\/\/www.lirapopular.cl\/lirapopularxix\/wp-json\/wp\/v2\/media?parent=3012"}],"curies":[{"name":"wp","href":"https:\/\/api.w.org\/{rel}","templated":true}]}}