{"id":2984,"date":"2019-09-02T17:10:49","date_gmt":"2019-09-02T21:10:49","guid":{"rendered":"https:\/\/www.lirapopular.cl\/lirapopularxix\/?page_id=2984"},"modified":"2019-09-02T17:10:49","modified_gmt":"2019-09-02T21:10:49","slug":"el-roto-chileno-no4","status":"publish","type":"page","link":"https:\/\/www.lirapopular.cl\/lirapopularxix\/el-roto-chileno-no4\/","title":{"rendered":"EL ROTO CHILENO N\u00ba4 <br>EL FUTRE  <br>TEMPLADO ECHADO BALCON ABAJO"},"content":{"rendered":"\n<div class=\"wp-block-image\"><figure class=\"alignright\"><a href=\"https:\/\/www.lirapopular.cl\/lirapopularxix\/wp-content\/uploads\/2019\/09\/472.jpg\"><img loading=\"lazy\" decoding=\"async\" width=\"300\" height=\"213\" src=\"https:\/\/www.lirapopular.cl\/lirapopularxix\/wp-content\/uploads\/2019\/09\/472-300x213.jpg\" alt=\"\" class=\"wp-image-2985\" srcset=\"https:\/\/www.lirapopular.cl\/lirapopularxix\/wp-content\/uploads\/2019\/09\/472-300x213.jpg 300w, https:\/\/www.lirapopular.cl\/lirapopularxix\/wp-content\/uploads\/2019\/09\/472-768x546.jpg 768w, https:\/\/www.lirapopular.cl\/lirapopularxix\/wp-content\/uploads\/2019\/09\/472.jpg 1000w\" sizes=\"auto, (max-width: 300px) 100vw, 300px\" \/><\/a><figcaption>Colecci\u00f3n Lira Popular de la <br>Universidad de Chile<\/figcaption><\/figure><\/div>\n\n\n\n<p>Autor: Jos\u00e9 Arroyo<br>Impresor: Sin informaci\u00f3n<br>Tama\u00f1o: 37,2 x 52,4 cm.<br>Clasificaci\u00f3n: 472 A778n Caja N\u00b06b<br>BN C\u00f3digo:\u00a0LO0012084<\/p>\n\n\n\n<ul class=\"wp-block-list\"><li><a href=\"https:\/\/www.lirapopular.cl\/lirapopularxix\/2019\/09\/03\/el-terrible-choque-del-tren-de-talcahuano\/\">El terrible choque del tren de Talcahuano<\/a><\/li><li><a href=\"https:\/\/www.lirapopular.cl\/lirapopularxix\/2019\/09\/03\/el-futre-arrojado-del-balcon-por-el-padre-de-su-prenda\/\">El futre  arrojado del balc\u00f3n  por el padre de su prenda <\/a><\/li><li><a href=\"https:\/\/www.lirapopular.cl\/lirapopularxix\/2019\/09\/03\/el-futre-que-violo-a-una-nina-de-7-anos\/\">El futre que viol\u00f3 a una ni\u00f1a de 7 a\u00f1os<\/a><\/li><li><a href=\"https:\/\/www.lirapopular.cl\/lirapopularxix\/2019\/09\/03\/aresinato-en-el-llano-subercaseaux\/\">Asesinato en el Llano Subercaseaux<\/a><\/li><li><a href=\"https:\/\/www.lirapopular.cl\/lirapopularxix\/2019\/09\/03\/sublevacion-de-peones-en-iquique-asesinato-incendio-y-robo\/\">Sublevacion de peones en Iquique  asesinato, incendio y robo<\/a><\/li><\/ul>\n\n\n\n<div class=\"wp-block-image\"><figure class=\"alignright\"><a href=\"https:\/\/www.lirapopular.cl\/lirapopularxix\/wp-content\/uploads\/2019\/09\/472-rev.jpg\"><img loading=\"lazy\" decoding=\"async\" width=\"300\" height=\"141\" src=\"https:\/\/www.lirapopular.cl\/lirapopularxix\/wp-content\/uploads\/2019\/09\/472-rev-300x141.jpg\" alt=\"\" class=\"wp-image-3010\" srcset=\"https:\/\/www.lirapopular.cl\/lirapopularxix\/wp-content\/uploads\/2019\/09\/472-rev-300x141.jpg 300w, https:\/\/www.lirapopular.cl\/lirapopularxix\/wp-content\/uploads\/2019\/09\/472-rev-768x362.jpg 768w, https:\/\/www.lirapopular.cl\/lirapopularxix\/wp-content\/uploads\/2019\/09\/472-rev.jpg 1000w\" sizes=\"auto, (max-width: 300px) 100vw, 300px\" \/><\/a><figcaption>Texto manuscrito en el reverso<\/figcaption><\/figure><\/div>\n\n\n\n<p>Nota: El 1er ejemplar tiene escrito a mano con l\u00e1piz rojo \u201c472\u201d y texto en reverso.<br>El 2\u00ba ejemplar tiene escrito a mano con l\u00e1piz rojo \u201c-26-\u201d, con l\u00e1piz grafito &#8220;8&#8221; y con timbre &#8220;77&#8221;.<br>Documentos optimizados digitalmente.<\/p>\n\n\n\n<div class=\"wp-block-image\"><figure class=\"alignright size-medium\"><a href=\"https:\/\/www.lirapopular.cl\/lirapopularxix\/wp-content\/uploads\/2020\/06\/LO0012084.jpg\"><img decoding=\"async\" src=\"https:\/\/www.lirapopular.cl\/lirapopularxix\/wp-content\/uploads\/2020\/06\/LO0012084-300x210.jpg\" alt=\"\" class=\"wp-image-10170\"\/><\/a><figcaption>Archivo de Literatura Oral<br>Fondo Rodolfo Lenz<\/figcaption><\/figure><\/div>\n","protected":false},"excerpt":{"rendered":"<p>Autor: Jos\u00e9 ArroyoImpresor: Sin informaci\u00f3nTama\u00f1o: 37,2 x 52,4 cm.Clasificaci\u00f3n: 472 A778n Caja N\u00b06bBN C\u00f3digo:\u00a0LO0012084 El terrible choque del tren de Talcahuano El futre arrojado del balc\u00f3n por el padre de su prenda El futre que viol\u00f3 a una ni\u00f1a de 7 a\u00f1os Asesinato en el Llano Subercaseaux Sublevacion de peones en Iquique asesinato, incendio y [&hellip;]<\/p>\n","protected":false},"author":1,"featured_media":0,"parent":0,"menu_order":0,"comment_status":"closed","ping_status":"closed","template":"","meta":{"footnotes":""},"class_list":["post-2984","page","type-page","status-publish","hentry"],"jetpack_sharing_enabled":true,"_links":{"self":[{"href":"https:\/\/www.lirapopular.cl\/lirapopularxix\/wp-json\/wp\/v2\/pages\/2984","targetHints":{"allow":["GET"]}}],"collection":[{"href":"https:\/\/www.lirapopular.cl\/lirapopularxix\/wp-json\/wp\/v2\/pages"}],"about":[{"href":"https:\/\/www.lirapopular.cl\/lirapopularxix\/wp-json\/wp\/v2\/types\/page"}],"author":[{"embeddable":true,"href":"https:\/\/www.lirapopular.cl\/lirapopularxix\/wp-json\/wp\/v2\/users\/1"}],"replies":[{"embeddable":true,"href":"https:\/\/www.lirapopular.cl\/lirapopularxix\/wp-json\/wp\/v2\/comments?post=2984"}],"version-history":[{"count":0,"href":"https:\/\/www.lirapopular.cl\/lirapopularxix\/wp-json\/wp\/v2\/pages\/2984\/revisions"}],"wp:attachment":[{"href":"https:\/\/www.lirapopular.cl\/lirapopularxix\/wp-json\/wp\/v2\/media?parent=2984"}],"curies":[{"name":"wp","href":"https:\/\/api.w.org\/{rel}","templated":true}]}}