{"id":2912,"date":"2019-09-01T09:55:33","date_gmt":"2019-09-01T13:55:33","guid":{"rendered":"https:\/\/www.lirapopular.cl\/lirapopularxix\/?page_id=2912"},"modified":"2019-09-01T09:55:33","modified_gmt":"2019-09-01T13:55:33","slug":"el-ajenciero-que-mato-al-padre-en-talca-ultimas-noticias","status":"publish","type":"page","link":"https:\/\/www.lirapopular.cl\/lirapopularxix\/el-ajenciero-que-mato-al-padre-en-talca-ultimas-noticias\/","title":{"rendered":"EL AJENCIERO QUE MAT\u00d3 <br>AL PADRE EN TALCA <br>ULTIMAS NOTICIAS"},"content":{"rendered":"\n<div class=\"wp-block-image\"><figure class=\"alignright\"><a href=\"https:\/\/www.lirapopular.cl\/lirapopularxix\/wp-content\/uploads\/2019\/09\/460.jpg\"><img loading=\"lazy\" decoding=\"async\" width=\"300\" height=\"214\" src=\"https:\/\/www.lirapopular.cl\/lirapopularxix\/wp-content\/uploads\/2019\/09\/460-300x214.jpg\" alt=\"\" class=\"wp-image-2913\" srcset=\"https:\/\/www.lirapopular.cl\/lirapopularxix\/wp-content\/uploads\/2019\/09\/460-300x214.jpg 300w, https:\/\/www.lirapopular.cl\/lirapopularxix\/wp-content\/uploads\/2019\/09\/460-768x548.jpg 768w, https:\/\/www.lirapopular.cl\/lirapopularxix\/wp-content\/uploads\/2019\/09\/460.jpg 1000w\" sizes=\"auto, (max-width: 300px) 100vw, 300px\" \/><\/a><figcaption>Colecci\u00f3n Lira Popular de la Universidad de Chile<\/figcaption><\/figure><\/div>\n\n\n\n<p>Autor: Jos\u00e9 Arroyo<br>Impresor: Sin informaci\u00f3n<br>Tama\u00f1o: 37,4 x 53,2 cm<br>Clasificaci\u00f3n: 460 A778a Caja N\u00b05b<\/p>\n\n\n\n<ul class=\"wp-block-list\"><li><a href=\"https:\/\/www.lirapopular.cl\/lirapopularxix\/2019\/09\/01\/el-ajenciero-que-mato-al-padre-en-talca-ultimas-noticias\/\">El agenciero que mat\u00f3 al padre en Talca. \u00daltimas noticias<\/a><\/li><li><a href=\"https:\/\/www.lirapopular.cl\/lirapopularxix\/2019\/09\/01\/declaracion-de-los-reos-vergara-hijo-apablaza-i-meneses\/\">Declaraci\u00f3n de los reos Vergara (hijo) Apablaza y Meneses<\/a><\/li><li><a href=\"https:\/\/www.lirapopular.cl\/lirapopularxix\/2019\/09\/01\/asesinato-alevoso-del-gobernador-de-nacimiento\/\">Asesinato alevoso del gobernador de Nacimiento<\/a><\/li><li><a href=\"https:\/\/www.lirapopular.cl\/lirapopularxix\/2019\/09\/01\/diez-bandidos-se-roban-cinco-ninas-i-una-mujer-casada\/\">Diez bandidos se roban cinco ni\u00f1as y una mujer casada<\/a><\/li><li><a href=\"https:\/\/www.lirapopular.cl\/lirapopularxix\/2019\/09\/01\/el-buzon-de-la-virjen-2\/\">El buz\u00f3n de la Virjen<\/a><\/li><\/ul>\n\n\n\n<p>Nota: Este ejemplar tiene escrito a mano con l\u00e1piz rojo \u201c460\u201d<\/p>\n","protected":false},"excerpt":{"rendered":"<p>Autor: Jos\u00e9 ArroyoImpresor: Sin informaci\u00f3nTama\u00f1o: 37,4 x 53,2 cmClasificaci\u00f3n: 460 A778a Caja N\u00b05b El agenciero que mat\u00f3 al padre en Talca. \u00daltimas noticias Declaraci\u00f3n de los reos Vergara (hijo) Apablaza y Meneses Asesinato alevoso del gobernador de Nacimiento Diez bandidos se roban cinco ni\u00f1as y una mujer casada El buz\u00f3n de la Virjen Nota: Este [&hellip;]<\/p>\n","protected":false},"author":1,"featured_media":0,"parent":0,"menu_order":0,"comment_status":"closed","ping_status":"closed","template":"","meta":{"footnotes":""},"class_list":["post-2912","page","type-page","status-publish","hentry"],"jetpack_sharing_enabled":true,"_links":{"self":[{"href":"https:\/\/www.lirapopular.cl\/lirapopularxix\/wp-json\/wp\/v2\/pages\/2912","targetHints":{"allow":["GET"]}}],"collection":[{"href":"https:\/\/www.lirapopular.cl\/lirapopularxix\/wp-json\/wp\/v2\/pages"}],"about":[{"href":"https:\/\/www.lirapopular.cl\/lirapopularxix\/wp-json\/wp\/v2\/types\/page"}],"author":[{"embeddable":true,"href":"https:\/\/www.lirapopular.cl\/lirapopularxix\/wp-json\/wp\/v2\/users\/1"}],"replies":[{"embeddable":true,"href":"https:\/\/www.lirapopular.cl\/lirapopularxix\/wp-json\/wp\/v2\/comments?post=2912"}],"version-history":[{"count":0,"href":"https:\/\/www.lirapopular.cl\/lirapopularxix\/wp-json\/wp\/v2\/pages\/2912\/revisions"}],"wp:attachment":[{"href":"https:\/\/www.lirapopular.cl\/lirapopularxix\/wp-json\/wp\/v2\/media?parent=2912"}],"curies":[{"name":"wp","href":"https:\/\/api.w.org\/{rel}","templated":true}]}}