{"id":2868,"date":"2019-08-31T18:23:38","date_gmt":"2019-08-31T22:23:38","guid":{"rendered":"https:\/\/www.lirapopular.cl\/lirapopularxix\/?page_id=2868"},"modified":"2019-08-31T18:23:38","modified_gmt":"2019-08-31T22:23:38","slug":"el-roto-chileno-no1","status":"publish","type":"page","link":"https:\/\/www.lirapopular.cl\/lirapopularxix\/el-roto-chileno-no1\/","title":{"rendered":"EL ROTO CHILENO N\u00ba1"},"content":{"rendered":"\n<div class=\"wp-block-image\"><figure class=\"alignright\"><a href=\"https:\/\/www.lirapopular.cl\/lirapopularxix\/wp-content\/uploads\/2019\/08\/458.jpg\"><img loading=\"lazy\" decoding=\"async\" width=\"300\" height=\"212\" src=\"https:\/\/www.lirapopular.cl\/lirapopularxix\/wp-content\/uploads\/2019\/08\/458-300x212.jpg\" alt=\"\" class=\"wp-image-2872\" srcset=\"https:\/\/www.lirapopular.cl\/lirapopularxix\/wp-content\/uploads\/2019\/08\/458-300x212.jpg 300w, https:\/\/www.lirapopular.cl\/lirapopularxix\/wp-content\/uploads\/2019\/08\/458-768x543.jpg 768w, https:\/\/www.lirapopular.cl\/lirapopularxix\/wp-content\/uploads\/2019\/08\/458.jpg 1000w\" sizes=\"auto, (max-width: 300px) 100vw, 300px\" \/><\/a><figcaption>Colecci\u00f3n Lira Popular de la <br>Universidad de Chile<\/figcaption><\/figure><\/div>\n\n\n\n<p>Autor: Jos\u00e9 Arroyo<br>Impresor: Sin informaci\u00f3n<br>Tama\u00f1o: 37 x 53 cm<br>Clasificaci\u00f3n: 458 A778r Caja N\u00b05b y 459 A778e Caja N\u00b05<br>BN C\u00f3digo:\u00a0LO0012081<\/p>\n\n\n\n<p><strong>458<\/strong><\/p>\n\n\n\n<ul class=\"wp-block-list\"><li><a href=\"https:\/\/www.lirapopular.cl\/lirapopularxix\/2019\/08\/31\/preliminares-del-gran-dia\/\">Preliminares del gran d\u00eda<\/a><\/li><li><a href=\"https:\/\/www.lirapopular.cl\/lirapopularxix\/2019\/08\/31\/a-carlos-condell-vencedor-de-punta-gruesa-soneto\/\">A Carlos Condell, vencedor de Punta Gruesa. Soneto<\/a><\/li><li><a href=\"https:\/\/www.lirapopular.cl\/lirapopularxix\/2019\/08\/31\/heroico-combate-entre-la-esmeralda-y-el-huascar\/\">Heroico combate entra la Esmeralda y el Hu\u00e1scar <\/a><\/li><\/ul>\n\n\n\n<p><strong>459<\/strong><\/p>\n\n\n\n<div class=\"wp-block-image\"><figure class=\"alignright\"><a href=\"https:\/\/www.lirapopular.cl\/lirapopularxix\/wp-content\/uploads\/2019\/08\/459.jpg\"><img loading=\"lazy\" decoding=\"async\" width=\"300\" height=\"217\" src=\"https:\/\/www.lirapopular.cl\/lirapopularxix\/wp-content\/uploads\/2019\/08\/459-300x217.jpg\" alt=\"\" class=\"wp-image-2873\" srcset=\"https:\/\/www.lirapopular.cl\/lirapopularxix\/wp-content\/uploads\/2019\/08\/459-300x217.jpg 300w, https:\/\/www.lirapopular.cl\/lirapopularxix\/wp-content\/uploads\/2019\/08\/459-768x554.jpg 768w, https:\/\/www.lirapopular.cl\/lirapopularxix\/wp-content\/uploads\/2019\/08\/459.jpg 1000w\" sizes=\"auto, (max-width: 300px) 100vw, 300px\" \/><\/a><figcaption>Colecci\u00f3n Lira Popular de la <br>Universidad de Chile<\/figcaption><\/figure><\/div>\n\n\n\n<ul class=\"wp-block-list\"><li><a href=\"https:\/\/www.lirapopular.cl\/lirapopularxix\/2019\/08\/31\/entre-la-covadonga-y-la-independencia\/\">Entre la Covadonga y la Independencia<\/a><\/li><li><a href=\"https:\/\/www.lirapopular.cl\/lirapopularxix\/2019\/08\/31\/combate-de-iquique-2\/\">Combate de Iquique<\/a><\/li><li><a href=\"https:\/\/www.lirapopular.cl\/lirapopularxix\/2019\/08\/31\/hurra\/\">\u00a1Hurra!<\/a><\/li><li><a href=\"https:\/\/www.lirapopular.cl\/lirapopularxix\/2019\/08\/31\/cantares-4\/\">Cantares<\/a><\/li><li><a href=\"https:\/\/www.lirapopular.cl\/lirapopularxix\/2019\/08\/31\/el-tren-que-se-cayo-al-rio-cachapoal-muertos-i-heridos\/\">El tren que se cay\u00f3 al r\u00edo Cachapoal Muertos y heridos<\/a><\/li><li><a href=\"https:\/\/www.lirapopular.cl\/lirapopularxix\/2019\/08\/31\/la-senorita-que-se-enveneno-por-amor\/\">La se\u00f1orita que se envenen\u00f3 por amor<\/a><\/li><li><a href=\"https:\/\/www.lirapopular.cl\/lirapopularxix\/2019\/08\/31\/el-reo-azcurra-en-capilla\/\">El reo Azcurra en capilla<\/a><\/li><\/ul>\n\n\n\n<div class=\"wp-block-image\"><figure class=\"alignright size-medium\"><a href=\"https:\/\/www.lirapopular.cl\/lirapopularxix\/wp-content\/uploads\/2020\/06\/LO0012081.jpg\"><img loading=\"lazy\" decoding=\"async\" width=\"300\" height=\"217\" src=\"https:\/\/www.lirapopular.cl\/lirapopularxix\/wp-content\/uploads\/2020\/06\/LO0012081-300x217.jpg\" alt=\"\" class=\"wp-image-10173\" srcset=\"https:\/\/www.lirapopular.cl\/lirapopularxix\/wp-content\/uploads\/2020\/06\/LO0012081-300x217.jpg 300w, https:\/\/www.lirapopular.cl\/lirapopularxix\/wp-content\/uploads\/2020\/06\/LO0012081-768x554.jpg 768w, https:\/\/www.lirapopular.cl\/lirapopularxix\/wp-content\/uploads\/2020\/06\/LO0012081.jpg 1000w\" sizes=\"auto, (max-width: 300px) 100vw, 300px\" \/><\/a><figcaption>Archivo de Literatura Oral<br>Fondo Rodolfo Lenz<\/figcaption><\/figure><\/div>\n\n\n\n<p>Nota: Este primer ejemplar de &#8220;El roto chileno&#8221; tuvo dos tirajes diferentes.<br>El 1er ejemplar tiene escrito a mano con l\u00e1piz rojo \u201c458\u201d y &#8220;459&#8221;<br>Fueron clasificadas por la Universidad de Chile como dos ejemplares, pero son tiro y retiro de la misma publicaci\u00f3n.<br>El 2\u00ba ejemplar est\u00e1 impreso por una sola cara y tiene escrito a mano con l\u00e1piz rojo \u201c-23-\u201d, con l\u00e1piz grafito &#8220;6&#8221; y con timbre &#8220;75&#8221;.<br>Documentos optimizados digitalmente.<\/p>\n","protected":false},"excerpt":{"rendered":"<p>Autor: Jos\u00e9 ArroyoImpresor: Sin informaci\u00f3nTama\u00f1o: 37 x 53 cmClasificaci\u00f3n: 458 A778r Caja N\u00b05b y 459 A778e Caja N\u00b05BN C\u00f3digo:\u00a0LO0012081 458 Preliminares del gran d\u00eda A Carlos Condell, vencedor de Punta Gruesa. Soneto Heroico combate entra la Esmeralda y el Hu\u00e1scar 459 Entre la Covadonga y la Independencia Combate de Iquique \u00a1Hurra! Cantares El tren que [&hellip;]<\/p>\n","protected":false},"author":1,"featured_media":0,"parent":0,"menu_order":0,"comment_status":"closed","ping_status":"closed","template":"","meta":{"footnotes":""},"class_list":["post-2868","page","type-page","status-publish","hentry"],"jetpack_sharing_enabled":true,"_links":{"self":[{"href":"https:\/\/www.lirapopular.cl\/lirapopularxix\/wp-json\/wp\/v2\/pages\/2868","targetHints":{"allow":["GET"]}}],"collection":[{"href":"https:\/\/www.lirapopular.cl\/lirapopularxix\/wp-json\/wp\/v2\/pages"}],"about":[{"href":"https:\/\/www.lirapopular.cl\/lirapopularxix\/wp-json\/wp\/v2\/types\/page"}],"author":[{"embeddable":true,"href":"https:\/\/www.lirapopular.cl\/lirapopularxix\/wp-json\/wp\/v2\/users\/1"}],"replies":[{"embeddable":true,"href":"https:\/\/www.lirapopular.cl\/lirapopularxix\/wp-json\/wp\/v2\/comments?post=2868"}],"version-history":[{"count":0,"href":"https:\/\/www.lirapopular.cl\/lirapopularxix\/wp-json\/wp\/v2\/pages\/2868\/revisions"}],"wp:attachment":[{"href":"https:\/\/www.lirapopular.cl\/lirapopularxix\/wp-json\/wp\/v2\/media?parent=2868"}],"curies":[{"name":"wp","href":"https:\/\/api.w.org\/{rel}","templated":true}]}}