{"id":2848,"date":"2019-08-30T11:23:30","date_gmt":"2019-08-30T15:23:30","guid":{"rendered":"https:\/\/www.lirapopular.cl\/lirapopularxix\/?page_id=2848"},"modified":"2019-08-30T11:23:30","modified_gmt":"2019-08-30T15:23:30","slug":"el-roto-chileno-no9la-mujer-enterrada-vivapor-el-marido","status":"publish","type":"page","link":"https:\/\/www.lirapopular.cl\/lirapopularxix\/el-roto-chileno-no9la-mujer-enterrada-vivapor-el-marido\/","title":{"rendered":"EL ROTO CHILENO N\u00ba9<br>LA MUJER <BR>ENTERRADA VIVA<BR>POR EL MARIDO"},"content":{"rendered":"\n<div class=\"wp-block-image\"><figure class=\"alignright\"><a href=\"https:\/\/www.lirapopular.cl\/lirapopularxix\/wp-content\/uploads\/2019\/08\/457.jpg\"><img loading=\"lazy\" decoding=\"async\" width=\"300\" height=\"214\" src=\"https:\/\/www.lirapopular.cl\/lirapopularxix\/wp-content\/uploads\/2019\/08\/457-300x214.jpg\" alt=\"\" class=\"wp-image-2849\" srcset=\"https:\/\/www.lirapopular.cl\/lirapopularxix\/wp-content\/uploads\/2019\/08\/457-300x214.jpg 300w, https:\/\/www.lirapopular.cl\/lirapopularxix\/wp-content\/uploads\/2019\/08\/457-768x548.jpg 768w, https:\/\/www.lirapopular.cl\/lirapopularxix\/wp-content\/uploads\/2019\/08\/457.jpg 1000w\" sizes=\"auto, (max-width: 300px) 100vw, 300px\" \/><\/a><figcaption>Colecci\u00f3n Lira Popular de la Universidad de Chile<\/figcaption><\/figure><\/div>\n\n\n\n<p>Autor: Jos\u00e9 Arroyo<br>Impresor: Sin informaci\u00f3n<br>Tama\u00f1o: 33,7 x 51,6 cm<br>Clasificaci\u00f3n: 457 A778m Caja N\u00b05b<\/p>\n\n\n\n<ul class=\"wp-block-list\"><li><a href=\"https:\/\/www.lirapopular.cl\/lirapopularxix\/2019\/08\/30\/el-marido-celoso-que-enterro-viva-a-la-mujer\/\">El marido celoso que enterr\u00f3 viva a la mujer<\/a><\/li><li><a href=\"https:\/\/www.lirapopular.cl\/lirapopularxix\/2019\/08\/30\/el-nino-de-3-anos-que-mato-otro-ninito\/\">El ni\u00f1o de 3 a\u00f1os que mat\u00f3 a otro ni\u00f1ito<\/a><\/li><li><a href=\"https:\/\/www.lirapopular.cl\/lirapopularxix\/2019\/08\/30\/el-anjelito-a-lo-divino\/\">El anjelito (a lo divino)<\/a><\/li><li><a href=\"https:\/\/www.lirapopular.cl\/lirapopularxix\/2019\/08\/30\/ayes-de-amor\/\">Ayes de amor<\/a><\/li><li><a href=\"https:\/\/www.lirapopular.cl\/lirapopularxix\/2019\/08\/30\/contrapunto-entre-el-huaso-i-el-abogado\/\">Contrapunto entre el huaso y el abogado<\/a><\/li><\/ul>\n\n\n\n<p>Nota: Este ejemplar tiene escrito a mano con l\u00e1piz rojo \u201c457\u201d<\/p>\n","protected":false},"excerpt":{"rendered":"<p>Autor: Jos\u00e9 ArroyoImpresor: Sin informaci\u00f3nTama\u00f1o: 33,7 x 51,6 cmClasificaci\u00f3n: 457 A778m Caja N\u00b05b El marido celoso que enterr\u00f3 viva a la mujer El ni\u00f1o de 3 a\u00f1os que mat\u00f3 a otro ni\u00f1ito El anjelito (a lo divino) Ayes de amor Contrapunto entre el huaso y el abogado Nota: Este ejemplar tiene escrito a mano con [&hellip;]<\/p>\n","protected":false},"author":1,"featured_media":0,"parent":0,"menu_order":0,"comment_status":"closed","ping_status":"closed","template":"","meta":{"footnotes":""},"class_list":["post-2848","page","type-page","status-publish","hentry"],"jetpack_sharing_enabled":true,"_links":{"self":[{"href":"https:\/\/www.lirapopular.cl\/lirapopularxix\/wp-json\/wp\/v2\/pages\/2848","targetHints":{"allow":["GET"]}}],"collection":[{"href":"https:\/\/www.lirapopular.cl\/lirapopularxix\/wp-json\/wp\/v2\/pages"}],"about":[{"href":"https:\/\/www.lirapopular.cl\/lirapopularxix\/wp-json\/wp\/v2\/types\/page"}],"author":[{"embeddable":true,"href":"https:\/\/www.lirapopular.cl\/lirapopularxix\/wp-json\/wp\/v2\/users\/1"}],"replies":[{"embeddable":true,"href":"https:\/\/www.lirapopular.cl\/lirapopularxix\/wp-json\/wp\/v2\/comments?post=2848"}],"version-history":[{"count":0,"href":"https:\/\/www.lirapopular.cl\/lirapopularxix\/wp-json\/wp\/v2\/pages\/2848\/revisions"}],"wp:attachment":[{"href":"https:\/\/www.lirapopular.cl\/lirapopularxix\/wp-json\/wp\/v2\/media?parent=2848"}],"curies":[{"name":"wp","href":"https:\/\/api.w.org\/{rel}","templated":true}]}}