{"id":2729,"date":"2019-08-27T12:57:56","date_gmt":"2019-08-27T16:57:56","guid":{"rendered":"https:\/\/www.lirapopular.cl\/lirapopularxix\/?page_id=2729"},"modified":"2019-08-27T12:57:56","modified_gmt":"2019-08-27T16:57:56","slug":"el-combate-del-blanco-con-el-fuerte-andes","status":"publish","type":"page","link":"https:\/\/www.lirapopular.cl\/lirapopularxix\/el-combate-del-blanco-con-el-fuerte-andes\/","title":{"rendered":"EL COMBATE DEL <br>BLANCO CON EL <br>FUERTE  &#8220;ANDES&#8221;"},"content":{"rendered":"\n<div class=\"wp-block-image\"><figure class=\"alignright\"><a href=\"https:\/\/www.lirapopular.cl\/lirapopularxix\/wp-content\/uploads\/2019\/08\/831.jpg\"><img loading=\"lazy\" decoding=\"async\" width=\"300\" height=\"227\" src=\"https:\/\/www.lirapopular.cl\/lirapopularxix\/wp-content\/uploads\/2019\/08\/831-300x227.jpg\" alt=\"\" class=\"wp-image-2730\" srcset=\"https:\/\/www.lirapopular.cl\/lirapopularxix\/wp-content\/uploads\/2019\/08\/831-300x227.jpg 300w, https:\/\/www.lirapopular.cl\/lirapopularxix\/wp-content\/uploads\/2019\/08\/831-768x580.jpg 768w, https:\/\/www.lirapopular.cl\/lirapopularxix\/wp-content\/uploads\/2019\/08\/831.jpg 1000w\" sizes=\"auto, (max-width: 300px) 100vw, 300px\" \/><\/a><figcaption>Colecci\u00f3n Lira Popular de la <br>Universidad de Chile<\/figcaption><\/figure><\/div>\n\n\n\n<p>Autor: Jos\u00e9 Arroyo<br>Impresor: Sin informaci\u00f3n<br>Tama\u00f1o: 35,8 x 27,2 cm<br>Clasificaci\u00f3n: 831 A778c Caja N\u00b08a<\/p>\n\n\n\n<ul class=\"wp-block-list\"><li><a href=\"https:\/\/www.lirapopular.cl\/lirapopularxix\/2019\/08\/27\/el-combate-del-blanco-con-el-fuerte-andes\/\">El combate del Blanco con el fuerte &#8220;Andes&#8221;<\/a><\/li><li><a href=\"https:\/\/www.lirapopular.cl\/lirapopularxix\/2019\/08\/27\/envidia-o-caridad\/\">\u00bfEnvidia o caridad?<\/a><\/li><li><a href=\"https:\/\/www.lirapopular.cl\/lirapopularxix\/2019\/08\/27\/la-paloma-amorosa-2\/\">La paloma amorosa<\/a><\/li><\/ul>\n\n\n\n<p>Nota: Este ejemplar tiene escrito a mano con l\u00e1piz rojo \u201c831\u201d<br>Sobre el verso &#8220;La paloma amorosa&#8221; aparece texto manuscrito &#8220;de Garc\u00eda&#8221;.<\/p>\n","protected":false},"excerpt":{"rendered":"<p>Autor: Jos\u00e9 ArroyoImpresor: Sin informaci\u00f3nTama\u00f1o: 35,8 x 27,2 cmClasificaci\u00f3n: 831 A778c Caja N\u00b08a El combate del Blanco con el fuerte &#8220;Andes&#8221; \u00bfEnvidia o caridad? La paloma amorosa Nota: Este ejemplar tiene escrito a mano con l\u00e1piz rojo \u201c831\u201dSobre el verso &#8220;La paloma amorosa&#8221; aparece texto manuscrito &#8220;de Garc\u00eda&#8221;.<\/p>\n","protected":false},"author":1,"featured_media":0,"parent":0,"menu_order":0,"comment_status":"closed","ping_status":"closed","template":"","meta":{"footnotes":""},"class_list":["post-2729","page","type-page","status-publish","hentry"],"jetpack_sharing_enabled":true,"_links":{"self":[{"href":"https:\/\/www.lirapopular.cl\/lirapopularxix\/wp-json\/wp\/v2\/pages\/2729","targetHints":{"allow":["GET"]}}],"collection":[{"href":"https:\/\/www.lirapopular.cl\/lirapopularxix\/wp-json\/wp\/v2\/pages"}],"about":[{"href":"https:\/\/www.lirapopular.cl\/lirapopularxix\/wp-json\/wp\/v2\/types\/page"}],"author":[{"embeddable":true,"href":"https:\/\/www.lirapopular.cl\/lirapopularxix\/wp-json\/wp\/v2\/users\/1"}],"replies":[{"embeddable":true,"href":"https:\/\/www.lirapopular.cl\/lirapopularxix\/wp-json\/wp\/v2\/comments?post=2729"}],"version-history":[{"count":0,"href":"https:\/\/www.lirapopular.cl\/lirapopularxix\/wp-json\/wp\/v2\/pages\/2729\/revisions"}],"wp:attachment":[{"href":"https:\/\/www.lirapopular.cl\/lirapopularxix\/wp-json\/wp\/v2\/media?parent=2729"}],"curies":[{"name":"wp","href":"https:\/\/api.w.org\/{rel}","templated":true}]}}