{"id":27267,"date":"2022-05-05T16:50:04","date_gmt":"2022-05-05T20:50:04","guid":{"rendered":"https:\/\/www.lirapopular.cl\/lirapopularxix\/?page_id=27267"},"modified":"2022-05-05T16:50:04","modified_gmt":"2022-05-05T20:50:04","slug":"reyes-adolfo","status":"publish","type":"page","link":"https:\/\/www.lirapopular.cl\/lirapopularxix\/reyes-adolfo\/","title":{"rendered":"Adolfo Reyes"},"content":{"rendered":"\n<div class=\"wp-block-image\"><figure class=\"aligncenter size-full\"><img loading=\"lazy\" decoding=\"async\" width=\"1024\" height=\"634\" src=\"https:\/\/www.lirapopular.cl\/lirapopularxix\/wp-content\/uploads\/2022\/05\/Reyes.png\" alt=\"\" class=\"wp-image-27301\" srcset=\"https:\/\/www.lirapopular.cl\/lirapopularxix\/wp-content\/uploads\/2022\/05\/Reyes.png 1024w, https:\/\/www.lirapopular.cl\/lirapopularxix\/wp-content\/uploads\/2022\/05\/Reyes-300x186.png 300w, https:\/\/www.lirapopular.cl\/lirapopularxix\/wp-content\/uploads\/2022\/05\/Reyes-768x476.png 768w\" sizes=\"auto, (max-width: 1024px) 100vw, 1024px\" \/><\/figure><\/div>\n\n\n\n<figure class=\"wp-block-table is-style-stripes\"><table><tbody><tr><td>mujer<\/td><td>221<\/td><\/tr><tr><td>muerte<\/td><td>203<\/td><\/tr><tr><td>jente<\/td><td>197<\/td><\/tr><tr><td>cruel<\/td><td>172<\/td><\/tr><tr><td>amor<\/td><td>156<\/td><\/tr><tr><td>crimen<\/td><td>152<\/td><\/tr><tr><td>suceso<\/td><td>150<\/td><\/tr><tr><td>momento<\/td><td>143<\/td><\/tr><tr><td>triste<\/td><td>141<\/td><\/tr><tr><td>lector<\/td><td>139<\/td><\/tr><tr><td>calle<\/td><td>138<\/td><\/tr><tr><td>hombre<\/td><td>135<\/td><\/tr><tr><td>ni\u00f1a<\/td><td>133<\/td><\/tr><tr><td>adios<\/td><td>130<\/td><\/tr><tr><td>suerte<\/td><td>124<\/td><\/tr><tr><td>causa<\/td><td>121<\/td><\/tr><tr><td>pobre<\/td><td>120<\/td><\/tr><tr><td>dios<\/td><td>119<\/td><\/tr><tr><td>instante<\/td><td>118<\/td><\/tr><tr><td>pueblo<\/td><td>117<\/td><\/tr><tr><td>reo<\/td><td>117<\/td><\/tr><tr><td>siendo<\/td><td>113<\/td><\/tr><tr><td>corazon<\/td><td>112<\/td><\/tr><tr><td>se\u00f1ores<\/td><td>111<\/td><\/tr><tr><td>vida<\/td><td>110<\/td><\/tr><tr><td>cr\u00edmen<\/td><td>106<\/td><\/tr><tr><td>dir\u00e9<\/td><td>104<\/td><\/tr><tr><td>casa<\/td><td>103<\/td><\/tr><tr><td>delito<\/td><td>103<\/td><\/tr><tr><td>pena<\/td><td>103<\/td><\/tr><tr><td>razon<\/td><td>100<\/td><\/tr><tr><td>diario<\/td><td>99<\/td><\/tr><tr><td>t\u00ed<\/td><td>96<\/td><\/tr><tr><td>sali\u00f3<\/td><td>94<\/td><\/tr><tr><td>hora<\/td><td>91<\/td><\/tr><tr><td>padre<\/td><td>90<\/td><\/tr><tr><td>alma<\/td><td>89<\/td><\/tr><tr><td>fatal<\/td><td>89<\/td><\/tr><tr><td>noche<\/td><td>89<\/td><\/tr><tr><td>presto<\/td><td>89<\/td><\/tr><tr><td>bella<\/td><td>87<\/td><\/tr><tr><td>criminal<\/td><td>87<\/td><\/tr><tr><td>juez<\/td><td>87<\/td><\/tr><tr><td>lectores<\/td><td>86<\/td><\/tr><tr><td>Chile<\/td><td>85<\/td><\/tr><tr><td>estoi<\/td><td>85<\/td><\/tr><tr><td>horrible<\/td><td>85<\/td><\/tr><tr><td>cierto<\/td><td>83<\/td><\/tr><tr><td>pronto<\/td><td>83<\/td><\/tr><tr><td>vi\u00f3<\/td><td>82<\/td><\/tr><tr><td>marido<\/td><td>81<\/td><\/tr><tr><td>dar\u00e9<\/td><td>79<\/td><\/tr><tr><td>grande<\/td><td>79<\/td><\/tr><tr><td>mundo<\/td><td>78<\/td><\/tr><tr><td>terrible<\/td><td>78<\/td><\/tr><\/tbody><\/table><\/figure>\n","protected":false},"excerpt":{"rendered":"<p>mujer 221 muerte 203 jente 197 cruel 172 amor 156 crimen 152 suceso 150 momento 143 triste 141 lector 139 calle 138 hombre 135 ni\u00f1a 133 adios 130 suerte 124 causa 121 pobre 120 dios 119 instante 118 pueblo 117 reo 117 siendo 113 corazon 112 se\u00f1ores 111 vida 110 cr\u00edmen 106 dir\u00e9 104 casa [&hellip;]<\/p>\n","protected":false},"author":1,"featured_media":0,"parent":0,"menu_order":0,"comment_status":"closed","ping_status":"closed","template":"","meta":{"footnotes":""},"class_list":["post-27267","page","type-page","status-publish","hentry"],"jetpack_sharing_enabled":true,"_links":{"self":[{"href":"https:\/\/www.lirapopular.cl\/lirapopularxix\/wp-json\/wp\/v2\/pages\/27267","targetHints":{"allow":["GET"]}}],"collection":[{"href":"https:\/\/www.lirapopular.cl\/lirapopularxix\/wp-json\/wp\/v2\/pages"}],"about":[{"href":"https:\/\/www.lirapopular.cl\/lirapopularxix\/wp-json\/wp\/v2\/types\/page"}],"author":[{"embeddable":true,"href":"https:\/\/www.lirapopular.cl\/lirapopularxix\/wp-json\/wp\/v2\/users\/1"}],"replies":[{"embeddable":true,"href":"https:\/\/www.lirapopular.cl\/lirapopularxix\/wp-json\/wp\/v2\/comments?post=27267"}],"version-history":[{"count":0,"href":"https:\/\/www.lirapopular.cl\/lirapopularxix\/wp-json\/wp\/v2\/pages\/27267\/revisions"}],"wp:attachment":[{"href":"https:\/\/www.lirapopular.cl\/lirapopularxix\/wp-json\/wp\/v2\/media?parent=27267"}],"curies":[{"name":"wp","href":"https:\/\/api.w.org\/{rel}","templated":true}]}}