{"id":27241,"date":"2022-05-05T16:14:31","date_gmt":"2022-05-05T20:14:31","guid":{"rendered":"https:\/\/www.lirapopular.cl\/lirapopularxix\/?page_id=27241"},"modified":"2022-05-05T16:14:31","modified_gmt":"2022-05-05T20:14:31","slug":"todos-2","status":"publish","type":"page","link":"https:\/\/www.lirapopular.cl\/lirapopularxix\/todos-2\/","title":{"rendered":"Mapas de palabras: Todos los autores"},"content":{"rendered":"\n<p id=\"block-03ebd51f-779e-49d2-8a47-0d5bf1a0f97f\">Los mapas de palabras permiten ver la frecuencia de t\u00e9rminos relevantes usados en los versos y analizar tendencia de ideas.<\/p>\n\n\n\n<p id=\"block-495acb4d-e310-4684-8a5b-4f417ca7732e\">Presentamos a continuaci\u00f3n las palabras m\u00e1s utilizadas en el total de los documentos transcritos tanto en forma de gr\u00e1fico como en forma de texto y adem\u00e1s hemos seleccionados mapas individuales de los poetas con m\u00e1s publicaciones.<\/p>\n\n\n\n<p id=\"block-b56d8bdf-29b3-447d-a5e1-2e215487b686\">&#8220;Todos&#8221; se refiere al total de transcripciones en un per\u00edodo amplio de tiempo (aproximadamente 1879-1945) es interesante compararlo con autores individuales que publicaron en etapas de tiempo m\u00e1s breves.<\/p>\n\n\n\n<p id=\"block-a812db19-f608-4173-9383-ccf5fab0f881\">Se incluye tambi\u00e9n la producci\u00f3n de R\u00f3mulo Larra\u00f1aga (R\u00f3lak) sin olvidar que esta contiene gran cantidad de versos de otros autores.<\/p>\n\n\n\n<div class=\"wp-block-image\"><figure class=\"aligncenter size-full\"><img loading=\"lazy\" decoding=\"async\" width=\"1024\" height=\"634\" src=\"https:\/\/www.lirapopular.cl\/lirapopularxix\/wp-content\/uploads\/2022\/05\/Todos-1.png\" alt=\"\" class=\"wp-image-27281\" srcset=\"https:\/\/www.lirapopular.cl\/lirapopularxix\/wp-content\/uploads\/2022\/05\/Todos-1.png 1024w, https:\/\/www.lirapopular.cl\/lirapopularxix\/wp-content\/uploads\/2022\/05\/Todos-1-300x186.png 300w, https:\/\/www.lirapopular.cl\/lirapopularxix\/wp-content\/uploads\/2022\/05\/Todos-1-768x476.png 768w\" sizes=\"auto, (max-width: 1024px) 100vw, 1024px\" \/><\/figure><\/div>\n\n\n\n<figure class=\"wp-block-table is-style-stripes\"><table><tbody><tr><td>dios<\/td><td>2180<\/td><\/tr><tr><td>muerte<\/td><td>2064<\/td><\/tr><tr><td>hombre<\/td><td>1917<\/td><\/tr><tr><td>amor<\/td><td>1889<\/td><\/tr><tr><td>pueblo<\/td><td>1850<\/td><\/tr><tr><td>mujer<\/td><td>1660<\/td><\/tr><tr><td>vida<\/td><td>1638<\/td><\/tr><tr><td>jente<\/td><td>1634<\/td><\/tr><tr><td>mundo<\/td><td>1397<\/td><\/tr><tr><td>Chile<\/td><td>1366<\/td><\/tr><tr><td>pobre<\/td><td>1352<\/td><\/tr><tr><td>se\u00f1or<\/td><td>1332<\/td><\/tr><tr><td>momento<\/td><td>1262<\/td><\/tr><tr><td>corazon<\/td><td>1170<\/td><\/tr><tr><td>triste<\/td><td>1165<\/td><\/tr><tr><td>pena<\/td><td>1128<\/td><\/tr><tr><td>casa<\/td><td>1054<\/td><\/tr><tr><td>madre<\/td><td>1054<\/td><\/tr><tr><td>alma<\/td><td>1022<\/td><\/tr><tr><td>padre<\/td><td>998<\/td><\/tr><tr><td>noche<\/td><td>985<\/td><\/tr><tr><td>suerte<\/td><td>985<\/td><\/tr><tr><td>cielo<\/td><td>983<\/td><\/tr><tr><td>hijo<\/td><td>978<\/td><\/tr><tr><td>tiempo<\/td><td>917<\/td><\/tr><tr><td>calle<\/td><td>909<\/td><\/tr><tr><td>tierra<\/td><td>904<\/td><\/tr><tr><td>don<\/td><td>903<\/td><\/tr><tr><td>cruel<\/td><td>902<\/td><\/tr><tr><td>crimen<\/td><td>883<\/td><\/tr><tr><td>verdad<\/td><td>874<\/td><\/tr><tr><td>san<\/td><td>873<\/td><\/tr><tr><td>mano<\/td><td>857<\/td><\/tr><tr><td>adios<\/td><td>855<\/td><\/tr><tr><td>aquella<\/td><td>854<\/td><\/tr><tr><td>se\u00f1ores<\/td><td>851<\/td><\/tr><tr><td>viva<\/td><td>849<\/td><\/tr><tr><td>causa<\/td><td>835<\/td><\/tr><tr><td>pronto<\/td><td>824<\/td><\/tr><tr><td>morir<\/td><td>823<\/td><\/tr><tr><td>estoi<\/td><td>811<\/td><\/tr><tr><td>t\u00ed<\/td><td>810<\/td><\/tr><tr><td>vi\u00f3<\/td><td>805<\/td><\/tr><tr><td>razon<\/td><td>791<\/td><\/tr><tr><td>mil<\/td><td>787<\/td><\/tr><tr><td>ni\u00f1a<\/td><td>785<\/td><\/tr><tr><td>grande<\/td><td>770<\/td><\/tr><tr><td>quiero<\/td><td>757<\/td><\/tr><tr><td>siendo<\/td><td>752<\/td><\/tr><tr><td>dir\u00e9<\/td><td>751<\/td><\/tr><\/tbody><\/table><\/figure>\n","protected":false},"excerpt":{"rendered":"<p>Los mapas de palabras permiten ver la frecuencia de t\u00e9rminos relevantes usados en los versos y analizar tendencia de ideas. Presentamos a continuaci\u00f3n las palabras m\u00e1s utilizadas en el total de los documentos transcritos tanto en forma de gr\u00e1fico como en forma de texto y adem\u00e1s hemos seleccionados mapas individuales de los poetas con m\u00e1s [&hellip;]<\/p>\n","protected":false},"author":1,"featured_media":0,"parent":0,"menu_order":0,"comment_status":"closed","ping_status":"closed","template":"","meta":{"footnotes":""},"class_list":["post-27241","page","type-page","status-publish","hentry"],"jetpack_sharing_enabled":true,"_links":{"self":[{"href":"https:\/\/www.lirapopular.cl\/lirapopularxix\/wp-json\/wp\/v2\/pages\/27241","targetHints":{"allow":["GET"]}}],"collection":[{"href":"https:\/\/www.lirapopular.cl\/lirapopularxix\/wp-json\/wp\/v2\/pages"}],"about":[{"href":"https:\/\/www.lirapopular.cl\/lirapopularxix\/wp-json\/wp\/v2\/types\/page"}],"author":[{"embeddable":true,"href":"https:\/\/www.lirapopular.cl\/lirapopularxix\/wp-json\/wp\/v2\/users\/1"}],"replies":[{"embeddable":true,"href":"https:\/\/www.lirapopular.cl\/lirapopularxix\/wp-json\/wp\/v2\/comments?post=27241"}],"version-history":[{"count":0,"href":"https:\/\/www.lirapopular.cl\/lirapopularxix\/wp-json\/wp\/v2\/pages\/27241\/revisions"}],"wp:attachment":[{"href":"https:\/\/www.lirapopular.cl\/lirapopularxix\/wp-json\/wp\/v2\/media?parent=27241"}],"curies":[{"name":"wp","href":"https:\/\/api.w.org\/{rel}","templated":true}]}}