{"id":27223,"date":"2022-05-05T15:54:48","date_gmt":"2022-05-05T19:54:48","guid":{"rendered":"https:\/\/www.lirapopular.cl\/lirapopularxix\/?page_id=27223"},"modified":"2022-05-05T15:54:48","modified_gmt":"2022-05-05T19:54:48","slug":"mapas-de-palabras","status":"publish","type":"page","link":"https:\/\/www.lirapopular.cl\/lirapopularxix\/mapas-de-palabras\/","title":{"rendered":"Mapas de Palabras"},"content":{"rendered":"\n<p>Los mapas de palabras permiten ver la frecuencia de t\u00e9rminos relevantes usados en los versos y analizar tendencia de ideas.<\/p>\n\n\n\n<p>Presentamos a continuaci\u00f3n las palabras m\u00e1s utilizadas en el total de los documentos transcritos tanto en forma de gr\u00e1fico como en forma de texto y adem\u00e1s hemos seleccionados mapas individuales de los poetas con m\u00e1s publicaciones.<\/p>\n\n\n\n<p>&#8220;Todos&#8221; se refiere al total de transcripciones en un per\u00edodo amplio de tiempo (aproximadamente 1879-1945) es interesante compararlo con autores individuales que publicaron en etapas de tiempo m\u00e1s breves.<\/p>\n\n\n\n<p>Se incluye tambi\u00e9n la producci\u00f3n de R\u00f3mulo Larra\u00f1aga (R\u00f3lak) sin olvidar que esta contiene gran cantidad de versos de otros autores.<\/p>\n","protected":false},"excerpt":{"rendered":"<p>Los mapas de palabras permiten ver la frecuencia de t\u00e9rminos relevantes usados en los versos y analizar tendencia de ideas. Presentamos a continuaci\u00f3n las palabras m\u00e1s utilizadas en el total de los documentos transcritos tanto en forma de gr\u00e1fico como en forma de texto y adem\u00e1s hemos seleccionados mapas individuales de los poetas con m\u00e1s [&hellip;]<\/p>\n","protected":false},"author":1,"featured_media":0,"parent":0,"menu_order":0,"comment_status":"closed","ping_status":"closed","template":"","meta":{"footnotes":""},"class_list":["post-27223","page","type-page","status-publish","hentry"],"jetpack_sharing_enabled":true,"_links":{"self":[{"href":"https:\/\/www.lirapopular.cl\/lirapopularxix\/wp-json\/wp\/v2\/pages\/27223","targetHints":{"allow":["GET"]}}],"collection":[{"href":"https:\/\/www.lirapopular.cl\/lirapopularxix\/wp-json\/wp\/v2\/pages"}],"about":[{"href":"https:\/\/www.lirapopular.cl\/lirapopularxix\/wp-json\/wp\/v2\/types\/page"}],"author":[{"embeddable":true,"href":"https:\/\/www.lirapopular.cl\/lirapopularxix\/wp-json\/wp\/v2\/users\/1"}],"replies":[{"embeddable":true,"href":"https:\/\/www.lirapopular.cl\/lirapopularxix\/wp-json\/wp\/v2\/comments?post=27223"}],"version-history":[{"count":0,"href":"https:\/\/www.lirapopular.cl\/lirapopularxix\/wp-json\/wp\/v2\/pages\/27223\/revisions"}],"wp:attachment":[{"href":"https:\/\/www.lirapopular.cl\/lirapopularxix\/wp-json\/wp\/v2\/media?parent=27223"}],"curies":[{"name":"wp","href":"https:\/\/api.w.org\/{rel}","templated":true}]}}