{"id":26944,"date":"2021-11-24T10:51:36","date_gmt":"2021-11-24T14:51:36","guid":{"rendered":"https:\/\/www.lirapopular.cl\/lirapopularxix\/?page_id=26944"},"modified":"2021-11-24T10:51:36","modified_gmt":"2021-11-24T14:51:36","slug":"zamacuecas-politicas","status":"publish","type":"page","link":"https:\/\/www.lirapopular.cl\/lirapopularxix\/zamacuecas-politicas\/","title":{"rendered":"ZAMACUECAS POLITICAS"},"content":{"rendered":"\n<div class=\"wp-block-image is-style-default\"><figure class=\"alignright size-medium\"><a href=\"https:\/\/www.lirapopular.cl\/lirapopularxix\/wp-content\/uploads\/2021\/11\/LO0012308.jpg\"><img loading=\"lazy\" decoding=\"async\" width=\"277\" height=\"300\" src=\"https:\/\/www.lirapopular.cl\/lirapopularxix\/wp-content\/uploads\/2021\/11\/LO0012308-277x300.jpg\" alt=\"\" class=\"wp-image-26945\" srcset=\"https:\/\/www.lirapopular.cl\/lirapopularxix\/wp-content\/uploads\/2021\/11\/LO0012308-277x300.jpg 277w, https:\/\/www.lirapopular.cl\/lirapopularxix\/wp-content\/uploads\/2021\/11\/LO0012308-768x833.jpg 768w, https:\/\/www.lirapopular.cl\/lirapopularxix\/wp-content\/uploads\/2021\/11\/LO0012308.jpg 922w\" sizes=\"auto, (max-width: 277px) 100vw, 277px\" \/><\/a><figcaption>Archivo de Literatura Oral<br \/>Fondo Rodolfo Lenz<\/figcaption><\/figure><\/div>\n\n\n\n<p>Autor: An\u00f3nimo.<br \/>Impresor: Imp. Moneda 1102.<br \/>Tama\u00f1o: 20 x 19 cm<br \/>Clasificaci\u00f3n: BN C\u00f3digo:\u00a0LO0012308<\/p>\n\n\n\n<ul class=\"wp-block-list\"><li><a href=\"https:\/\/www.lirapopular.cl\/lirapopularxix\/2021\/11\/24\/i\/\">I<\/a><\/li><li><a href=\"https:\/\/www.lirapopular.cl\/lirapopularxix\/2021\/11\/24\/ii\/\">II<\/a><\/li><li><a href=\"https:\/\/www.lirapopular.cl\/lirapopularxix\/2021\/11\/24\/iii\/\">III<\/a><\/li><li><a href=\"https:\/\/www.lirapopular.cl\/lirapopularxix\/2021\/11\/24\/iv\/\">IV<\/a><\/li><\/ul>\n\n\n\n<p>Nota: Este ejemplar tiene escrito a mano con l\u00e1piz rojo \u201c-16-\u201d, con grafito &#8220;1901&#8221; y con un timbre &#8220;398&#8221;. <br \/>Dos correcciones manuscritas: &#8220;su&#8221;, &#8220;le&#8221; en zamacueca IV.<br \/>Documento optimizado digitalmente.<\/p>\n","protected":false},"excerpt":{"rendered":"<p>Autor: An\u00f3nimo.Impresor: Imp. Moneda 1102.Tama\u00f1o: 20 x 19 cmClasificaci\u00f3n: BN C\u00f3digo:\u00a0LO0012308 I II III IV Nota: Este ejemplar tiene escrito a mano con l\u00e1piz rojo \u201c-16-\u201d, con grafito &#8220;1901&#8221; y con un timbre &#8220;398&#8221;. Dos correcciones manuscritas: &#8220;su&#8221;, &#8220;le&#8221; en zamacueca IV.Documento optimizado digitalmente.<\/p>\n","protected":false},"author":1,"featured_media":0,"parent":0,"menu_order":0,"comment_status":"closed","ping_status":"closed","template":"","meta":{"footnotes":""},"class_list":["post-26944","page","type-page","status-publish","hentry"],"jetpack_sharing_enabled":true,"_links":{"self":[{"href":"https:\/\/www.lirapopular.cl\/lirapopularxix\/wp-json\/wp\/v2\/pages\/26944","targetHints":{"allow":["GET"]}}],"collection":[{"href":"https:\/\/www.lirapopular.cl\/lirapopularxix\/wp-json\/wp\/v2\/pages"}],"about":[{"href":"https:\/\/www.lirapopular.cl\/lirapopularxix\/wp-json\/wp\/v2\/types\/page"}],"author":[{"embeddable":true,"href":"https:\/\/www.lirapopular.cl\/lirapopularxix\/wp-json\/wp\/v2\/users\/1"}],"replies":[{"embeddable":true,"href":"https:\/\/www.lirapopular.cl\/lirapopularxix\/wp-json\/wp\/v2\/comments?post=26944"}],"version-history":[{"count":0,"href":"https:\/\/www.lirapopular.cl\/lirapopularxix\/wp-json\/wp\/v2\/pages\/26944\/revisions"}],"wp:attachment":[{"href":"https:\/\/www.lirapopular.cl\/lirapopularxix\/wp-json\/wp\/v2\/media?parent=26944"}],"curies":[{"name":"wp","href":"https:\/\/api.w.org\/{rel}","templated":true}]}}