{"id":26928,"date":"2021-11-24T10:06:52","date_gmt":"2021-11-24T14:06:52","guid":{"rendered":"https:\/\/www.lirapopular.cl\/lirapopularxix\/?page_id=26928"},"modified":"2021-11-24T10:06:52","modified_gmt":"2021-11-24T14:06:52","slug":"versos-populares-de-raimundo-navarro-3","status":"publish","type":"page","link":"https:\/\/www.lirapopular.cl\/lirapopularxix\/versos-populares-de-raimundo-navarro-3\/","title":{"rendered":"VERSOS POPULARES <br>de Raimundo Navarro Flores, Poeta Popular Campesino"},"content":{"rendered":"\n<div class=\"wp-block-image is-style-default\"><figure class=\"alignright size-medium\"><a href=\"https:\/\/www.lirapopular.cl\/lirapopularxix\/wp-content\/uploads\/2021\/11\/LO0012002.jpg\"><img loading=\"lazy\" decoding=\"async\" width=\"216\" height=\"300\" src=\"https:\/\/www.lirapopular.cl\/lirapopularxix\/wp-content\/uploads\/2021\/11\/LO0012002-216x300.jpg\" alt=\"\" class=\"wp-image-26933\" srcset=\"https:\/\/www.lirapopular.cl\/lirapopularxix\/wp-content\/uploads\/2021\/11\/LO0012002-216x300.jpg 216w, https:\/\/www.lirapopular.cl\/lirapopularxix\/wp-content\/uploads\/2021\/11\/LO0012002.jpg 719w\" sizes=\"auto, (max-width: 216px) 100vw, 216px\" \/><\/a><figcaption>Archivo de Literatura Oral<br \/>Fondo Rodolfo Lenz<\/figcaption><\/figure><\/div>\n\n\n\n<p>Autor: Raimundo Navarro Flores.<br \/>Impresor: Sin informaci\u00f3n<br \/>Tama\u00f1o: 39 x 28 cm<br \/>Clasificaci\u00f3n: BN C\u00f3digo:\u00a0LO0012002<\/p>\n\n\n\n<ul class=\"wp-block-list\"><li><a href=\"https:\/\/www.lirapopular.cl\/lirapopularxix\/2021\/11\/24\/biblico\/\">Biblico<\/a><\/li><li><a href=\"https:\/\/www.lirapopular.cl\/lirapopularxix\/2021\/11\/24\/historico\/\">Hist\u00f3rico<\/a><\/li><li><a href=\"https:\/\/www.lirapopular.cl\/lirapopularxix\/2021\/11\/24\/el-crimen-que-sucedioen-la-quinta-de-maipo\/\">El crimen que sucedi\u00f3 en la quinta de Maipo<\/a><\/li><li><a href=\"https:\/\/www.lirapopular.cl\/lirapopularxix\/2021\/11\/24\/verso-alhumano-literatoredondilla\/\">Verso al humano Literato (redondilla)<\/a><\/li><\/ul>\n\n\n\n<p>Nota: Creemos que este autor est\u00e1 por error dentro del Fondo Rodolfo Lenz ya que Navarro public\u00f3 en el diario <em>El Siglo<\/em> en la d\u00e9cada del &#8217;50, el documento est\u00e1 compuesto en linotipia.<br \/>Este ejemplar tiene escrito a mano con l\u00e1piz rojo \u201c-2-\u201d .<br \/>Documento optimizado digitalmente.<\/p>\n","protected":false},"excerpt":{"rendered":"<p>Autor: Raimundo Navarro Flores.Impresor: Sin informaci\u00f3nTama\u00f1o: 39 x 28 cmClasificaci\u00f3n: BN C\u00f3digo:\u00a0LO0012002 Biblico Hist\u00f3rico El crimen que sucedi\u00f3 en la quinta de Maipo Verso al humano Literato (redondilla) Nota: Creemos que este autor est\u00e1 por error dentro del Fondo Rodolfo Lenz ya que Navarro public\u00f3 en el diario El Siglo en la d\u00e9cada del &#8217;50, [&hellip;]<\/p>\n","protected":false},"author":1,"featured_media":0,"parent":0,"menu_order":0,"comment_status":"closed","ping_status":"closed","template":"","meta":{"footnotes":""},"class_list":["post-26928","page","type-page","status-publish","hentry"],"jetpack_sharing_enabled":true,"_links":{"self":[{"href":"https:\/\/www.lirapopular.cl\/lirapopularxix\/wp-json\/wp\/v2\/pages\/26928","targetHints":{"allow":["GET"]}}],"collection":[{"href":"https:\/\/www.lirapopular.cl\/lirapopularxix\/wp-json\/wp\/v2\/pages"}],"about":[{"href":"https:\/\/www.lirapopular.cl\/lirapopularxix\/wp-json\/wp\/v2\/types\/page"}],"author":[{"embeddable":true,"href":"https:\/\/www.lirapopular.cl\/lirapopularxix\/wp-json\/wp\/v2\/users\/1"}],"replies":[{"embeddable":true,"href":"https:\/\/www.lirapopular.cl\/lirapopularxix\/wp-json\/wp\/v2\/comments?post=26928"}],"version-history":[{"count":0,"href":"https:\/\/www.lirapopular.cl\/lirapopularxix\/wp-json\/wp\/v2\/pages\/26928\/revisions"}],"wp:attachment":[{"href":"https:\/\/www.lirapopular.cl\/lirapopularxix\/wp-json\/wp\/v2\/media?parent=26928"}],"curies":[{"name":"wp","href":"https:\/\/api.w.org\/{rel}","templated":true}]}}