{"id":26908,"date":"2021-11-24T09:37:20","date_gmt":"2021-11-24T13:37:20","guid":{"rendered":"https:\/\/www.lirapopular.cl\/lirapopularxix\/?page_id=26908"},"modified":"2021-11-24T09:37:20","modified_gmt":"2021-11-24T13:37:20","slug":"versos-populares-de-raimundo-navarro-2","status":"publish","type":"page","link":"https:\/\/www.lirapopular.cl\/lirapopularxix\/versos-populares-de-raimundo-navarro-2\/","title":{"rendered":"Versos Populares <br>DE RAIMUNDO NAVARRO FLORES, POETA POPULAR DE SANTIAGO"},"content":{"rendered":"\n<div class=\"wp-block-image is-style-default\"><figure class=\"alignright size-medium\"><a href=\"https:\/\/www.lirapopular.cl\/lirapopularxix\/wp-content\/uploads\/2021\/11\/LO0012003.jpg\"><img loading=\"lazy\" decoding=\"async\" width=\"212\" height=\"300\" src=\"https:\/\/www.lirapopular.cl\/lirapopularxix\/wp-content\/uploads\/2021\/11\/LO0012003-212x300.jpg\" alt=\"\" class=\"wp-image-26912\" srcset=\"https:\/\/www.lirapopular.cl\/lirapopularxix\/wp-content\/uploads\/2021\/11\/LO0012003-212x300.jpg 212w, https:\/\/www.lirapopular.cl\/lirapopularxix\/wp-content\/uploads\/2021\/11\/LO0012003.jpg 706w\" sizes=\"auto, (max-width: 212px) 100vw, 212px\" \/><\/a><figcaption>Archivo de Literatura Oral<br \/>Fondo Rodolfo Lenz<\/figcaption><\/figure><\/div>\n\n\n\n<p>Autor: Raimundo Navarro Flores.<br \/>Impresor: Sin informaci\u00f3n<br \/>Tama\u00f1o: 39 x 28 cm<br \/>Clasificaci\u00f3n: BN C\u00f3digo:\u00a0LO0012003<\/p>\n\n\n\n<ul class=\"wp-block-list\"><li><a href=\"https:\/\/www.lirapopular.cl\/lirapopularxix\/2021\/11\/24\/todos-los-chilenosquieren-a-los-minerosdel-carbon\/\">Todos los chilenos quieren a los mineros del carb\u00f3n<\/a><\/li><li><a href=\"https:\/\/www.lirapopular.cl\/lirapopularxix\/2021\/11\/24\/no-es-mujer-y-sinembargo-todosla-quieren\/\">No es mujer, y sin embargo, todos la quieren<\/a><\/li><li><a href=\"https:\/\/www.lirapopular.cl\/lirapopularxix\/2021\/11\/24\/hay-que-echar-a-losgringos-del-teniente\/\">Hay que echar a los gringos del Teniente<\/a><\/li><li><a href=\"https:\/\/www.lirapopular.cl\/lirapopularxix\/2021\/11\/24\/lo-que-me-ocurrio-conuna-mujercita-coquetay-mezquina\/\">Lo que me ocurri\u00f3 con una mujercita coqueta y mezquina<\/a><\/li><\/ul>\n\n\n\n<p>Nota: Creemos que este autor est\u00e1 por error dentro del Fondo Rodolfo Lenz ya que Navarro public\u00f3 en el diario <em>El Siglo<\/em> en la d\u00e9cada del &#8217;50, el documento est\u00e1 compuesto en linotipia.<br \/>Este ejemplar tiene escrito a mano con l\u00e1piz rojo \u201c-3-\u201d .<br \/>Documento optimizado digitalmente.<\/p>\n","protected":false},"excerpt":{"rendered":"<p>Autor: Raimundo Navarro Flores.Impresor: Sin informaci\u00f3nTama\u00f1o: 39 x 28 cmClasificaci\u00f3n: BN C\u00f3digo:\u00a0LO0012003 Todos los chilenos quieren a los mineros del carb\u00f3n No es mujer, y sin embargo, todos la quieren Hay que echar a los gringos del Teniente Lo que me ocurri\u00f3 con una mujercita coqueta y mezquina Nota: Creemos que este autor est\u00e1 por [&hellip;]<\/p>\n","protected":false},"author":1,"featured_media":0,"parent":0,"menu_order":0,"comment_status":"closed","ping_status":"closed","template":"","meta":{"footnotes":""},"class_list":["post-26908","page","type-page","status-publish","hentry"],"jetpack_sharing_enabled":true,"_links":{"self":[{"href":"https:\/\/www.lirapopular.cl\/lirapopularxix\/wp-json\/wp\/v2\/pages\/26908","targetHints":{"allow":["GET"]}}],"collection":[{"href":"https:\/\/www.lirapopular.cl\/lirapopularxix\/wp-json\/wp\/v2\/pages"}],"about":[{"href":"https:\/\/www.lirapopular.cl\/lirapopularxix\/wp-json\/wp\/v2\/types\/page"}],"author":[{"embeddable":true,"href":"https:\/\/www.lirapopular.cl\/lirapopularxix\/wp-json\/wp\/v2\/users\/1"}],"replies":[{"embeddable":true,"href":"https:\/\/www.lirapopular.cl\/lirapopularxix\/wp-json\/wp\/v2\/comments?post=26908"}],"version-history":[{"count":0,"href":"https:\/\/www.lirapopular.cl\/lirapopularxix\/wp-json\/wp\/v2\/pages\/26908\/revisions"}],"wp:attachment":[{"href":"https:\/\/www.lirapopular.cl\/lirapopularxix\/wp-json\/wp\/v2\/media?parent=26908"}],"curies":[{"name":"wp","href":"https:\/\/api.w.org\/{rel}","templated":true}]}}