{"id":26869,"date":"2021-11-23T17:59:15","date_gmt":"2021-11-23T21:59:15","guid":{"rendered":"https:\/\/www.lirapopular.cl\/lirapopularxix\/?page_id=26869"},"modified":"2021-11-23T17:59:15","modified_gmt":"2021-11-23T21:59:15","slug":"versos-nuevos-de-la-presente-ruina","status":"publish","type":"page","link":"https:\/\/www.lirapopular.cl\/lirapopularxix\/versos-nuevos-de-la-presente-ruina\/","title":{"rendered":"VERSOS NUEVOS <br>DE LA PRESENTE RUINA"},"content":{"rendered":"\n<div class=\"wp-block-image is-style-default\"><figure class=\"alignright size-medium\"><a href=\"https:\/\/www.lirapopular.cl\/lirapopularxix\/wp-content\/uploads\/2021\/11\/LO0012285.jpg\"><img loading=\"lazy\" decoding=\"async\" width=\"229\" height=\"300\" src=\"https:\/\/www.lirapopular.cl\/lirapopularxix\/wp-content\/uploads\/2021\/11\/LO0012285-229x300.jpg\" alt=\"\" class=\"wp-image-26872\" srcset=\"https:\/\/www.lirapopular.cl\/lirapopularxix\/wp-content\/uploads\/2021\/11\/LO0012285-229x300.jpg 229w, https:\/\/www.lirapopular.cl\/lirapopularxix\/wp-content\/uploads\/2021\/11\/LO0012285.jpg 762w\" sizes=\"auto, (max-width: 229px) 100vw, 229px\" \/><\/a><figcaption>Archivo de Literatura Oral<br \/>Fondo Rodolfo Lenz<\/figcaption><\/figure><\/div>\n\n\n\n<p>Autor: Gregorio Sarzosa.<br \/>Impresor: Imp. Comercial de E. Sagalerva.\u2014 Concepci\u00f3n.<br \/>Tama\u00f1o: 50 x 39 cm<br \/>Clasificaci\u00f3n: BN C\u00f3digo:\u00a0LO0012285<\/p>\n\n\n\n<ul class=\"wp-block-list\"><li><a href=\"https:\/\/www.lirapopular.cl\/lirapopularxix\/2021\/11\/23\/la-presente-ruina\/\">La presente ruina<\/a><\/li><li><a href=\"https:\/\/www.lirapopular.cl\/lirapopularxix\/2021\/11\/23\/versos-de-la-inundaciondel-bio-bio\/\">Versos de la inundacion del B\u00edo-B\u00edo<\/a><\/li><li><a href=\"https:\/\/www.lirapopular.cl\/lirapopularxix\/2021\/11\/23\/versos-de-amistadde-chile-con-la-arjentina\/\">Versos de amistad de Chile con la Argentina<\/a><\/li><li><a href=\"https:\/\/www.lirapopular.cl\/lirapopularxix\/2021\/11\/23\/la-desgraciada-beatriz\/\">La desgraciada Beatriz<\/a><\/li><li><a href=\"https:\/\/www.lirapopular.cl\/lirapopularxix\/2021\/11\/23\/versos-del-temblor-y-susresultados\/\">Versos del temblor y sus resultados<\/a><\/li><li><a href=\"https:\/\/www.lirapopular.cl\/lirapopularxix\/2021\/11\/23\/sobre-las-olas-2\/\">Sobre las olas<\/a><\/li><\/ul>\n\n\n\n<p>Nota: El documento refiere el temblor del 1 de agosto de 1899 en Concepci\u00f3n.<br \/>Este ejemplar tiene escrito a mano con l\u00e1piz rojo \u201c-23-\u201d. Por el reverso sobre una etiqueta &#8220;22&#8221;, con grafito tachado &#8220;1898&#8221;, sin tachar &#8220;1899&#8221; y con un timbre &#8220;327&#8221;.<br \/>Documento optimizado digitalmente.<\/p>\n","protected":false},"excerpt":{"rendered":"<p>Autor: Gregorio Sarzosa.Impresor: Imp. Comercial de E. Sagalerva.\u2014 Concepci\u00f3n.Tama\u00f1o: 50 x 39 cmClasificaci\u00f3n: BN C\u00f3digo:\u00a0LO0012285 La presente ruina Versos de la inundacion del B\u00edo-B\u00edo Versos de amistad de Chile con la Argentina La desgraciada Beatriz Versos del temblor y sus resultados Sobre las olas Nota: El documento refiere el temblor del 1 de agosto de [&hellip;]<\/p>\n","protected":false},"author":1,"featured_media":0,"parent":0,"menu_order":0,"comment_status":"closed","ping_status":"closed","template":"","meta":{"footnotes":""},"class_list":["post-26869","page","type-page","status-publish","hentry"],"jetpack_sharing_enabled":true,"_links":{"self":[{"href":"https:\/\/www.lirapopular.cl\/lirapopularxix\/wp-json\/wp\/v2\/pages\/26869","targetHints":{"allow":["GET"]}}],"collection":[{"href":"https:\/\/www.lirapopular.cl\/lirapopularxix\/wp-json\/wp\/v2\/pages"}],"about":[{"href":"https:\/\/www.lirapopular.cl\/lirapopularxix\/wp-json\/wp\/v2\/types\/page"}],"author":[{"embeddable":true,"href":"https:\/\/www.lirapopular.cl\/lirapopularxix\/wp-json\/wp\/v2\/users\/1"}],"replies":[{"embeddable":true,"href":"https:\/\/www.lirapopular.cl\/lirapopularxix\/wp-json\/wp\/v2\/comments?post=26869"}],"version-history":[{"count":0,"href":"https:\/\/www.lirapopular.cl\/lirapopularxix\/wp-json\/wp\/v2\/pages\/26869\/revisions"}],"wp:attachment":[{"href":"https:\/\/www.lirapopular.cl\/lirapopularxix\/wp-json\/wp\/v2\/media?parent=26869"}],"curies":[{"name":"wp","href":"https:\/\/api.w.org\/{rel}","templated":true}]}}