{"id":26801,"date":"2021-11-23T10:16:36","date_gmt":"2021-11-23T14:16:36","guid":{"rendered":"https:\/\/www.lirapopular.cl\/lirapopularxix\/?page_id=26801"},"modified":"2021-11-23T10:16:36","modified_gmt":"2021-11-23T14:16:36","slug":"suplemento-la-lira-popular","status":"publish","type":"page","link":"https:\/\/www.lirapopular.cl\/lirapopularxix\/suplemento-la-lira-popular\/","title":{"rendered":"SUPLEMENTO <br>LA LIRA POPULAR"},"content":{"rendered":"\n<div class=\"wp-block-image is-style-default\"><figure class=\"alignright size-medium\"><a href=\"https:\/\/www.lirapopular.cl\/lirapopularxix\/wp-content\/uploads\/2021\/11\/LO0012119.jpg\"><img decoding=\"async\" src=\"https:\/\/www.lirapopular.cl\/lirapopularxix\/wp-content\/uploads\/2021\/11\/LO0012119-208x300.jpg\" alt=\"\" class=\"wp-image-26805\"\/><\/a><figcaption>Archivo de Literatura Oral<br \/>Fondo Rodolfo Lenz<\/figcaption><\/figure><\/div>\n\n\n\n<p>Autor: Juan Bautista Peralta. Chacabuco 33 A. Quien proh\u00edbe la reimpresi\u00f3n de estos versos por haber inscrito la propiedad intelectual bajo en N\u00ba 236 del registro correspondiente.<br \/>Impresor: Imp. \u201cLa Nueva Rep\u00fablica\u201d. Av Matta 930.<br \/>Tama\u00f1o: 54 x 39 cm<br \/>Clasificaci\u00f3n: BN C\u00f3digo:\u00a0LO0012119<\/p>\n\n\n\n<ul class=\"wp-block-list\"><li><a href=\"https:\/\/www.lirapopular.cl\/lirapopularxix\/2021\/11\/23\/juanito-el-pollo-flacoy-toda-su-banda-en-la-carcel\/\">&#8220;Juanito&#8221; el Pollo Flaco y toda su banda en la carcel\u2026<\/a><\/li><li><a href=\"https:\/\/www.lirapopular.cl\/lirapopularxix\/2021\/11\/23\/sobre-la-macabra-historia-de-asesinatos-y-salteos-cometidos-en-los-campos-de-melipilla\/\">Sobre la macabra historia de asesinatos y salteos cometidos en los campos de Melipilla\u2026<\/a><\/li><li><a href=\"https:\/\/www.lirapopular.cl\/lirapopularxix\/2021\/11\/23\/en-visperadel-combate\/\">En v\u00edspera del combate\u2026<\/a><\/li><li><a href=\"https:\/\/www.lirapopular.cl\/lirapopularxix\/2021\/11\/23\/las-incidenciasde-tacna-y-arica\/\">Las incidencias de Tacna y Arica<\/a><\/li><li><a href=\"https:\/\/www.lirapopular.cl\/lirapopularxix\/2021\/11\/23\/hermoso-triunfode-chile\/\">Hermoso triunfo de Chile<\/a><\/li><li><a href=\"https:\/\/www.lirapopular.cl\/lirapopularxix\/2021\/11\/23\/proximo-fusilamientode-felipe-valdes-gonzalez\/\">Pr\u00f3ximo fusilamiento de Felipe Vald\u00e9s Gonz\u00e1lez<\/a><\/li><\/ul>\n\n\n\n<p>Bajada de t\u00edtulo: &#8220;Precio 20 cts.<br \/>En la zona plebiscitaria. Choques sangrientos entre peruanos y chilenos. Chile se ha puesto los pantalones y \u00bfentregar\u00e1 Tacna y Arica a Bolivi. Parece que no se va a poder\u2026\u2026 El triunfo de Chile es indiscutible. Y la historia macabra de Juanito y el Pollo Flaco<br \/>El Le\u00f3n triunfar\u00e1 en Tacna, Arica y el Morro. \u00a1Viva Chile!<br \/>Nota: Este ejemplar tiene escrito a mano con l\u00e1piz rojo \u201c-27-\u201d, con grafito &#8220;20\/4\/1926&#8221; y con un timbre &#8220;393&#8221;.<br \/>Documento optimizado digitalmente.<\/p>\n","protected":false},"excerpt":{"rendered":"<p>Autor: Juan Bautista Peralta. Chacabuco 33 A. Quien proh\u00edbe la reimpresi\u00f3n de estos versos por haber inscrito la propiedad intelectual bajo en N\u00ba 236 del registro correspondiente.Impresor: Imp. \u201cLa Nueva Rep\u00fablica\u201d. Av Matta 930.Tama\u00f1o: 54 x 39 cmClasificaci\u00f3n: BN C\u00f3digo:\u00a0LO0012119 &#8220;Juanito&#8221; el Pollo Flaco y toda su banda en la carcel\u2026 Sobre la macabra historia [&hellip;]<\/p>\n","protected":false},"author":1,"featured_media":0,"parent":0,"menu_order":0,"comment_status":"closed","ping_status":"closed","template":"","meta":{"footnotes":""},"class_list":["post-26801","page","type-page","status-publish","hentry"],"jetpack_sharing_enabled":true,"_links":{"self":[{"href":"https:\/\/www.lirapopular.cl\/lirapopularxix\/wp-json\/wp\/v2\/pages\/26801","targetHints":{"allow":["GET"]}}],"collection":[{"href":"https:\/\/www.lirapopular.cl\/lirapopularxix\/wp-json\/wp\/v2\/pages"}],"about":[{"href":"https:\/\/www.lirapopular.cl\/lirapopularxix\/wp-json\/wp\/v2\/types\/page"}],"author":[{"embeddable":true,"href":"https:\/\/www.lirapopular.cl\/lirapopularxix\/wp-json\/wp\/v2\/users\/1"}],"replies":[{"embeddable":true,"href":"https:\/\/www.lirapopular.cl\/lirapopularxix\/wp-json\/wp\/v2\/comments?post=26801"}],"version-history":[{"count":0,"href":"https:\/\/www.lirapopular.cl\/lirapopularxix\/wp-json\/wp\/v2\/pages\/26801\/revisions"}],"wp:attachment":[{"href":"https:\/\/www.lirapopular.cl\/lirapopularxix\/wp-json\/wp\/v2\/media?parent=26801"}],"curies":[{"name":"wp","href":"https:\/\/api.w.org\/{rel}","templated":true}]}}