{"id":26769,"date":"2021-11-22T21:29:53","date_gmt":"2021-11-23T01:29:53","guid":{"rendered":"https:\/\/www.lirapopular.cl\/lirapopularxix\/?page_id=26769"},"modified":"2021-11-22T21:29:53","modified_gmt":"2021-11-23T01:29:53","slug":"retrato-de-un-prisionero-del-huascar-rendido-en-angamos","status":"publish","type":"page","link":"https:\/\/www.lirapopular.cl\/lirapopularxix\/retrato-de-un-prisionero-del-huascar-rendido-en-angamos\/","title":{"rendered":"RETRATO DE UN PRISIONERO <br>del \u201cHu\u00e1scar\u201d rendido en ANGAMOS"},"content":{"rendered":"\n<div class=\"wp-block-image is-style-default\"><figure class=\"alignright size-medium\"><a href=\"https:\/\/www.lirapopular.cl\/lirapopularxix\/wp-content\/uploads\/2021\/11\/LO0012275.jpg\"><img loading=\"lazy\" decoding=\"async\" width=\"145\" height=\"300\" src=\"https:\/\/www.lirapopular.cl\/lirapopularxix\/wp-content\/uploads\/2021\/11\/LO0012275-145x300.jpg\" alt=\"\" class=\"wp-image-26773\" srcset=\"https:\/\/www.lirapopular.cl\/lirapopularxix\/wp-content\/uploads\/2021\/11\/LO0012275-145x300.jpg 145w, https:\/\/www.lirapopular.cl\/lirapopularxix\/wp-content\/uploads\/2021\/11\/LO0012275.jpg 484w\" sizes=\"auto, (max-width: 145px) 100vw, 145px\" \/><\/a><figcaption>Archivo de Literatura Oral<br \/>Fondo Rodolfo Lenz<\/figcaption><\/figure><\/div>\n\n\n\n<p>Autor: El ciego Acu\u00f1a.<br \/>Impresor: Sin informaci\u00f3n<br \/>Tama\u00f1o: 34 x 16 cm<br \/>Clasificaci\u00f3n: BN C\u00f3digo:&nbsp;LO0012275<\/p>\n\n\n\n<ul class=\"wp-block-list\"><li><a href=\"https:\/\/www.lirapopular.cl\/lirapopularxix\/2021\/11\/22\/retrato-de-un-prisionerodel-huascarrendido-enangamos\/\">Retrato de un prisionero del \u201cHu\u00e1scar\u201d rendido en Angamos<\/a><\/li><li><a href=\"https:\/\/www.lirapopular.cl\/lirapopularxix\/2021\/11\/22\/las-limenasy-el-cholo-prado-cele-brando-la-toma-depisagua\/\">Las lime\u00f1as y el cholo Prado celebrando la toma de Pisagua<\/a><\/li><\/ul>\n\n\n\n<p>Nota: Este ejemplar tiene escrito a mano con l\u00e1piz rojo \u201c-13-\u201d.<br \/>Documento optimizado digitalmente.<br \/>Noviembre 1879. <em>Dataci\u00f3n de las liras populares de la Colecci\u00f3n Lenz<\/em>. Carolina Tapia.<\/p>\n","protected":false},"excerpt":{"rendered":"<p>Autor: El ciego Acu\u00f1a.Impresor: Sin informaci\u00f3nTama\u00f1o: 34 x 16 cmClasificaci\u00f3n: BN C\u00f3digo:&nbsp;LO0012275 Retrato de un prisionero del \u201cHu\u00e1scar\u201d rendido en Angamos Las lime\u00f1as y el cholo Prado celebrando la toma de Pisagua Nota: Este ejemplar tiene escrito a mano con l\u00e1piz rojo \u201c-13-\u201d.Documento optimizado digitalmente.Noviembre 1879. Dataci\u00f3n de las liras populares de la Colecci\u00f3n Lenz. [&hellip;]<\/p>\n","protected":false},"author":1,"featured_media":0,"parent":0,"menu_order":0,"comment_status":"closed","ping_status":"closed","template":"","meta":{"footnotes":""},"class_list":["post-26769","page","type-page","status-publish","hentry"],"jetpack_sharing_enabled":true,"_links":{"self":[{"href":"https:\/\/www.lirapopular.cl\/lirapopularxix\/wp-json\/wp\/v2\/pages\/26769","targetHints":{"allow":["GET"]}}],"collection":[{"href":"https:\/\/www.lirapopular.cl\/lirapopularxix\/wp-json\/wp\/v2\/pages"}],"about":[{"href":"https:\/\/www.lirapopular.cl\/lirapopularxix\/wp-json\/wp\/v2\/types\/page"}],"author":[{"embeddable":true,"href":"https:\/\/www.lirapopular.cl\/lirapopularxix\/wp-json\/wp\/v2\/users\/1"}],"replies":[{"embeddable":true,"href":"https:\/\/www.lirapopular.cl\/lirapopularxix\/wp-json\/wp\/v2\/comments?post=26769"}],"version-history":[{"count":0,"href":"https:\/\/www.lirapopular.cl\/lirapopularxix\/wp-json\/wp\/v2\/pages\/26769\/revisions"}],"wp:attachment":[{"href":"https:\/\/www.lirapopular.cl\/lirapopularxix\/wp-json\/wp\/v2\/media?parent=26769"}],"curies":[{"name":"wp","href":"https:\/\/api.w.org\/{rel}","templated":true}]}}