{"id":2672,"date":"2019-08-25T15:56:00","date_gmt":"2019-08-25T19:56:00","guid":{"rendered":"https:\/\/www.lirapopular.cl\/lirapopularxix\/?page_id=2672"},"modified":"2019-08-25T15:56:00","modified_gmt":"2019-08-25T19:56:00","slug":"el-hombre-rabioso-que-destripo-a-su-mujer-i-murio-a-palos","status":"publish","type":"page","link":"https:\/\/www.lirapopular.cl\/lirapopularxix\/el-hombre-rabioso-que-destripo-a-su-mujer-i-murio-a-palos\/","title":{"rendered":"EL HOMBRE RABIOSO <BR>QUE DESTRIP\u00d3 A SU MUJER <BR> I MURIO A PALOS"},"content":{"rendered":"\n<div class=\"wp-block-image\"><figure class=\"alignright\"><a href=\"https:\/\/www.lirapopular.cl\/lirapopularxix\/wp-content\/uploads\/2019\/08\/794.jpg\"><img loading=\"lazy\" decoding=\"async\" width=\"300\" height=\"224\" src=\"https:\/\/www.lirapopular.cl\/lirapopularxix\/wp-content\/uploads\/2019\/08\/794-300x224.jpg\" alt=\"\" class=\"wp-image-2674\" srcset=\"https:\/\/www.lirapopular.cl\/lirapopularxix\/wp-content\/uploads\/2019\/08\/794-300x224.jpg 300w, https:\/\/www.lirapopular.cl\/lirapopularxix\/wp-content\/uploads\/2019\/08\/794-768x572.jpg 768w, https:\/\/www.lirapopular.cl\/lirapopularxix\/wp-content\/uploads\/2019\/08\/794.jpg 1000w\" sizes=\"auto, (max-width: 300px) 100vw, 300px\" \/><\/a><figcaption>Colecci\u00f3n Lira Popular de la <br>Universidad de Chile<\/figcaption><\/figure><\/div>\n\n\n\n<p>Autor: Jos\u00e9 Arroyo<br>Impresor: Sin informaci\u00f3n<br>Tama\u00f1o: 27,8 x 37,2 cm<br>Clasificaci\u00f3n: 794 R774h Caja N\u00b06a<\/p>\n\n\n\n<ul class=\"wp-block-list\"><li><a href=\"https:\/\/www.lirapopular.cl\/lirapopularxix\/2019\/08\/25\/el-hombre-rabioso-que-destripo-a-su-mujer-i-murio-a-palos\/\">El hombre rabioso que destrip\u00f3 a su mujer y muri\u00f3 a palos<\/a><\/li><li><a href=\"https:\/\/www.lirapopular.cl\/lirapopularxix\/2019\/08\/25\/las-cintas-lacres-i-azules\/\">Las cintas lacres y azules<\/a><\/li><li><a href=\"https:\/\/www.lirapopular.cl\/lirapopularxix\/2019\/08\/25\/tonadas\/\">Tonadas<\/a><\/li><li><a href=\"https:\/\/www.lirapopular.cl\/lirapopularxix\/2019\/08\/25\/los-polvos\/\">\u00a1Los polvos!<\/a><\/li><\/ul>\n\n\n\n<p>Nota: Este ejemplar tiene escrito a mano con l\u00e1piz rojo \u201c794\u201d<br>Sobre &#8220;Tonadas&#8221; aparece texto manuscrito: &#8220;de Hernandez arjentino&#8221;.<\/p>\n","protected":false},"excerpt":{"rendered":"<p>Autor: Jos\u00e9 ArroyoImpresor: Sin informaci\u00f3nTama\u00f1o: 27,8 x 37,2 cmClasificaci\u00f3n: 794 R774h Caja N\u00b06a El hombre rabioso que destrip\u00f3 a su mujer y muri\u00f3 a palos Las cintas lacres y azules Tonadas \u00a1Los polvos! Nota: Este ejemplar tiene escrito a mano con l\u00e1piz rojo \u201c794\u201dSobre &#8220;Tonadas&#8221; aparece texto manuscrito: &#8220;de Hernandez arjentino&#8221;.<\/p>\n","protected":false},"author":1,"featured_media":0,"parent":0,"menu_order":0,"comment_status":"closed","ping_status":"closed","template":"","meta":{"footnotes":""},"class_list":["post-2672","page","type-page","status-publish","hentry"],"jetpack_sharing_enabled":true,"_links":{"self":[{"href":"https:\/\/www.lirapopular.cl\/lirapopularxix\/wp-json\/wp\/v2\/pages\/2672","targetHints":{"allow":["GET"]}}],"collection":[{"href":"https:\/\/www.lirapopular.cl\/lirapopularxix\/wp-json\/wp\/v2\/pages"}],"about":[{"href":"https:\/\/www.lirapopular.cl\/lirapopularxix\/wp-json\/wp\/v2\/types\/page"}],"author":[{"embeddable":true,"href":"https:\/\/www.lirapopular.cl\/lirapopularxix\/wp-json\/wp\/v2\/users\/1"}],"replies":[{"embeddable":true,"href":"https:\/\/www.lirapopular.cl\/lirapopularxix\/wp-json\/wp\/v2\/comments?post=2672"}],"version-history":[{"count":0,"href":"https:\/\/www.lirapopular.cl\/lirapopularxix\/wp-json\/wp\/v2\/pages\/2672\/revisions"}],"wp:attachment":[{"href":"https:\/\/www.lirapopular.cl\/lirapopularxix\/wp-json\/wp\/v2\/media?parent=2672"}],"curies":[{"name":"wp","href":"https:\/\/api.w.org\/{rel}","templated":true}]}}