{"id":26713,"date":"2021-11-21T17:36:55","date_gmt":"2021-11-21T21:36:55","guid":{"rendered":"https:\/\/www.lirapopular.cl\/lirapopularxix\/?page_id=26713"},"modified":"2021-11-21T17:36:55","modified_gmt":"2021-11-21T21:36:55","slug":"los-sucesos-del-dia","status":"publish","type":"page","link":"https:\/\/www.lirapopular.cl\/lirapopularxix\/los-sucesos-del-dia\/","title":{"rendered":"Los Sucesos del d\u00eda"},"content":{"rendered":"\n<div class=\"wp-block-image is-style-default\"><figure class=\"alignright size-medium\"><a href=\"https:\/\/www.lirapopular.cl\/lirapopularxix\/wp-content\/uploads\/2021\/11\/LO0012287.jpg\"><img loading=\"lazy\" decoding=\"async\" width=\"208\" height=\"300\" src=\"https:\/\/www.lirapopular.cl\/lirapopularxix\/wp-content\/uploads\/2021\/11\/LO0012287-208x300.jpg\" alt=\"\" class=\"wp-image-26716\" srcset=\"https:\/\/www.lirapopular.cl\/lirapopularxix\/wp-content\/uploads\/2021\/11\/LO0012287-208x300.jpg 208w, https:\/\/www.lirapopular.cl\/lirapopularxix\/wp-content\/uploads\/2021\/11\/LO0012287.jpg 694w\" sizes=\"auto, (max-width: 208px) 100vw, 208px\" \/><\/a><figcaption>Archivo de Literatura Oral<br \/>Fondo Rodolfo Lenz<\/figcaption><\/figure><\/div>\n\n\n\n<p>Autor: Jos\u00e9 R. Espinosa. Poeta Nacional<br \/>Impresor: Imp. Franklin \u2014 Plaza Almagro 1138 \u2014 Santiago<br \/>Tama\u00f1o: 55 x 39 cm<br \/>Clasificaci\u00f3n: BN C\u00f3digo:\u00a0LO0012287<\/p>\n\n\n\n<ul class=\"wp-block-list\"><li><a href=\"https:\/\/www.lirapopular.cl\/lirapopularxix\/2021\/11\/22\/contrapunto-de-un-ganan-con-un-futre\/\">Contrapunto de un ga\u00f1\u00e1n con un futre<\/a><\/li><li><a href=\"https:\/\/www.lirapopular.cl\/lirapopularxix\/2021\/11\/22\/lamentaciones-de-britoestando-en-capilla\/\">Lamentaciones de Brito estando en capilla<\/a><\/li><li><a href=\"https:\/\/www.lirapopular.cl\/lirapopularxix\/2021\/11\/22\/ecos-del-fusilamientode-brito-en-quillota\/\">Ecos del fusilamiento de Brito en Quillota<\/a><\/li><li><a href=\"https:\/\/www.lirapopular.cl\/lirapopularxix\/2021\/11\/22\/terrible-i-horrorosa-ca-tastrofe-en-las-minasdel-teniente-muchos-muertos\/\">Terrible y horrorosa cat\u00e1strofe en las minas del Teniente. Muchos muertos<\/a><\/li><li><a href=\"https:\/\/www.lirapopular.cl\/lirapopularxix\/2021\/11\/22\/nuevos-datos-del-sinies-tro-ferroviario-cercade-quella-i-parral\/\">Nuevos datos del siniestro ferroviario cerca de Quella y Parral<\/a><\/li><\/ul>\n\n\n\n<p>Pie de p\u00e1gina: Jos\u00e9 R. Espinosa, autor Poeta nacional.\u2014Prohibo la reimpresi\u00f3n de mis versos \u00f3 de alguna pare de ellos sin mi permiso. Hago grandes descuentos por mayor, en Curic\u00f3, A. Prat N\u00ba 113 o en esta Imprenta. Desde el 18 de Setiembre de mil novecientos doce, valdr\u00e1 20 cts, el ejemplar.<\/p>\n\n\n\n<p>Nota: Este ejemplar tiene escrito a mano con l\u00e1piz rojo \u201c-25-\u201d, con azul &#8221; comprado el 24. VII. 1912 en los Guindos&#8221; y con un timbre &#8220;348&#8221;.<br \/>Documento optimizado digitalmente.<\/p>\n","protected":false},"excerpt":{"rendered":"<p>Autor: Jos\u00e9 R. Espinosa. Poeta NacionalImpresor: Imp. Franklin \u2014 Plaza Almagro 1138 \u2014 SantiagoTama\u00f1o: 55 x 39 cmClasificaci\u00f3n: BN C\u00f3digo:\u00a0LO0012287 Contrapunto de un ga\u00f1\u00e1n con un futre Lamentaciones de Brito estando en capilla Ecos del fusilamiento de Brito en Quillota Terrible y horrorosa cat\u00e1strofe en las minas del Teniente. Muchos muertos Nuevos datos del siniestro [&hellip;]<\/p>\n","protected":false},"author":1,"featured_media":0,"parent":0,"menu_order":0,"comment_status":"closed","ping_status":"closed","template":"","meta":{"footnotes":""},"class_list":["post-26713","page","type-page","status-publish","hentry"],"jetpack_sharing_enabled":true,"_links":{"self":[{"href":"https:\/\/www.lirapopular.cl\/lirapopularxix\/wp-json\/wp\/v2\/pages\/26713","targetHints":{"allow":["GET"]}}],"collection":[{"href":"https:\/\/www.lirapopular.cl\/lirapopularxix\/wp-json\/wp\/v2\/pages"}],"about":[{"href":"https:\/\/www.lirapopular.cl\/lirapopularxix\/wp-json\/wp\/v2\/types\/page"}],"author":[{"embeddable":true,"href":"https:\/\/www.lirapopular.cl\/lirapopularxix\/wp-json\/wp\/v2\/users\/1"}],"replies":[{"embeddable":true,"href":"https:\/\/www.lirapopular.cl\/lirapopularxix\/wp-json\/wp\/v2\/comments?post=26713"}],"version-history":[{"count":0,"href":"https:\/\/www.lirapopular.cl\/lirapopularxix\/wp-json\/wp\/v2\/pages\/26713\/revisions"}],"wp:attachment":[{"href":"https:\/\/www.lirapopular.cl\/lirapopularxix\/wp-json\/wp\/v2\/media?parent=26713"}],"curies":[{"name":"wp","href":"https:\/\/api.w.org\/{rel}","templated":true}]}}