{"id":26683,"date":"2021-11-21T16:16:15","date_gmt":"2021-11-21T20:16:15","guid":{"rendered":"https:\/\/www.lirapopular.cl\/lirapopularxix\/?page_id=26683"},"modified":"2021-11-21T16:16:15","modified_gmt":"2021-11-21T20:16:15","slug":"lira-chilena-2","status":"publish","type":"page","link":"https:\/\/www.lirapopular.cl\/lirapopularxix\/lira-chilena-2\/","title":{"rendered":"Lira Chilena"},"content":{"rendered":"\n<div class=\"wp-block-image is-style-default\"><figure class=\"alignright size-medium\"><a href=\"https:\/\/www.lirapopular.cl\/lirapopularxix\/wp-content\/uploads\/2021\/11\/LO0012299.jpg\"><img loading=\"lazy\" decoding=\"async\" width=\"209\" height=\"300\" src=\"https:\/\/www.lirapopular.cl\/lirapopularxix\/wp-content\/uploads\/2021\/11\/LO0012299-209x300.jpg\" alt=\"\" class=\"wp-image-26687\" srcset=\"https:\/\/www.lirapopular.cl\/lirapopularxix\/wp-content\/uploads\/2021\/11\/LO0012299-209x300.jpg 209w, https:\/\/www.lirapopular.cl\/lirapopularxix\/wp-content\/uploads\/2021\/11\/LO0012299.jpg 695w\" sizes=\"auto, (max-width: 209px) 100vw, 209px\" \/><\/a><figcaption>Archivo de Literatura Oral<br \/>Fondo Rodolfo Lenz<\/figcaption><\/figure><\/div>\n\n\n\n<p>Autor: An\u00f3nimo.<br \/>Impresor: Imp. Varela Conferencia 966<br \/>Tama\u00f1o: 39 x 27 cm<br \/>Clasificaci\u00f3n: BN C\u00f3digo:\u00a0LO0012299<\/p>\n\n\n\n<ul class=\"wp-block-list\"><li><a href=\"https:\/\/www.lirapopular.cl\/lirapopularxix\/2021\/11\/21\/el-conato-de-re-vuelta-en-santiagomuchos-muertos-y-heridos\/\">El conato de revuelta en Santiago. Muchos muertos y heridos<\/a><\/li><li><a href=\"https:\/\/www.lirapopular.cl\/lirapopularxix\/2021\/11\/21\/actualidadverso-de-pesar-a-los-caidosen-los-sucesos-del-5-stbre\/\">Actualidad. Verso de pesar a los ca\u00eddos en los sucesos del 5 Stbre.<\/a><\/li><li><a href=\"https:\/\/www.lirapopular.cl\/lirapopularxix\/2021\/11\/21\/el-hambre-en-rancaguaun-hombre-se-ahorco-por-notener-como-dar-que-comer-asus-hijos\/\">El hambre en Rancagua. Un hombre se ahorc\u00f3 por no tener como dar de comer a sus hijos<\/a><\/li><li><a href=\"https:\/\/www.lirapopular.cl\/lirapopularxix\/2021\/11\/21\/un-hijo-mata-a-la-madre-deuna-punalada\/\">Un hijo mata a la madre de una pu\u00f1alada<\/a><\/li><\/ul>\n\n\n\n<p>Nota: Bajada t\u00edtulo: \u201c(Se prohibe la reimpresion de estos versos) Precio: 0 20 Cts.&#8221;<br \/>El documento narra hechos de septiembre de 1938.<br \/>Este ejemplar tiene escrito a mano con l\u00e1piz rojo \u201c-7-\u201d.<br \/>Documento optimizado digitalmente.<\/p>\n","protected":false},"excerpt":{"rendered":"<p>Autor: An\u00f3nimo.Impresor: Imp. Varela Conferencia 966Tama\u00f1o: 39 x 27 cmClasificaci\u00f3n: BN C\u00f3digo:\u00a0LO0012299 El conato de revuelta en Santiago. Muchos muertos y heridos Actualidad. Verso de pesar a los ca\u00eddos en los sucesos del 5 Stbre. El hambre en Rancagua. Un hombre se ahorc\u00f3 por no tener como dar de comer a sus hijos Un hijo [&hellip;]<\/p>\n","protected":false},"author":1,"featured_media":0,"parent":0,"menu_order":0,"comment_status":"closed","ping_status":"closed","template":"","meta":{"footnotes":""},"class_list":["post-26683","page","type-page","status-publish","hentry"],"jetpack_sharing_enabled":true,"_links":{"self":[{"href":"https:\/\/www.lirapopular.cl\/lirapopularxix\/wp-json\/wp\/v2\/pages\/26683","targetHints":{"allow":["GET"]}}],"collection":[{"href":"https:\/\/www.lirapopular.cl\/lirapopularxix\/wp-json\/wp\/v2\/pages"}],"about":[{"href":"https:\/\/www.lirapopular.cl\/lirapopularxix\/wp-json\/wp\/v2\/types\/page"}],"author":[{"embeddable":true,"href":"https:\/\/www.lirapopular.cl\/lirapopularxix\/wp-json\/wp\/v2\/users\/1"}],"replies":[{"embeddable":true,"href":"https:\/\/www.lirapopular.cl\/lirapopularxix\/wp-json\/wp\/v2\/comments?post=26683"}],"version-history":[{"count":0,"href":"https:\/\/www.lirapopular.cl\/lirapopularxix\/wp-json\/wp\/v2\/pages\/26683\/revisions"}],"wp:attachment":[{"href":"https:\/\/www.lirapopular.cl\/lirapopularxix\/wp-json\/wp\/v2\/media?parent=26683"}],"curies":[{"name":"wp","href":"https:\/\/api.w.org\/{rel}","templated":true}]}}