{"id":26665,"date":"2021-11-21T14:34:39","date_gmt":"2021-11-21T18:34:39","guid":{"rendered":"https:\/\/www.lirapopular.cl\/lirapopularxix\/?page_id=26665"},"modified":"2021-11-21T14:34:39","modified_gmt":"2021-11-21T18:34:39","slug":"lira-chilena","status":"publish","type":"page","link":"https:\/\/www.lirapopular.cl\/lirapopularxix\/lira-chilena\/","title":{"rendered":"Lira Chilena <br>EL TRIUNFO DE LA IZQUIERDA CHILENA"},"content":{"rendered":"\n<div class=\"wp-block-image is-style-default\"><figure class=\"alignright size-medium\"><a href=\"https:\/\/www.lirapopular.cl\/lirapopularxix\/wp-content\/uploads\/2021\/11\/LO0012309.jpg\"><img loading=\"lazy\" decoding=\"async\" width=\"205\" height=\"300\" src=\"https:\/\/www.lirapopular.cl\/lirapopularxix\/wp-content\/uploads\/2021\/11\/LO0012309-205x300.jpg\" alt=\"\" class=\"wp-image-26670\" srcset=\"https:\/\/www.lirapopular.cl\/lirapopularxix\/wp-content\/uploads\/2021\/11\/LO0012309-205x300.jpg 205w, https:\/\/www.lirapopular.cl\/lirapopularxix\/wp-content\/uploads\/2021\/11\/LO0012309.jpg 684w\" sizes=\"auto, (max-width: 205px) 100vw, 205px\" \/><\/a><figcaption>Archivo de Literatura Oral<br \/>Fondo Rodolfo Lenz<\/figcaption><\/figure><\/div>\n\n\n\n<p>Autor: An\u00f3nimo.<br \/>Impresor: Sin informaci\u00f3n<br \/>Tama\u00f1o: 40 x 27 cm<br \/>Clasificaci\u00f3n: BN C\u00f3digo:\u00a0LO0012309<\/p>\n\n\n\n<ul class=\"wp-block-list\"><li><a href=\"https:\/\/www.lirapopular.cl\/lirapopularxix\/2021\/11\/21\/el-triunfo-de-la-izquierda-chilena\/\">El triunfo de la izquierda chilena<\/a><\/li><li><a href=\"https:\/\/www.lirapopular.cl\/lirapopularxix\/2021\/11\/21\/honor-a-losvencedores\/\">Honor a los vencedores<\/a><\/li><li><a href=\"https:\/\/www.lirapopular.cl\/lirapopularxix\/2021\/11\/21\/el-nuevo-presidentey-sus-cualidades\/\">El nuevo Presidente y sus cualidades<\/a><\/li><li><a href=\"https:\/\/www.lirapopular.cl\/lirapopularxix\/2021\/11\/21\/un-yerno-que-mata-a-susuegra\/\">Un yerno que mata a su suegra<\/a><\/li><\/ul>\n\n\n\n<p>Nota: Bajada t\u00edtulo: \u201c(Se prohibe la reimpresi\u00f2n de estos versos) Precio: 0 20 Cts.&#8221;<br \/>Este ejemplar tiene escrito a mano con l\u00e1piz rojo \u201c-17-\u201d, con azul &#8220;16&#8221; y tres timbres: &#8220;VISITACION DE IMPRENTAS Y BIBLIOTECAS NOV 17 1938 DEP\u00d3SITO LEGAL&#8221; &#8220;SECCION CONTROL Y CATALOGACION BIBLIOTECA NACIONAL&#8221; (dos veces)<br \/>Documento optimizado digitalmente.<\/p>\n","protected":false},"excerpt":{"rendered":"<p>Autor: An\u00f3nimo.Impresor: Sin informaci\u00f3nTama\u00f1o: 40 x 27 cmClasificaci\u00f3n: BN C\u00f3digo:\u00a0LO0012309 El triunfo de la izquierda chilena Honor a los vencedores El nuevo Presidente y sus cualidades Un yerno que mata a su suegra Nota: Bajada t\u00edtulo: \u201c(Se prohibe la reimpresi\u00f2n de estos versos) Precio: 0 20 Cts.&#8221;Este ejemplar tiene escrito a mano con l\u00e1piz rojo [&hellip;]<\/p>\n","protected":false},"author":1,"featured_media":0,"parent":0,"menu_order":0,"comment_status":"closed","ping_status":"closed","template":"","meta":{"footnotes":""},"class_list":["post-26665","page","type-page","status-publish","hentry"],"jetpack_sharing_enabled":true,"_links":{"self":[{"href":"https:\/\/www.lirapopular.cl\/lirapopularxix\/wp-json\/wp\/v2\/pages\/26665","targetHints":{"allow":["GET"]}}],"collection":[{"href":"https:\/\/www.lirapopular.cl\/lirapopularxix\/wp-json\/wp\/v2\/pages"}],"about":[{"href":"https:\/\/www.lirapopular.cl\/lirapopularxix\/wp-json\/wp\/v2\/types\/page"}],"author":[{"embeddable":true,"href":"https:\/\/www.lirapopular.cl\/lirapopularxix\/wp-json\/wp\/v2\/users\/1"}],"replies":[{"embeddable":true,"href":"https:\/\/www.lirapopular.cl\/lirapopularxix\/wp-json\/wp\/v2\/comments?post=26665"}],"version-history":[{"count":0,"href":"https:\/\/www.lirapopular.cl\/lirapopularxix\/wp-json\/wp\/v2\/pages\/26665\/revisions"}],"wp:attachment":[{"href":"https:\/\/www.lirapopular.cl\/lirapopularxix\/wp-json\/wp\/v2\/media?parent=26665"}],"curies":[{"name":"wp","href":"https:\/\/api.w.org\/{rel}","templated":true}]}}