{"id":26648,"date":"2021-11-21T13:51:16","date_gmt":"2021-11-21T17:51:16","guid":{"rendered":"https:\/\/www.lirapopular.cl\/lirapopularxix\/?page_id=26648"},"modified":"2021-11-21T13:51:16","modified_gmt":"2021-11-21T17:51:16","slug":"la-voz-del-pueblo-9","status":"publish","type":"page","link":"https:\/\/www.lirapopular.cl\/lirapopularxix\/la-voz-del-pueblo-9\/","title":{"rendered":"La Voz del Pueblo <br>Terribles bandidos en RANCAGUA"},"content":{"rendered":"\n<div class=\"wp-block-image is-style-default\"><figure class=\"alignright size-medium\"><a href=\"https:\/\/www.lirapopular.cl\/lirapopularxix\/wp-content\/uploads\/2021\/11\/LO0012317.jpg\"><img loading=\"lazy\" decoding=\"async\" width=\"208\" height=\"300\" src=\"https:\/\/www.lirapopular.cl\/lirapopularxix\/wp-content\/uploads\/2021\/11\/LO0012317-208x300.jpg\" alt=\"\" class=\"wp-image-26649\" srcset=\"https:\/\/www.lirapopular.cl\/lirapopularxix\/wp-content\/uploads\/2021\/11\/LO0012317-208x300.jpg 208w, https:\/\/www.lirapopular.cl\/lirapopularxix\/wp-content\/uploads\/2021\/11\/LO0012317.jpg 692w\" sizes=\"auto, (max-width: 208px) 100vw, 208px\" \/><\/a><figcaption>Archivo de Literatura Oral<br \/>Fondo Rodolfo Lenz<\/figcaption><\/figure><\/div>\n\n\n\n<p>Autor: An\u00f3nimo.<br \/>Impresor: Imprenta Carmen 477 Stgo.<br \/>Tama\u00f1o: 55 x 39 cm<br \/>Clasificaci\u00f3n: BN C\u00f3digo:\u00a0LO0012317<\/p>\n\n\n\n<ul class=\"wp-block-list\"><li><a href=\"https:\/\/www.lirapopular.cl\/lirapopularxix\/2021\/11\/21\/rancagua-convertida-en-nido-de-malhechores\/\">Rancagua convertida en nido de malhechores. Aprehension de los bandidos. Rifles y balas<\/a><\/li><li><a href=\"https:\/\/www.lirapopular.cl\/lirapopularxix\/2021\/11\/21\/el-audaz-i-sensacional-crimen-cometido-enuna-peluqueria-en-elbarrio-independencia-2\/\">El audaz y sensacional crimen cometido en una peluquer\u00eda en el barrio Independencia<\/a><\/li><li><a href=\"https:\/\/www.lirapopular.cl\/lirapopularxix\/2021\/11\/21\/gran-salteo-en-maipu\/\">Gran salteo en Maip\u00fa. Los bandidos asesinan al due\u00f1o de casa y roban especies y mil pesos<\/a><\/li><li><a href=\"https:\/\/www.lirapopular.cl\/lirapopularxix\/2021\/11\/21\/doble-crimen-en-temuco-un-individuo-asesinaados-caballeros-i-huye\/\">Doble crimen en Temuco. Un individuo asesina a dos caballeros y huye<\/a><\/li><li><a href=\"https:\/\/www.lirapopular.cl\/lirapopularxix\/2021\/11\/21\/hermosas-cuecasen-honor-delbravo-tenientecortinez\/\">Hermosas cuecas en honor del bravo teniente Cort\u00ednez<\/a><\/li><\/ul>\n\n\n\n<p>Nota: Bajada t\u00edtulo: \u201cPrecio: 20 Ctvs.<br \/>VERSOS CON LOS CRIMENES, SALTEOS Y ROBOS MAS SENSACIONALES OCURRIDOS EN EL PAIS<br \/>Libritos Cancioneros con las modernas canciones, cuecas, tangos y valses, Pidalo a la Imprenta Carmen 477 Stgo.\u201d<br \/>Este ejemplar tiene escrito a mano con l\u00e1piz rojo \u201c-25-\u201d, con grafito &#8220;1919&#8221; y con un timbre &#8220;379&#8221;.<br \/>Documento optimizado digitalmente.<\/p>\n","protected":false},"excerpt":{"rendered":"<p>Autor: An\u00f3nimo.Impresor: Imprenta Carmen 477 Stgo.Tama\u00f1o: 55 x 39 cmClasificaci\u00f3n: BN C\u00f3digo:\u00a0LO0012317 Rancagua convertida en nido de malhechores. Aprehension de los bandidos. Rifles y balas El audaz y sensacional crimen cometido en una peluquer\u00eda en el barrio Independencia Gran salteo en Maip\u00fa. Los bandidos asesinan al due\u00f1o de casa y roban especies y mil pesos [&hellip;]<\/p>\n","protected":false},"author":1,"featured_media":0,"parent":0,"menu_order":0,"comment_status":"closed","ping_status":"closed","template":"","meta":{"footnotes":""},"class_list":["post-26648","page","type-page","status-publish","hentry"],"jetpack_sharing_enabled":true,"_links":{"self":[{"href":"https:\/\/www.lirapopular.cl\/lirapopularxix\/wp-json\/wp\/v2\/pages\/26648","targetHints":{"allow":["GET"]}}],"collection":[{"href":"https:\/\/www.lirapopular.cl\/lirapopularxix\/wp-json\/wp\/v2\/pages"}],"about":[{"href":"https:\/\/www.lirapopular.cl\/lirapopularxix\/wp-json\/wp\/v2\/types\/page"}],"author":[{"embeddable":true,"href":"https:\/\/www.lirapopular.cl\/lirapopularxix\/wp-json\/wp\/v2\/users\/1"}],"replies":[{"embeddable":true,"href":"https:\/\/www.lirapopular.cl\/lirapopularxix\/wp-json\/wp\/v2\/comments?post=26648"}],"version-history":[{"count":0,"href":"https:\/\/www.lirapopular.cl\/lirapopularxix\/wp-json\/wp\/v2\/pages\/26648\/revisions"}],"wp:attachment":[{"href":"https:\/\/www.lirapopular.cl\/lirapopularxix\/wp-json\/wp\/v2\/media?parent=26648"}],"curies":[{"name":"wp","href":"https:\/\/api.w.org\/{rel}","templated":true}]}}