{"id":26614,"date":"2021-11-20T11:56:46","date_gmt":"2021-11-20T15:56:46","guid":{"rendered":"https:\/\/www.lirapopular.cl\/lirapopularxix\/?page_id=26614"},"modified":"2021-11-20T11:56:46","modified_gmt":"2021-11-20T15:56:46","slug":"la-voz-del-pueblo-7","status":"publish","type":"page","link":"https:\/\/www.lirapopular.cl\/lirapopularxix\/la-voz-del-pueblo-7\/","title":{"rendered":"La Voz del Pueblo <br>La Gran Lucha Presidencial"},"content":{"rendered":"\n<div class=\"wp-block-image is-style-default\"><figure class=\"alignright size-medium\"><a href=\"https:\/\/www.lirapopular.cl\/lirapopularxix\/wp-content\/uploads\/2021\/11\/LO0012318.jpg\"><img loading=\"lazy\" decoding=\"async\" width=\"207\" height=\"300\" src=\"https:\/\/www.lirapopular.cl\/lirapopularxix\/wp-content\/uploads\/2021\/11\/LO0012318-207x300.jpg\" alt=\"\" class=\"wp-image-26617\" srcset=\"https:\/\/www.lirapopular.cl\/lirapopularxix\/wp-content\/uploads\/2021\/11\/LO0012318-207x300.jpg 207w, https:\/\/www.lirapopular.cl\/lirapopularxix\/wp-content\/uploads\/2021\/11\/LO0012318.jpg 691w\" sizes=\"auto, (max-width: 207px) 100vw, 207px\" \/><\/a><figcaption>Archivo de Literatura Oral<br \/>Fondo Rodolfo Lenz<\/figcaption><\/figure><\/div>\n\n\n\n<p>Autor: An\u00f3nimo.<br \/>Impresor: imp. Carmen 477.<br \/>Tama\u00f1o: 55 x 39 cm<br \/>Clasificaci\u00f3n: BN C\u00f3digo:\u00a0LO0012318<\/p>\n\n\n\n<ul class=\"wp-block-list\"><li><a href=\"https:\/\/www.lirapopular.cl\/lirapopularxix\/2021\/11\/20\/lo-que-dice-donarturo-alessan-dri\/\">Lo que dice don Arturo Alessandri<\/a><\/li><li><a href=\"https:\/\/www.lirapopular.cl\/lirapopularxix\/2021\/11\/20\/donluis-barros-bor-gono\/\">Don Luis Barros Borgo\u00f1o<\/a><\/li><li><a href=\"https:\/\/www.lirapopular.cl\/lirapopularxix\/2021\/11\/20\/un-capitan-de-bandi-dos-es-muerto-por-la-po-licia-en-rancagua\/\">Un capit\u00e1n de bandidos es muerto por la polic\u00eda en Rancagua<\/a><\/li><li><a href=\"https:\/\/www.lirapopular.cl\/lirapopularxix\/2021\/11\/20\/los-yankeesquieren-hacer-un-viaje-a-la-luna\/\">Los yankees quieren hacer un viaje a la luna<\/a><\/li><li><a href=\"https:\/\/www.lirapopular.cl\/lirapopularxix\/2021\/11\/20\/un-audaz-salteoenlos-guindos\/\">El audaz salteo en Los Guindos<\/a><\/li><\/ul>\n\n\n\n<p>Nota: Bajada t\u00edtulo: \u201cPrecio: 20 Ctvs.<br \/>VERSOS CON LOS CRIMENES, SALTEOS Y ROBOS MAS SENSACIONALES OCURRIDOS EN EL PAIS<br \/>Libritos Cancioneros con las modernas canciones, cuecas, tangos y valses, Pidalo a la Imprenta Carmen 477 Stgo.\u201d<br \/>Este ejemplar tiene escrito a mano con l\u00e1piz rojo \u201c-26-\u201d, con grafito &#8220;6. VI. 1920&#8221; y con un timbre &#8220;392&#8221;.<br \/>Documento optimizado digitalmente.<\/p>\n","protected":false},"excerpt":{"rendered":"<p>Autor: An\u00f3nimo.Impresor: imp. Carmen 477.Tama\u00f1o: 55 x 39 cmClasificaci\u00f3n: BN C\u00f3digo:\u00a0LO0012318 Lo que dice don Arturo Alessandri Don Luis Barros Borgo\u00f1o Un capit\u00e1n de bandidos es muerto por la polic\u00eda en Rancagua Los yankees quieren hacer un viaje a la luna El audaz salteo en Los Guindos Nota: Bajada t\u00edtulo: \u201cPrecio: 20 Ctvs.VERSOS CON LOS [&hellip;]<\/p>\n","protected":false},"author":1,"featured_media":0,"parent":0,"menu_order":0,"comment_status":"closed","ping_status":"closed","template":"","meta":{"footnotes":""},"class_list":["post-26614","page","type-page","status-publish","hentry"],"jetpack_sharing_enabled":true,"_links":{"self":[{"href":"https:\/\/www.lirapopular.cl\/lirapopularxix\/wp-json\/wp\/v2\/pages\/26614","targetHints":{"allow":["GET"]}}],"collection":[{"href":"https:\/\/www.lirapopular.cl\/lirapopularxix\/wp-json\/wp\/v2\/pages"}],"about":[{"href":"https:\/\/www.lirapopular.cl\/lirapopularxix\/wp-json\/wp\/v2\/types\/page"}],"author":[{"embeddable":true,"href":"https:\/\/www.lirapopular.cl\/lirapopularxix\/wp-json\/wp\/v2\/users\/1"}],"replies":[{"embeddable":true,"href":"https:\/\/www.lirapopular.cl\/lirapopularxix\/wp-json\/wp\/v2\/comments?post=26614"}],"version-history":[{"count":0,"href":"https:\/\/www.lirapopular.cl\/lirapopularxix\/wp-json\/wp\/v2\/pages\/26614\/revisions"}],"wp:attachment":[{"href":"https:\/\/www.lirapopular.cl\/lirapopularxix\/wp-json\/wp\/v2\/media?parent=26614"}],"curies":[{"name":"wp","href":"https:\/\/api.w.org\/{rel}","templated":true}]}}