{"id":26572,"date":"2021-11-18T18:38:23","date_gmt":"2021-11-18T22:38:23","guid":{"rendered":"https:\/\/www.lirapopular.cl\/lirapopularxix\/?page_id=26572"},"modified":"2021-11-18T18:38:23","modified_gmt":"2021-11-18T22:38:23","slug":"la-voz-del-pueblo-5","status":"publish","type":"page","link":"https:\/\/www.lirapopular.cl\/lirapopularxix\/la-voz-del-pueblo-5\/","title":{"rendered":"La Voz del Pueblo <br>La Gran haza\u00f1a del Teniente Cortienez &#8211; Dos grandes salteos en Rengo y Polpaico"},"content":{"rendered":"\n<div class=\"wp-block-image is-style-default\"><figure class=\"alignright size-medium\"><a href=\"https:\/\/www.lirapopular.cl\/lirapopularxix\/wp-content\/uploads\/2021\/11\/LO0012320.jpg\"><img decoding=\"async\" src=\"https:\/\/www.lirapopular.cl\/lirapopularxix\/wp-content\/uploads\/2021\/11\/LO0012320-207x300.jpg\" alt=\"\" class=\"wp-image-26576\"\/><\/a><figcaption>Archivo de Literatura Oral<br \/>Fondo Rodolfo Lenz<\/figcaption><\/figure><\/div>\n\n\n\n<p>Autor: An\u00f3nimo.<br \/>Impresor: Imprenta Carmen 477 Stgo.<br \/>Tama\u00f1o: 55 x 39 cm<br \/>Clasificaci\u00f3n: BN C\u00f3digo:\u00a0LO0012320<\/p>\n\n\n\n<ul class=\"wp-block-list\"><li><a href=\"https:\/\/www.lirapopular.cl\/lirapopularxix\/2021\/11\/19\/el-teniente-cor-tinez-atraviesa-losandes-sin-permiso-desus-jefes\/\">El Teniente Cort\u00ednez atraviesa Los Andes sin permiso de sus jefes<\/a><\/li><li><a href=\"https:\/\/www.lirapopular.cl\/lirapopularxix\/2021\/11\/19\/gran-salteo-enla-hacienda-de-polpaico\/\">Gran salteo en la hacienda de Polpaico<\/a><\/li><li><a href=\"https:\/\/www.lirapopular.cl\/lirapopularxix\/2021\/11\/19\/los-crimenes-co-metidos-por-lapolicia-de-los-andes\/\">Los crimenes cometidos por la polic\u00eda de Los Andes<\/a><\/li><li><a href=\"https:\/\/www.lirapopular.cl\/lirapopularxix\/2021\/11\/19\/audaz-salteo-enrengo-coinco\/\">Audaz salteo en Rengo &#8211; Coinco<\/a><\/li><li><a href=\"https:\/\/www.lirapopular.cl\/lirapopularxix\/2021\/11\/19\/un-gran-bochincheen-el-cielo\/\">Un gran bochinche en el cielo<\/a><\/li><\/ul>\n\n\n\n<p>Nota: Bajada t\u00edtulo: \u201cPrecio: 20 Ctvs.<br \/>VERSOS CON LOS CRIMENES, SALTEOS Y ROBOS MAS SENSACIONALES OCURRIDOS EN EL PAIS<br \/>Libritos Cancioneros con las modernas canciones, cuecas, tangos y valses, Pidalo a la Imprenta Carmen 477 Stgo.\u201d<br \/>Este ejemplar tiene escrito a mano con l\u00e1piz rojo \u201c-28-\u201d y con un timbre &#8220;384&#8221;.<br \/>Documento optimizado digitalmente.<\/p>\n","protected":false},"excerpt":{"rendered":"<p>Autor: An\u00f3nimo.Impresor: Imprenta Carmen 477 Stgo.Tama\u00f1o: 55 x 39 cmClasificaci\u00f3n: BN C\u00f3digo:\u00a0LO0012320 El Teniente Cort\u00ednez atraviesa Los Andes sin permiso de sus jefes Gran salteo en la hacienda de Polpaico Los crimenes cometidos por la polic\u00eda de Los Andes Audaz salteo en Rengo &#8211; Coinco Un gran bochinche en el cielo Nota: Bajada t\u00edtulo: \u201cPrecio: [&hellip;]<\/p>\n","protected":false},"author":1,"featured_media":0,"parent":0,"menu_order":0,"comment_status":"closed","ping_status":"closed","template":"","meta":{"footnotes":""},"class_list":["post-26572","page","type-page","status-publish","hentry"],"jetpack_sharing_enabled":true,"_links":{"self":[{"href":"https:\/\/www.lirapopular.cl\/lirapopularxix\/wp-json\/wp\/v2\/pages\/26572","targetHints":{"allow":["GET"]}}],"collection":[{"href":"https:\/\/www.lirapopular.cl\/lirapopularxix\/wp-json\/wp\/v2\/pages"}],"about":[{"href":"https:\/\/www.lirapopular.cl\/lirapopularxix\/wp-json\/wp\/v2\/types\/page"}],"author":[{"embeddable":true,"href":"https:\/\/www.lirapopular.cl\/lirapopularxix\/wp-json\/wp\/v2\/users\/1"}],"replies":[{"embeddable":true,"href":"https:\/\/www.lirapopular.cl\/lirapopularxix\/wp-json\/wp\/v2\/comments?post=26572"}],"version-history":[{"count":0,"href":"https:\/\/www.lirapopular.cl\/lirapopularxix\/wp-json\/wp\/v2\/pages\/26572\/revisions"}],"wp:attachment":[{"href":"https:\/\/www.lirapopular.cl\/lirapopularxix\/wp-json\/wp\/v2\/media?parent=26572"}],"curies":[{"name":"wp","href":"https:\/\/api.w.org\/{rel}","templated":true}]}}