{"id":26549,"date":"2021-11-18T15:39:06","date_gmt":"2021-11-18T19:39:06","guid":{"rendered":"https:\/\/www.lirapopular.cl\/lirapopularxix\/?page_id=26549"},"modified":"2021-11-18T15:39:06","modified_gmt":"2021-11-18T19:39:06","slug":"la-voz-del-pueblo-4","status":"publish","type":"page","link":"https:\/\/www.lirapopular.cl\/lirapopularxix\/la-voz-del-pueblo-4\/","title":{"rendered":"La Voz del Pueblo <br>El paso de los Andes en AEROPLANO"},"content":{"rendered":"\n<div class=\"wp-block-image is-style-default\"><figure class=\"alignright size-medium\"><a href=\"https:\/\/www.lirapopular.cl\/lirapopularxix\/wp-content\/uploads\/2021\/11\/LO0012322.jpg\"><img loading=\"lazy\" decoding=\"async\" width=\"208\" height=\"300\" src=\"https:\/\/www.lirapopular.cl\/lirapopularxix\/wp-content\/uploads\/2021\/11\/LO0012322-208x300.jpg\" alt=\"\" class=\"wp-image-26554\" srcset=\"https:\/\/www.lirapopular.cl\/lirapopularxix\/wp-content\/uploads\/2021\/11\/LO0012322-208x300.jpg 208w, https:\/\/www.lirapopular.cl\/lirapopularxix\/wp-content\/uploads\/2021\/11\/LO0012322.jpg 694w\" sizes=\"auto, (max-width: 208px) 100vw, 208px\" \/><\/a><figcaption>Archivo de Literatura Oral<br \/>Fondo Rodolfo Lenz<\/figcaption><\/figure><\/div>\n\n\n\n<p>Autor: An\u00f3nimo.<br \/>Impresor: Imp. Carmen 477.<br \/>Tama\u00f1o: 55 x 39 cm<br \/>Clasificaci\u00f3n: BN C\u00f3digo:\u00a0LO0012322<\/p>\n\n\n\n<ul class=\"wp-block-list\"><li><a href=\"https:\/\/www.lirapopular.cl\/lirapopularxix\/2021\/11\/18\/el-paso-de-los-an-des-en-aeroplanopor-un-teniente-chileno\/\">El Paso de Los Andes en aeroplano por un teniente chileno<\/a><\/li><li><a href=\"https:\/\/www.lirapopular.cl\/lirapopularxix\/2021\/11\/18\/las-hazanas-delgran-bandido-dela-frontera-conocido-conel-apodo-de-el-garras-mujas\/\">Las haza\u00f1as del gran bandido de la Frontera conocido con el apodo de &#8220;El Garras Mujas&#8221;<\/a><\/li><li><a href=\"https:\/\/www.lirapopular.cl\/lirapopularxix\/2021\/11\/18\/horrorosa-vio-lacion-cometi-da-en-una-ninita-de-11anos-en-jahuel\/\">Horrorosa violaci\u00f3n cometida en una ni\u00f1ita de 11 a\u00f1os en Jahuel<\/a><\/li><li><a href=\"https:\/\/www.lirapopular.cl\/lirapopularxix\/2021\/11\/18\/contrapunteentre-un-chile-no-y-un-peruano\/\">Contrapunte entre un chileno y un peruano<\/a><\/li><li><a href=\"https:\/\/www.lirapopular.cl\/lirapopularxix\/2021\/11\/18\/sangriento-sal-teo-en-chillan-en-la-comuna-de-pinto\/\">Sangriento salteo en Chill\u00e1n en la comuna de Pinto<\/a><\/li><\/ul>\n\n\n\n<p>Nota: Bajada t\u00edtulo: \u201cPrecio: 20 Centavos&#8221;<br \/>Documento datado en 1918 por noticia del cruce de Los Andes.<br \/>Este ejemplar tiene escrito a mano con l\u00e1piz rojo \u201c-30-\u201d y con un timbre &#8220;391&#8221;.<br \/>Documento optimizado digitalmente.<\/p>\n","protected":false},"excerpt":{"rendered":"<p>Autor: An\u00f3nimo.Impresor: Imp. Carmen 477.Tama\u00f1o: 55 x 39 cmClasificaci\u00f3n: BN C\u00f3digo:\u00a0LO0012322 El Paso de Los Andes en aeroplano por un teniente chileno Las haza\u00f1as del gran bandido de la Frontera conocido con el apodo de &#8220;El Garras Mujas&#8221; Horrorosa violaci\u00f3n cometida en una ni\u00f1ita de 11 a\u00f1os en Jahuel Contrapunte entre un chileno y un [&hellip;]<\/p>\n","protected":false},"author":1,"featured_media":0,"parent":0,"menu_order":0,"comment_status":"closed","ping_status":"closed","template":"","meta":{"footnotes":""},"class_list":["post-26549","page","type-page","status-publish","hentry"],"jetpack_sharing_enabled":true,"_links":{"self":[{"href":"https:\/\/www.lirapopular.cl\/lirapopularxix\/wp-json\/wp\/v2\/pages\/26549","targetHints":{"allow":["GET"]}}],"collection":[{"href":"https:\/\/www.lirapopular.cl\/lirapopularxix\/wp-json\/wp\/v2\/pages"}],"about":[{"href":"https:\/\/www.lirapopular.cl\/lirapopularxix\/wp-json\/wp\/v2\/types\/page"}],"author":[{"embeddable":true,"href":"https:\/\/www.lirapopular.cl\/lirapopularxix\/wp-json\/wp\/v2\/users\/1"}],"replies":[{"embeddable":true,"href":"https:\/\/www.lirapopular.cl\/lirapopularxix\/wp-json\/wp\/v2\/comments?post=26549"}],"version-history":[{"count":0,"href":"https:\/\/www.lirapopular.cl\/lirapopularxix\/wp-json\/wp\/v2\/pages\/26549\/revisions"}],"wp:attachment":[{"href":"https:\/\/www.lirapopular.cl\/lirapopularxix\/wp-json\/wp\/v2\/media?parent=26549"}],"curies":[{"name":"wp","href":"https:\/\/api.w.org\/{rel}","templated":true}]}}