{"id":26509,"date":"2021-11-18T08:45:49","date_gmt":"2021-11-18T12:45:49","guid":{"rendered":"https:\/\/www.lirapopular.cl\/lirapopularxix\/?page_id=26509"},"modified":"2021-11-18T08:45:49","modified_gmt":"2021-11-18T12:45:49","slug":"la-voz-del-pueblo-2","status":"publish","type":"page","link":"https:\/\/www.lirapopular.cl\/lirapopularxix\/la-voz-del-pueblo-2\/","title":{"rendered":"La Voz del Pueblo <br>En Gultro se preparaba <br>un Salteo Combate con <br>la policia <br>El paso de los Andes. \u2014 Un guardian le da un balazo a un ratero"},"content":{"rendered":"\n<div class=\"wp-block-image is-style-default\"><figure class=\"alignright size-medium\"><a href=\"https:\/\/www.lirapopular.cl\/lirapopularxix\/wp-content\/uploads\/2021\/11\/LO0012324.jpg\"><img loading=\"lazy\" decoding=\"async\" width=\"207\" height=\"300\" src=\"https:\/\/www.lirapopular.cl\/lirapopularxix\/wp-content\/uploads\/2021\/11\/LO0012324-207x300.jpg\" alt=\"\" class=\"wp-image-26514\" srcset=\"https:\/\/www.lirapopular.cl\/lirapopularxix\/wp-content\/uploads\/2021\/11\/LO0012324-207x300.jpg 207w, https:\/\/www.lirapopular.cl\/lirapopularxix\/wp-content\/uploads\/2021\/11\/LO0012324.jpg 691w\" sizes=\"auto, (max-width: 207px) 100vw, 207px\" \/><\/a><figcaption>Archivo de Literatura Oral<br \/>Fondo Rodolfo Lenz<\/figcaption><\/figure><\/div>\n\n\n\n<p>Autor: An\u00f3nimo.<br \/>Impresor: Imp. C\u00e1rmen 477<br \/>Tama\u00f1o: 55 x 39 cm<br \/>Clasificaci\u00f3n: BN C\u00f3digo:\u00a0LO0012324<\/p>\n\n\n\n<ul class=\"wp-block-list\"><li><a href=\"https:\/\/www.lirapopular.cl\/lirapopularxix\/2021\/11\/18\/en-gultro-partida-de-bandidos\/\">En Gultro. Una partida de bandidos que merodeaba por los alrededores de Rancagua sostiene un combate con la policia<\/a><\/li><li><a href=\"https:\/\/www.lirapopular.cl\/lirapopularxix\/2021\/11\/18\/el-centenario-delpaso-de-los-an-des\/\">El centenario del paso de Los Andes<\/a><\/li><li><a href=\"https:\/\/www.lirapopular.cl\/lirapopularxix\/2021\/11\/18\/un-guardiandispara-un-balazo-a-un-ra-tero-y-lo-hiere\/\">Un guardi\u00e1n dispara un balazo a un ratero y lo hiere<\/a><\/li><li><a href=\"https:\/\/www.lirapopular.cl\/lirapopularxix\/2021\/11\/18\/luis-robertodonnayse-mata-de-un-balazo-en-elcerro-santa-lucia\/\">Luis Roberto Donnay, se mata de un balazo en el Cerro Santa Lucia<\/a><\/li><li><a href=\"https:\/\/www.lirapopular.cl\/lirapopularxix\/2021\/11\/18\/alevoso-salteo-enla-calera-3-bandidosultiman-a-un-conocidovecino-y-a-su-hijo\/\">Alevoso salteo en La Calera. 3 bandidos ultiman a un conocido vecino y a su hijo<\/a><\/li><\/ul>\n\n\n\n<p>Nota: Bajada t\u00edtulo: &#8220;Precio: 20 Centavos<br \/>VERSOS SOBRE SUCESOS DE PALPITANTE ACTUALIDAD.\u2026 VENTAS CONSTANTEMENTE, POR Mayor y Menor, Carmen 477. Santiago,\u2026 Pida nuestro cancionero BRISAS DEL MAR es lo mejor&#8221;<br \/>Datada en 1917, centenario del Paso de Los Andes.<br \/>Este ejemplar tiene escrito a mano con l\u00e1piz rojo \u201c-32-\u201d, con azul &#8220;X&#8221; y con un timbre &#8220;945&#8221;.<br \/>Documento optimizado digitalmente.<\/p>\n","protected":false},"excerpt":{"rendered":"<p>Autor: An\u00f3nimo.Impresor: Imp. C\u00e1rmen 477Tama\u00f1o: 55 x 39 cmClasificaci\u00f3n: BN C\u00f3digo:\u00a0LO0012324 En Gultro. Una partida de bandidos que merodeaba por los alrededores de Rancagua sostiene un combate con la policia El centenario del paso de Los Andes Un guardi\u00e1n dispara un balazo a un ratero y lo hiere Luis Roberto Donnay, se mata de un [&hellip;]<\/p>\n","protected":false},"author":1,"featured_media":0,"parent":0,"menu_order":0,"comment_status":"closed","ping_status":"closed","template":"","meta":{"footnotes":""},"class_list":["post-26509","page","type-page","status-publish","hentry"],"jetpack_sharing_enabled":true,"_links":{"self":[{"href":"https:\/\/www.lirapopular.cl\/lirapopularxix\/wp-json\/wp\/v2\/pages\/26509","targetHints":{"allow":["GET"]}}],"collection":[{"href":"https:\/\/www.lirapopular.cl\/lirapopularxix\/wp-json\/wp\/v2\/pages"}],"about":[{"href":"https:\/\/www.lirapopular.cl\/lirapopularxix\/wp-json\/wp\/v2\/types\/page"}],"author":[{"embeddable":true,"href":"https:\/\/www.lirapopular.cl\/lirapopularxix\/wp-json\/wp\/v2\/users\/1"}],"replies":[{"embeddable":true,"href":"https:\/\/www.lirapopular.cl\/lirapopularxix\/wp-json\/wp\/v2\/comments?post=26509"}],"version-history":[{"count":0,"href":"https:\/\/www.lirapopular.cl\/lirapopularxix\/wp-json\/wp\/v2\/pages\/26509\/revisions"}],"wp:attachment":[{"href":"https:\/\/www.lirapopular.cl\/lirapopularxix\/wp-json\/wp\/v2\/media?parent=26509"}],"curies":[{"name":"wp","href":"https:\/\/api.w.org\/{rel}","templated":true}]}}