{"id":26489,"date":"2021-11-17T20:19:11","date_gmt":"2021-11-18T00:19:11","guid":{"rendered":"https:\/\/www.lirapopular.cl\/lirapopularxix\/?page_id=26489"},"modified":"2021-11-17T20:19:11","modified_gmt":"2021-11-18T00:19:11","slug":"la-voz-del-pueblo","status":"publish","type":"page","link":"https:\/\/www.lirapopular.cl\/lirapopularxix\/la-voz-del-pueblo\/","title":{"rendered":"La Voz del Pueblo <br>Un Parricidio en Rancagua. El Antropofa- <br>go que se Come a los ni\u00f1os Grandes Salteos Robos Asesinatos"},"content":{"rendered":"\n<div class=\"wp-block-image is-style-default\"><figure class=\"alignright size-medium\"><a href=\"https:\/\/www.lirapopular.cl\/lirapopularxix\/wp-content\/uploads\/2021\/11\/LO0012326.jpg\"><img decoding=\"async\" src=\"https:\/\/www.lirapopular.cl\/lirapopularxix\/wp-content\/uploads\/2021\/11\/LO0012326-210x300.jpg\" alt=\"\" class=\"wp-image-26492\"\/><\/a><figcaption>Archivo de Literatura Oral<br \/>Fondo Rodolfo Lenz<\/figcaption><\/figure><\/div>\n\n\n\n<p>Autor: An\u00f3nimo.<br \/>Impresor: Imprenta Carmen 477 Stgo<br \/>Tama\u00f1o: 54 x 39 cm<br \/>Clasificaci\u00f3n: BN C\u00f3digo:&nbsp;LO0012326<\/p>\n\n\n\n<ul class=\"wp-block-list\"><li><a href=\"https:\/\/www.lirapopular.cl\/lirapopularxix\/2021\/11\/18\/el-crimen-de-linderosun-nino-estrangulado\/\">El crimen de Linderos. Un ni\u00f1o estrangulado<\/a><\/li><li><a href=\"https:\/\/www.lirapopular.cl\/lirapopularxix\/2021\/11\/18\/un-parricidio-enrancagua\/\">Un parricidio en Rancagua<\/a><\/li><li><a href=\"https:\/\/www.lirapopular.cl\/lirapopularxix\/2021\/11\/18\/la-policia-toma-presoal-bandido-juan-el-loco\/\">La policia toma preso al bandido Juan el Loco<\/a><\/li><li><a href=\"https:\/\/www.lirapopular.cl\/lirapopularxix\/2021\/11\/18\/el-hombre-que-se-co-mia-a-los-ninos\/\">El hombre que se com\u00eda a los ni\u00f1os<\/a><\/li><li><a href=\"https:\/\/www.lirapopular.cl\/lirapopularxix\/2021\/11\/18\/horrible-asesinatoen-lo-miranda\/\">Horrible asesinato en Lo Miranda<\/a><\/li><\/ul>\n\n\n\n<p>Nota: Bajada t\u00edtulo: &#8220;Precio 20 ctvs.<br \/>VERSOS CON LOS CRIMENES, SALTEOS Y ROBOS MAS SENSACIONALES OCURRIDOS EN EL PAIS<br \/>Libritos Cancioneros con las mas modernas canciones, cuecas, tangos y valses, Pidalo a la Imprenta Carmen 477 Stgo&#8221;<br \/>Este ejemplar tiene escrito a mano con l\u00e1piz rojo \u201c-34-\u201d, con grafito &#8220;1919 o 1920&#8221; y con un timbre &#8220;385&#8221;.<br \/>Documento optimizado digitalmente.<\/p>\n","protected":false},"excerpt":{"rendered":"<p>Autor: An\u00f3nimo.Impresor: Imprenta Carmen 477 StgoTama\u00f1o: 54 x 39 cmClasificaci\u00f3n: BN C\u00f3digo:&nbsp;LO0012326 El crimen de Linderos. Un ni\u00f1o estrangulado Un parricidio en Rancagua La policia toma preso al bandido Juan el Loco El hombre que se com\u00eda a los ni\u00f1os Horrible asesinato en Lo Miranda Nota: Bajada t\u00edtulo: &#8220;Precio 20 ctvs.VERSOS CON LOS CRIMENES, SALTEOS [&hellip;]<\/p>\n","protected":false},"author":1,"featured_media":0,"parent":0,"menu_order":0,"comment_status":"closed","ping_status":"closed","template":"","meta":{"footnotes":""},"class_list":["post-26489","page","type-page","status-publish","hentry"],"jetpack_sharing_enabled":true,"_links":{"self":[{"href":"https:\/\/www.lirapopular.cl\/lirapopularxix\/wp-json\/wp\/v2\/pages\/26489","targetHints":{"allow":["GET"]}}],"collection":[{"href":"https:\/\/www.lirapopular.cl\/lirapopularxix\/wp-json\/wp\/v2\/pages"}],"about":[{"href":"https:\/\/www.lirapopular.cl\/lirapopularxix\/wp-json\/wp\/v2\/types\/page"}],"author":[{"embeddable":true,"href":"https:\/\/www.lirapopular.cl\/lirapopularxix\/wp-json\/wp\/v2\/users\/1"}],"replies":[{"embeddable":true,"href":"https:\/\/www.lirapopular.cl\/lirapopularxix\/wp-json\/wp\/v2\/comments?post=26489"}],"version-history":[{"count":0,"href":"https:\/\/www.lirapopular.cl\/lirapopularxix\/wp-json\/wp\/v2\/pages\/26489\/revisions"}],"wp:attachment":[{"href":"https:\/\/www.lirapopular.cl\/lirapopularxix\/wp-json\/wp\/v2\/media?parent=26489"}],"curies":[{"name":"wp","href":"https:\/\/api.w.org\/{rel}","templated":true}]}}