{"id":26454,"date":"2021-11-17T13:30:42","date_gmt":"2021-11-17T17:30:42","guid":{"rendered":"https:\/\/www.lirapopular.cl\/lirapopularxix\/?page_id=26454"},"modified":"2021-11-17T13:30:42","modified_gmt":"2021-11-17T17:30:42","slug":"la-triste-ejecucion-del-reo-solorza","status":"publish","type":"page","link":"https:\/\/www.lirapopular.cl\/lirapopularxix\/la-triste-ejecucion-del-reo-solorza\/","title":{"rendered":"La triste ejecucion del reo Solorza en Rancagua <br>Y LA MUJER MUERTA A GARROTAZOS EN EL CERRO de la CRUZ"},"content":{"rendered":"\n<div class=\"wp-block-image is-style-default\"><figure class=\"alignright size-medium\"><a href=\"https:\/\/www.lirapopular.cl\/lirapopularxix\/wp-content\/uploads\/2021\/11\/LO0012205.jpg\"><img loading=\"lazy\" decoding=\"async\" width=\"207\" height=\"300\" src=\"https:\/\/www.lirapopular.cl\/lirapopularxix\/wp-content\/uploads\/2021\/11\/LO0012205-207x300.jpg\" alt=\"\" class=\"wp-image-26457\" srcset=\"https:\/\/www.lirapopular.cl\/lirapopularxix\/wp-content\/uploads\/2021\/11\/LO0012205-207x300.jpg 207w, https:\/\/www.lirapopular.cl\/lirapopularxix\/wp-content\/uploads\/2021\/11\/LO0012205.jpg 691w\" sizes=\"auto, (max-width: 207px) 100vw, 207px\" \/><\/a><figcaption>Archivo de Literatura Oral<br \/>Fondo Rodolfo Lenz<\/figcaption><\/figure><\/div>\n\n\n\n<p>Autor: Adolfo Reyes.<br \/>Impresor: Sin informaci\u00f3n<br \/>Tama\u00f1o: 54 x 38 cm<br \/>Clasificaci\u00f3n: BN C\u00f3digo:\u00a0LO0012205<\/p>\n\n\n\n<ul class=\"wp-block-list\"><li><a href=\"https:\/\/www.lirapopular.cl\/lirapopularxix\/2021\/11\/17\/ejecucion-del-reoricardo-solorza-enrancagua\/\">Ejecuci\u00f3n del reo Ricardo Solorza en Rancagua<\/a><\/li><li><a href=\"https:\/\/www.lirapopular.cl\/lirapopularxix\/2021\/11\/17\/una-mujer-ultimada-en-elcerro-de-la-cruzvalparaiso-2\/\">Una mujer ultimada en el cerro de la Cruz Valpara\u00edso<\/a><\/li><li><a href=\"https:\/\/www.lirapopular.cl\/lirapopularxix\/2021\/11\/17\/el-poeta-reyes-sama-rreado-por-unaconductora-portena\/\">El poeta Reyes zamarreado por una conductora porte\u00f1a<\/a><\/li><li><a href=\"https:\/\/www.lirapopular.cl\/lirapopularxix\/2021\/11\/17\/drama-sangriento-una-ninadescuartizadapor-el-marido\/\">Drama sangriento, una ni\u00f1a decuartizada por el marido<\/a><\/li><li><a href=\"https:\/\/www.lirapopular.cl\/lirapopularxix\/2021\/11\/17\/sentimientosde-amor-3\/\">Sentimientos de amor<\/a><\/li><\/ul>\n\n\n\n<p>Nota: Este ejemplar tiene escrito a mano con l\u00e1piz rojo \u201c-37-\u201d, con azul &#8220;amor&#8221;, con grafito &#8220;31&#8221; y con un timbre &#8220;0297&#8221;.<br \/>Documento optimizado digitalmente.<\/p>\n","protected":false},"excerpt":{"rendered":"<p>Autor: Adolfo Reyes.Impresor: Sin informaci\u00f3nTama\u00f1o: 54 x 38 cmClasificaci\u00f3n: BN C\u00f3digo:\u00a0LO0012205 Ejecuci\u00f3n del reo Ricardo Solorza en Rancagua Una mujer ultimada en el cerro de la Cruz Valpara\u00edso El poeta Reyes zamarreado por una conductora porte\u00f1a Drama sangriento, una ni\u00f1a decuartizada por el marido Sentimientos de amor Nota: Este ejemplar tiene escrito a mano con [&hellip;]<\/p>\n","protected":false},"author":1,"featured_media":0,"parent":0,"menu_order":0,"comment_status":"closed","ping_status":"closed","template":"","meta":{"footnotes":""},"class_list":["post-26454","page","type-page","status-publish","hentry"],"jetpack_sharing_enabled":true,"_links":{"self":[{"href":"https:\/\/www.lirapopular.cl\/lirapopularxix\/wp-json\/wp\/v2\/pages\/26454","targetHints":{"allow":["GET"]}}],"collection":[{"href":"https:\/\/www.lirapopular.cl\/lirapopularxix\/wp-json\/wp\/v2\/pages"}],"about":[{"href":"https:\/\/www.lirapopular.cl\/lirapopularxix\/wp-json\/wp\/v2\/types\/page"}],"author":[{"embeddable":true,"href":"https:\/\/www.lirapopular.cl\/lirapopularxix\/wp-json\/wp\/v2\/users\/1"}],"replies":[{"embeddable":true,"href":"https:\/\/www.lirapopular.cl\/lirapopularxix\/wp-json\/wp\/v2\/comments?post=26454"}],"version-history":[{"count":0,"href":"https:\/\/www.lirapopular.cl\/lirapopularxix\/wp-json\/wp\/v2\/pages\/26454\/revisions"}],"wp:attachment":[{"href":"https:\/\/www.lirapopular.cl\/lirapopularxix\/wp-json\/wp\/v2\/media?parent=26454"}],"curies":[{"name":"wp","href":"https:\/\/api.w.org\/{rel}","templated":true}]}}