{"id":26425,"date":"2021-11-15T23:10:30","date_gmt":"2021-11-16T03:10:30","guid":{"rendered":"https:\/\/www.lirapopular.cl\/lirapopularxix\/?page_id=26425"},"modified":"2021-11-15T23:10:30","modified_gmt":"2021-11-16T03:10:30","slug":"la-situacion-de-chile","status":"publish","type":"page","link":"https:\/\/www.lirapopular.cl\/lirapopularxix\/la-situacion-de-chile\/","title":{"rendered":"LA SITUACION DE CHILE"},"content":{"rendered":"\n<div class=\"wp-block-image is-style-default\"><figure class=\"alignright size-medium\"><a href=\"https:\/\/www.lirapopular.cl\/lirapopularxix\/wp-content\/uploads\/2021\/11\/LO0012055.jpg\"><img loading=\"lazy\" decoding=\"async\" width=\"207\" height=\"300\" src=\"https:\/\/www.lirapopular.cl\/lirapopularxix\/wp-content\/uploads\/2021\/11\/LO0012055-207x300.jpg\" alt=\"\" class=\"wp-image-26428\" srcset=\"https:\/\/www.lirapopular.cl\/lirapopularxix\/wp-content\/uploads\/2021\/11\/LO0012055-207x300.jpg 207w, https:\/\/www.lirapopular.cl\/lirapopularxix\/wp-content\/uploads\/2021\/11\/LO0012055.jpg 690w\" sizes=\"auto, (max-width: 207px) 100vw, 207px\" \/><\/a><figcaption>Archivo de Literatura Oral<br \/>Fondo Rodolfo Lenz<\/figcaption><\/figure><\/div>\n\n\n\n<p>Autor: El \u00d1ato Quillotano.<br \/>Impresor: Sin informaci\u00f3n<br \/>Tama\u00f1o: 55 x 38 cm<br \/>Clasificaci\u00f3n: BN C\u00f3digo:\u00a0LO0012055<\/p>\n\n\n\n<ul class=\"wp-block-list\"><li><a href=\"https:\/\/www.lirapopular.cl\/lirapopularxix\/2021\/11\/16\/la-situacion-de-chile-satira-a-los-de-arriba\/\">La situaci\u00f3n de Chile. S\u00e1tira a los de arriba<\/a><\/li><li><a href=\"https:\/\/www.lirapopular.cl\/lirapopularxix\/2021\/11\/16\/la-sentenciade-los-reos-politicos-2\/\">La sentencia de los reos pol\u00edticos<\/a><\/li><li><a href=\"https:\/\/www.lirapopular.cl\/lirapopularxix\/2021\/11\/16\/ecos-amorosospayasadas-del-poeta-reyes\/\">Ecos amorosos. Payasadas del poeta Reyes<\/a><\/li><li><a href=\"https:\/\/www.lirapopular.cl\/lirapopularxix\/2021\/11\/16\/el-patriotismode-los-constitucionales-i-lasconsecuencias-de-la-revolu-cion\/\">El patriotismo de los constitucionales y las consecuencias de la revoluci\u00f3n<\/a><\/li><li><a href=\"https:\/\/www.lirapopular.cl\/lirapopularxix\/2021\/11\/16\/la-ruina-del-pobre\/\">La ruina del pobre<\/a><\/li><li><a href=\"https:\/\/www.lirapopular.cl\/lirapopularxix\/2021\/11\/16\/el-precioso-codigo-de-los-casados-6\/\">El precioso c\u00f3digo de los casados<\/a><ul><li><a href=\"https:\/\/www.lirapopular.cl\/lirapopularxix\/2021\/11\/16\/el-precioso-codigo-de-los-casados-6\/\">Deber del marido<\/a><\/li><li><a href=\"https:\/\/www.lirapopular.cl\/lirapopularxix\/2021\/11\/16\/el-precioso-codigo-de-los-casados-6\/\">Deber de la mujer<\/a><\/li><\/ul><\/li><\/ul>\n\n\n\n<p>Nota: Este ejemplar tiene escrito a mano con l\u00e1piz rojo \u201c-26-\u201d, con azul &#8220;45&#8221;, con grafito se numeraron los versos y con un timbre &#8220;442&#8221;.<br \/>Documento optimizado digitalmente.<\/p>\n","protected":false},"excerpt":{"rendered":"<p>Autor: El \u00d1ato Quillotano.Impresor: Sin informaci\u00f3nTama\u00f1o: 55 x 38 cmClasificaci\u00f3n: BN C\u00f3digo:\u00a0LO0012055 La situaci\u00f3n de Chile. S\u00e1tira a los de arriba La sentencia de los reos pol\u00edticos Ecos amorosos. Payasadas del poeta Reyes El patriotismo de los constitucionales y las consecuencias de la revoluci\u00f3n La ruina del pobre El precioso c\u00f3digo de los casados Deber [&hellip;]<\/p>\n","protected":false},"author":1,"featured_media":0,"parent":0,"menu_order":0,"comment_status":"closed","ping_status":"closed","template":"","meta":{"footnotes":""},"class_list":["post-26425","page","type-page","status-publish","hentry"],"jetpack_sharing_enabled":true,"_links":{"self":[{"href":"https:\/\/www.lirapopular.cl\/lirapopularxix\/wp-json\/wp\/v2\/pages\/26425","targetHints":{"allow":["GET"]}}],"collection":[{"href":"https:\/\/www.lirapopular.cl\/lirapopularxix\/wp-json\/wp\/v2\/pages"}],"about":[{"href":"https:\/\/www.lirapopular.cl\/lirapopularxix\/wp-json\/wp\/v2\/types\/page"}],"author":[{"embeddable":true,"href":"https:\/\/www.lirapopular.cl\/lirapopularxix\/wp-json\/wp\/v2\/users\/1"}],"replies":[{"embeddable":true,"href":"https:\/\/www.lirapopular.cl\/lirapopularxix\/wp-json\/wp\/v2\/comments?post=26425"}],"version-history":[{"count":0,"href":"https:\/\/www.lirapopular.cl\/lirapopularxix\/wp-json\/wp\/v2\/pages\/26425\/revisions"}],"wp:attachment":[{"href":"https:\/\/www.lirapopular.cl\/lirapopularxix\/wp-json\/wp\/v2\/media?parent=26425"}],"curies":[{"name":"wp","href":"https:\/\/api.w.org\/{rel}","templated":true}]}}