{"id":264,"date":"2019-06-06T00:40:59","date_gmt":"2019-06-06T04:40:59","guid":{"rendered":"https:\/\/www.lirapopular.cl\/lirapopularxix\/?page_id=264"},"modified":"2019-06-06T00:40:59","modified_gmt":"2019-06-06T04:40:59","slug":"gran-fenomenoencontrado-en-la-hacienda-denominada-el-romero","status":"publish","type":"page","link":"https:\/\/www.lirapopular.cl\/lirapopularxix\/gran-fenomenoencontrado-en-la-hacienda-denominada-el-romero\/","title":{"rendered":"Gran fen\u00f3meno<br>encontrado en una estensa hacienda denominada &#8220;El Romero&#8221;"},"content":{"rendered":"\n<p>Autor: J. Hip\u00f3lito Cordero, Calle de Benavente, n\u00famero 24.<br>Impresor: Sin informaci\u00f3n<br>Tama\u00f1o: 27,2 x 37,7 cm<br>Clasificaci\u00f3n: 347 C794g Caja N\u00b01b<\/p>\n\n\n\n<div class=\"wp-block-image\"><figure class=\"alignright\"><a href=\"https:\/\/www.lirapopular.cl\/lirapopularxix\/wp-content\/uploads\/2019\/06\/347.jpg\"><img loading=\"lazy\" decoding=\"async\" width=\"226\" height=\"300\" src=\"https:\/\/www.lirapopular.cl\/lirapopularxix\/wp-content\/uploads\/2019\/06\/347-226x300.jpg\" alt=\"\" class=\"wp-image-266\" srcset=\"https:\/\/www.lirapopular.cl\/lirapopularxix\/wp-content\/uploads\/2019\/06\/347-226x300.jpg 226w, https:\/\/www.lirapopular.cl\/lirapopularxix\/wp-content\/uploads\/2019\/06\/347.jpg 752w\" sizes=\"auto, (max-width: 226px) 100vw, 226px\" \/><\/a><figcaption>Colecci\u00f3n Lira Popular de la<br>Universidad de Chile<\/figcaption><\/figure><\/div>\n\n\n\n<ul class=\"wp-block-list\"><li><a href=\"https:\/\/www.lirapopular.cl\/lirapopularxix\/2019\/06\/06\/gran-fenomenoencontrado-en-la-haciendadel-romero-2\/\">Gran fen\u00f3meno<\/a><\/li><li><a href=\"https:\/\/www.lirapopular.cl\/lirapopularxix\/2019\/06\/06\/despedida-de-anjel-2\/\">Despedida de \u00e1njel<\/a><\/li><li><a href=\"https:\/\/www.lirapopular.cl\/lirapopularxix\/2019\/06\/06\/la-mujer-celosa-2\/\">La mujer celosa<\/a><\/li><li><a href=\"https:\/\/www.lirapopular.cl\/lirapopularxix\/2019\/06\/06\/a-una-amiga-2\/\">A una amiga<\/a><\/li><li><a href=\"https:\/\/www.lirapopular.cl\/lirapopularxix\/2019\/06\/06\/zamacueca-2\/\">Zamacueca<\/a><\/li><\/ul>\n\n\n\n<p>Nota: Este ejemplar tiene escrito a mano con l\u00e1piz rojo \u201c347\u201d<\/p>\n","protected":false},"excerpt":{"rendered":"<p>Autor: J. Hip\u00f3lito Cordero, Calle de Benavente, n\u00famero 24.Impresor: Sin informaci\u00f3nTama\u00f1o: 27,2 x 37,7 cmClasificaci\u00f3n: 347 C794g Caja N\u00b01b Gran fen\u00f3meno Despedida de \u00e1njel La mujer celosa A una amiga Zamacueca Nota: Este ejemplar tiene escrito a mano con l\u00e1piz rojo \u201c347\u201d<\/p>\n","protected":false},"author":1,"featured_media":0,"parent":0,"menu_order":0,"comment_status":"closed","ping_status":"closed","template":"","meta":{"footnotes":""},"class_list":["post-264","page","type-page","status-publish","hentry"],"jetpack_sharing_enabled":true,"_links":{"self":[{"href":"https:\/\/www.lirapopular.cl\/lirapopularxix\/wp-json\/wp\/v2\/pages\/264","targetHints":{"allow":["GET"]}}],"collection":[{"href":"https:\/\/www.lirapopular.cl\/lirapopularxix\/wp-json\/wp\/v2\/pages"}],"about":[{"href":"https:\/\/www.lirapopular.cl\/lirapopularxix\/wp-json\/wp\/v2\/types\/page"}],"author":[{"embeddable":true,"href":"https:\/\/www.lirapopular.cl\/lirapopularxix\/wp-json\/wp\/v2\/users\/1"}],"replies":[{"embeddable":true,"href":"https:\/\/www.lirapopular.cl\/lirapopularxix\/wp-json\/wp\/v2\/comments?post=264"}],"version-history":[{"count":0,"href":"https:\/\/www.lirapopular.cl\/lirapopularxix\/wp-json\/wp\/v2\/pages\/264\/revisions"}],"wp:attachment":[{"href":"https:\/\/www.lirapopular.cl\/lirapopularxix\/wp-json\/wp\/v2\/media?parent=264"}],"curies":[{"name":"wp","href":"https:\/\/api.w.org\/{rel}","templated":true}]}}