{"id":26392,"date":"2021-11-15T15:41:18","date_gmt":"2021-11-15T19:41:18","guid":{"rendered":"https:\/\/www.lirapopular.cl\/lirapopularxix\/?page_id=26392"},"modified":"2021-11-15T15:41:18","modified_gmt":"2021-11-15T19:41:18","slug":"la-mujer-ahorcada-i-punaleada-por-el-marido","status":"publish","type":"page","link":"https:\/\/www.lirapopular.cl\/lirapopularxix\/la-mujer-ahorcada-i-punaleada-por-el-marido\/","title":{"rendered":"La mujer ahorcada i pu\u00f1aleada por el marido"},"content":{"rendered":"\n<div class=\"wp-block-image is-style-default\"><figure class=\"alignright size-medium\"><a href=\"https:\/\/www.lirapopular.cl\/lirapopularxix\/wp-content\/uploads\/2021\/11\/LO0012279.jpg\"><img loading=\"lazy\" decoding=\"async\" width=\"208\" height=\"300\" src=\"https:\/\/www.lirapopular.cl\/lirapopularxix\/wp-content\/uploads\/2021\/11\/LO0012279-208x300.jpg\" alt=\"\" class=\"wp-image-26395\" srcset=\"https:\/\/www.lirapopular.cl\/lirapopularxix\/wp-content\/uploads\/2021\/11\/LO0012279-208x300.jpg 208w, https:\/\/www.lirapopular.cl\/lirapopularxix\/wp-content\/uploads\/2021\/11\/LO0012279.jpg 692w\" sizes=\"auto, (max-width: 208px) 100vw, 208px\" \/><\/a><figcaption>Archivo de Literatura Oral<br \/>Fondo Rodolfo Lenz<\/figcaption><\/figure><\/div>\n\n\n\n<p>Autor: El Tamayino.<br \/>Impresor: Sin informaci\u00f3n<br \/>Tama\u00f1o: 55 x 39 cm<br \/>Clasificaci\u00f3n: BN C\u00f3digo:\u00a0LO0012279<\/p>\n\n\n\n<ul class=\"wp-block-list\"><li><a href=\"https:\/\/www.lirapopular.cl\/lirapopularxix\/2021\/11\/15\/la-mujer-ahorcadai-punaleada-por-el-marido-i-lesaca-del-vientre-a-la-criatura\/\">La mujer ahorcada y pu\u00f1aleada por el marido y le saca del vientre a la criatura<\/a><\/li><li><a href=\"https:\/\/www.lirapopular.cl\/lirapopularxix\/2021\/11\/15\/ultima-sentenciadelreo-ponce-en-valparaiso\/\">Ultima sentencia del reo Ponce en Valparaiso<\/a><\/li><li><a href=\"https:\/\/www.lirapopular.cl\/lirapopularxix\/2021\/11\/15\/suicidio-en-vina-del-marde-un-nino-de-13-anos\/\">Suicidio en Vi\u00f1a del Mar de un ni\u00f1o de 13 a\u00f1os<\/a><\/li><li><a href=\"https:\/\/www.lirapopular.cl\/lirapopularxix\/2021\/11\/15\/declaracion-amorosade-un-amante-a-su-querida\/\">Declaraci\u00f3n amorosa de un amante a su querida<\/a><\/li><li><a href=\"https:\/\/www.lirapopular.cl\/lirapopularxix\/2021\/11\/15\/las-cuecas-delzapatero\/\">Las cuecas del zapatero<\/a><\/li><li><a href=\"https:\/\/www.lirapopular.cl\/lirapopularxix\/2021\/11\/15\/el-padre-que-se-degollo-en-elconvento-de-santo-domingoen-santiago\/\">El padre que se degoll\u00f3 en el convento de Santo Domingo en Santiago<\/a><\/li><\/ul>\n\n\n\n<p>Nota: Este ejemplar tiene escrito a mano con l\u00e1piz rojo \u201c-17-\u201d, con azul &#8220;amor&#8221;, con grafito &#8220;29&#8221; y con un timbre &#8220;0295&#8221;.<br \/>Documento optimizado digitalmente.<\/p>\n","protected":false},"excerpt":{"rendered":"<p>Autor: El Tamayino.Impresor: Sin informaci\u00f3nTama\u00f1o: 55 x 39 cmClasificaci\u00f3n: BN C\u00f3digo:\u00a0LO0012279 La mujer ahorcada y pu\u00f1aleada por el marido y le saca del vientre a la criatura Ultima sentencia del reo Ponce en Valparaiso Suicidio en Vi\u00f1a del Mar de un ni\u00f1o de 13 a\u00f1os Declaraci\u00f3n amorosa de un amante a su querida Las cuecas [&hellip;]<\/p>\n","protected":false},"author":1,"featured_media":0,"parent":0,"menu_order":0,"comment_status":"closed","ping_status":"closed","template":"","meta":{"footnotes":""},"class_list":["post-26392","page","type-page","status-publish","hentry"],"jetpack_sharing_enabled":true,"_links":{"self":[{"href":"https:\/\/www.lirapopular.cl\/lirapopularxix\/wp-json\/wp\/v2\/pages\/26392","targetHints":{"allow":["GET"]}}],"collection":[{"href":"https:\/\/www.lirapopular.cl\/lirapopularxix\/wp-json\/wp\/v2\/pages"}],"about":[{"href":"https:\/\/www.lirapopular.cl\/lirapopularxix\/wp-json\/wp\/v2\/types\/page"}],"author":[{"embeddable":true,"href":"https:\/\/www.lirapopular.cl\/lirapopularxix\/wp-json\/wp\/v2\/users\/1"}],"replies":[{"embeddable":true,"href":"https:\/\/www.lirapopular.cl\/lirapopularxix\/wp-json\/wp\/v2\/comments?post=26392"}],"version-history":[{"count":0,"href":"https:\/\/www.lirapopular.cl\/lirapopularxix\/wp-json\/wp\/v2\/pages\/26392\/revisions"}],"wp:attachment":[{"href":"https:\/\/www.lirapopular.cl\/lirapopularxix\/wp-json\/wp\/v2\/media?parent=26392"}],"curies":[{"name":"wp","href":"https:\/\/api.w.org\/{rel}","templated":true}]}}