{"id":26374,"date":"2021-11-14T20:07:33","date_gmt":"2021-11-15T00:07:33","guid":{"rendered":"https:\/\/www.lirapopular.cl\/lirapopularxix\/?page_id=26374"},"modified":"2021-11-14T20:07:33","modified_gmt":"2021-11-15T00:07:33","slug":"la-muerte-del-pajaro-nino","status":"publish","type":"page","link":"https:\/\/www.lirapopular.cl\/lirapopularxix\/la-muerte-del-pajaro-nino\/","title":{"rendered":"LA MUERTE DEL PAJARO NI\u00d1O"},"content":{"rendered":"\n<div class=\"wp-block-image is-style-default\"><figure class=\"alignright size-medium\"><a href=\"https:\/\/www.lirapopular.cl\/lirapopularxix\/wp-content\/uploads\/2021\/11\/LO0012028.jpg\"><img loading=\"lazy\" decoding=\"async\" width=\"200\" height=\"300\" src=\"https:\/\/www.lirapopular.cl\/lirapopularxix\/wp-content\/uploads\/2021\/11\/LO0012028-200x300.jpg\" alt=\"\" class=\"wp-image-26378\" srcset=\"https:\/\/www.lirapopular.cl\/lirapopularxix\/wp-content\/uploads\/2021\/11\/LO0012028-200x300.jpg 200w, https:\/\/www.lirapopular.cl\/lirapopularxix\/wp-content\/uploads\/2021\/11\/LO0012028.jpg 668w\" sizes=\"auto, (max-width: 200px) 100vw, 200px\" \/><\/a><figcaption>Archivo de Literatura Oral<br \/>Fondo Rodolfo Lenz<\/figcaption><\/figure><\/div>\n\n\n\n<p>Autor: An\u00f3nimo.<br \/>Impresor: Imp. del Aguila. Concepci\u00f3n.<br \/>Tama\u00f1o: 55 x 37 cm<br \/>Clasificaci\u00f3n: BN C\u00f3digo:\u00a0LO0012028<\/p>\n\n\n\n<ul class=\"wp-block-list\"><li><a href=\"https:\/\/www.lirapopular.cl\/lirapopularxix\/2021\/11\/15\/el-pajaro-nino\/\">El P\u00e1jaro ni\u00f1o<\/a><\/li><li><a href=\"https:\/\/www.lirapopular.cl\/lirapopularxix\/2021\/11\/15\/gran-contrapuntoentreun-guardian-y-un-borracho\/\">Gran contrapunto entre un guardian y un borracho<\/a><\/li><li><a href=\"https:\/\/www.lirapopular.cl\/lirapopularxix\/2021\/11\/15\/sobre-las-olas\/\">Sobre las olas<\/a><\/li><li><a href=\"https:\/\/www.lirapopular.cl\/lirapopularxix\/2021\/11\/15\/las-violetas\/\">Las violetas<\/a><\/li><li><a href=\"https:\/\/www.lirapopular.cl\/lirapopularxix\/2021\/11\/15\/el-jazmincancion\/\">El jazm\u00edn. Canci\u00f3n<\/a><\/li><\/ul>\n\n\n\n<p>Nota: Este ejemplar tiene escrito a mano con plum\u00f3n \u201c-28-\u201d y con un timbre &#8220;339&#8221;.<br \/>Documento optimizado digitalmente.<\/p>\n","protected":false},"excerpt":{"rendered":"<p>Autor: An\u00f3nimo.Impresor: Imp. del Aguila. Concepci\u00f3n.Tama\u00f1o: 55 x 37 cmClasificaci\u00f3n: BN C\u00f3digo:\u00a0LO0012028 El P\u00e1jaro ni\u00f1o Gran contrapunto entre un guardian y un borracho Sobre las olas Las violetas El jazm\u00edn. Canci\u00f3n Nota: Este ejemplar tiene escrito a mano con plum\u00f3n \u201c-28-\u201d y con un timbre &#8220;339&#8221;.Documento optimizado digitalmente.<\/p>\n","protected":false},"author":1,"featured_media":0,"parent":0,"menu_order":0,"comment_status":"closed","ping_status":"closed","template":"","meta":{"footnotes":""},"class_list":["post-26374","page","type-page","status-publish","hentry"],"jetpack_sharing_enabled":true,"_links":{"self":[{"href":"https:\/\/www.lirapopular.cl\/lirapopularxix\/wp-json\/wp\/v2\/pages\/26374","targetHints":{"allow":["GET"]}}],"collection":[{"href":"https:\/\/www.lirapopular.cl\/lirapopularxix\/wp-json\/wp\/v2\/pages"}],"about":[{"href":"https:\/\/www.lirapopular.cl\/lirapopularxix\/wp-json\/wp\/v2\/types\/page"}],"author":[{"embeddable":true,"href":"https:\/\/www.lirapopular.cl\/lirapopularxix\/wp-json\/wp\/v2\/users\/1"}],"replies":[{"embeddable":true,"href":"https:\/\/www.lirapopular.cl\/lirapopularxix\/wp-json\/wp\/v2\/comments?post=26374"}],"version-history":[{"count":0,"href":"https:\/\/www.lirapopular.cl\/lirapopularxix\/wp-json\/wp\/v2\/pages\/26374\/revisions"}],"wp:attachment":[{"href":"https:\/\/www.lirapopular.cl\/lirapopularxix\/wp-json\/wp\/v2\/media?parent=26374"}],"curies":[{"name":"wp","href":"https:\/\/api.w.org\/{rel}","templated":true}]}}