{"id":26345,"date":"2021-11-14T16:16:14","date_gmt":"2021-11-14T20:16:14","guid":{"rendered":"https:\/\/www.lirapopular.cl\/lirapopularxix\/?page_id=26345"},"modified":"2021-11-14T16:16:14","modified_gmt":"2021-11-14T20:16:14","slug":"la-lira-popular-n-149","status":"publish","type":"page","link":"https:\/\/www.lirapopular.cl\/lirapopularxix\/la-lira-popular-n-149\/","title":{"rendered":"La Lira Popular N. 149"},"content":{"rendered":"\n<div class=\"wp-block-image is-style-default\"><figure class=\"alignright size-medium\"><a href=\"https:\/\/www.lirapopular.cl\/lirapopularxix\/wp-content\/uploads\/2021\/11\/LO0012121.jpg\"><img loading=\"lazy\" decoding=\"async\" width=\"207\" height=\"300\" src=\"https:\/\/www.lirapopular.cl\/lirapopularxix\/wp-content\/uploads\/2021\/11\/LO0012121-207x300.jpg\" alt=\"\" class=\"wp-image-26346\" srcset=\"https:\/\/www.lirapopular.cl\/lirapopularxix\/wp-content\/uploads\/2021\/11\/LO0012121-207x300.jpg 207w, https:\/\/www.lirapopular.cl\/lirapopularxix\/wp-content\/uploads\/2021\/11\/LO0012121.jpg 690w\" sizes=\"auto, (max-width: 207px) 100vw, 207px\" \/><\/a><figcaption>Archivo de Literatura Oral<br \/>Fondo Rodolfo Lenz<\/figcaption><\/figure><\/div>\n\n\n\n<p>Autor: Juan Bautista Peralta. Es propiedad de autor. <br \/>Impresor: Imp. San Francisco 183.<br \/>Tama\u00f1o: 55 x 39 cm<br \/>Clasificaci\u00f3n: BN C\u00f3digo:\u00a0LO0012121<\/p>\n\n\n\n<ul class=\"wp-block-list\"><li><a href=\"https:\/\/www.lirapopular.cl\/lirapopularxix\/2021\/11\/14\/horrendo-drama-de-sangre-por-celos\/\">Horrendo drama de sangre por celos. Los cr\u00edmenes aristocr\u00e1ticos. Todos los detalles<\/a><\/li><li><a href=\"https:\/\/www.lirapopular.cl\/lirapopularxix\/2021\/11\/14\/alrededor-del-crimen-complicidad\/\">Alrededor del crimen. Complicidad de la prensa y la justicia. La protesta del pueblo<\/a><\/li><li><a href=\"https:\/\/www.lirapopular.cl\/lirapopularxix\/2021\/11\/14\/espantoso-drama\/\">Espantoso drama<\/a><\/li><li><a href=\"https:\/\/www.lirapopular.cl\/lirapopularxix\/2021\/11\/14\/peregrinacion-de-jesussu-entrada-en-jerusalen\/\">Peregrinaci\u00f3n de Jes\u00fas. Su entrada a Jerusal\u00e9n<\/a><\/li><li><a href=\"https:\/\/www.lirapopular.cl\/lirapopularxix\/2021\/11\/14\/los-sucesos-de-la-noche-de-cena-2\/\">Los sucesos de la Noche de Cena. <\/a><\/li><li><a href=\"https:\/\/www.lirapopular.cl\/lirapopularxix\/2021\/11\/14\/jesus-en-casa-de-pilato-2\/\">Jes\u00fas en casa de Pilato<\/a><\/li><\/ul>\n\n\n\n<p>Nota: Este ejemplar tiene escrito a mano con l\u00e1piz rojo \u201c29-\u201d, con grafito &#8220;8. V. 1908&#8221;, &#8220;42&#8221; y con un timbre &#8220;437&#8221;.<br \/>Documento optimizado digitalmente.<\/p>\n","protected":false},"excerpt":{"rendered":"<p>Autor: Juan Bautista Peralta. Es propiedad de autor. Impresor: Imp. San Francisco 183.Tama\u00f1o: 55 x 39 cmClasificaci\u00f3n: BN C\u00f3digo:\u00a0LO0012121 Horrendo drama de sangre por celos. Los cr\u00edmenes aristocr\u00e1ticos. Todos los detalles Alrededor del crimen. Complicidad de la prensa y la justicia. La protesta del pueblo Espantoso drama Peregrinaci\u00f3n de Jes\u00fas. Su entrada a Jerusal\u00e9n Los [&hellip;]<\/p>\n","protected":false},"author":1,"featured_media":0,"parent":0,"menu_order":0,"comment_status":"closed","ping_status":"closed","template":"","meta":{"footnotes":""},"class_list":["post-26345","page","type-page","status-publish","hentry"],"jetpack_sharing_enabled":true,"_links":{"self":[{"href":"https:\/\/www.lirapopular.cl\/lirapopularxix\/wp-json\/wp\/v2\/pages\/26345","targetHints":{"allow":["GET"]}}],"collection":[{"href":"https:\/\/www.lirapopular.cl\/lirapopularxix\/wp-json\/wp\/v2\/pages"}],"about":[{"href":"https:\/\/www.lirapopular.cl\/lirapopularxix\/wp-json\/wp\/v2\/types\/page"}],"author":[{"embeddable":true,"href":"https:\/\/www.lirapopular.cl\/lirapopularxix\/wp-json\/wp\/v2\/users\/1"}],"replies":[{"embeddable":true,"href":"https:\/\/www.lirapopular.cl\/lirapopularxix\/wp-json\/wp\/v2\/comments?post=26345"}],"version-history":[{"count":0,"href":"https:\/\/www.lirapopular.cl\/lirapopularxix\/wp-json\/wp\/v2\/pages\/26345\/revisions"}],"wp:attachment":[{"href":"https:\/\/www.lirapopular.cl\/lirapopularxix\/wp-json\/wp\/v2\/media?parent=26345"}],"curies":[{"name":"wp","href":"https:\/\/api.w.org\/{rel}","templated":true}]}}