{"id":26322,"date":"2021-11-13T23:32:06","date_gmt":"2021-11-14T03:32:06","guid":{"rendered":"https:\/\/www.lirapopular.cl\/lirapopularxix\/?page_id=26322"},"modified":"2021-11-13T23:32:06","modified_gmt":"2021-11-14T03:32:06","slug":"la-lira-popular-2","status":"publish","type":"page","link":"https:\/\/www.lirapopular.cl\/lirapopularxix\/la-lira-popular-2\/","title":{"rendered":"LA LIRA POPULAR <br>Director: Juan Bautista Peralta &#8211; Chacabuco 49 Stgo <br> 20 Ctvs. 2o Ctvs."},"content":{"rendered":"\n<div class=\"wp-block-image is-style-default\"><figure class=\"alignright size-medium\"><a href=\"https:\/\/www.lirapopular.cl\/lirapopularxix\/wp-content\/uploads\/2021\/11\/LO0012094.jpg\"><img loading=\"lazy\" decoding=\"async\" width=\"215\" height=\"300\" src=\"https:\/\/www.lirapopular.cl\/lirapopularxix\/wp-content\/uploads\/2021\/11\/LO0012094-215x300.jpg\" alt=\"\" class=\"wp-image-26325\" srcset=\"https:\/\/www.lirapopular.cl\/lirapopularxix\/wp-content\/uploads\/2021\/11\/LO0012094-215x300.jpg 215w, https:\/\/www.lirapopular.cl\/lirapopularxix\/wp-content\/uploads\/2021\/11\/LO0012094.jpg 716w\" sizes=\"auto, (max-width: 215px) 100vw, 215px\" \/><\/a><figcaption>Archivo de Literatura Oral<br \/>Fondo Rodolfo Lenz<\/figcaption><\/figure><\/div>\n\n\n\n<p>Autor: Juan Bautista Peralta. Chacabuco 49, Santiago.<br \/>Impresor: Imp. Nueva Rep\u00fablica., Av. Matta 930. Stgo.<br \/>Tama\u00f1o: 38 x 27 cm<br \/>Clasificaci\u00f3n: BN C\u00f3digo:\u00a0LO0012094<\/p>\n\n\n\n<ul class=\"wp-block-list\"><li><a href=\"https:\/\/www.lirapopular.cl\/lirapopularxix\/2021\/11\/14\/sobre-la-maraton-de-amsterdam\/\">Sobre la marat\u00f3n de Amsterdam. Brillante triunfo de Manuel Plaza entre setenta y nueve corredores mundiales, el chileno es clasificado segundo campe\u00f3n del mundo. Una pura casualidad le da el primer puesto al franc\u00e9s mister Huach<\/a><\/li><li><a href=\"https:\/\/www.lirapopular.cl\/lirapopularxix\/2021\/11\/14\/la-confraternidad-chileno-peruana\/\">La confraternidad chileno-peruana. El amigo estrellado de la Am\u00e9rica del Norte consigue restablecer la concordia entre Chile y el Per\u00fa<\/a><\/li><li><a href=\"https:\/\/www.lirapopular.cl\/lirapopularxix\/2021\/11\/14\/el-divorcio-en-chile\/\">El divorcio en Chile. Problemas de actualidades. Lo que dicen los hombres y rebaten las mujeres<\/a><\/li><li><a href=\"https:\/\/www.lirapopular.cl\/lirapopularxix\/2021\/11\/14\/sobre-el-horroroso-crimen-del-cura\/\">Sobre el horroroso crimen del cura de San Carlos que fu\u00e9 asesinado y comido por las aves de rapi\u00f1a<\/a><\/li><\/ul>\n\n\n\n<p>Nota: Por la informaci\u00f3n sobre Manuel Plaza, el documento es posterior al 5 de agosto de 1928.<br \/>Este ejemplar tiene escrito a mano con l\u00e1piz azul \u201c-2-\u201d, con uno azul &#8220;3&#8221; y con un timbre &#8220;BIBLIOTECA NACIONAL SECCION CONTROL&#8221;.<br \/>Documento optimizado digitalmente.<\/p>\n","protected":false},"excerpt":{"rendered":"<p>Autor: Juan Bautista Peralta. Chacabuco 49, Santiago.Impresor: Imp. Nueva Rep\u00fablica., Av. Matta 930. Stgo.Tama\u00f1o: 38 x 27 cmClasificaci\u00f3n: BN C\u00f3digo:\u00a0LO0012094 Sobre la marat\u00f3n de Amsterdam. Brillante triunfo de Manuel Plaza entre setenta y nueve corredores mundiales, el chileno es clasificado segundo campe\u00f3n del mundo. Una pura casualidad le da el primer puesto al franc\u00e9s mister [&hellip;]<\/p>\n","protected":false},"author":1,"featured_media":0,"parent":0,"menu_order":0,"comment_status":"closed","ping_status":"closed","template":"","meta":{"footnotes":""},"class_list":["post-26322","page","type-page","status-publish","hentry"],"jetpack_sharing_enabled":true,"_links":{"self":[{"href":"https:\/\/www.lirapopular.cl\/lirapopularxix\/wp-json\/wp\/v2\/pages\/26322","targetHints":{"allow":["GET"]}}],"collection":[{"href":"https:\/\/www.lirapopular.cl\/lirapopularxix\/wp-json\/wp\/v2\/pages"}],"about":[{"href":"https:\/\/www.lirapopular.cl\/lirapopularxix\/wp-json\/wp\/v2\/types\/page"}],"author":[{"embeddable":true,"href":"https:\/\/www.lirapopular.cl\/lirapopularxix\/wp-json\/wp\/v2\/users\/1"}],"replies":[{"embeddable":true,"href":"https:\/\/www.lirapopular.cl\/lirapopularxix\/wp-json\/wp\/v2\/comments?post=26322"}],"version-history":[{"count":0,"href":"https:\/\/www.lirapopular.cl\/lirapopularxix\/wp-json\/wp\/v2\/pages\/26322\/revisions"}],"wp:attachment":[{"href":"https:\/\/www.lirapopular.cl\/lirapopularxix\/wp-json\/wp\/v2\/media?parent=26322"}],"curies":[{"name":"wp","href":"https:\/\/api.w.org\/{rel}","templated":true}]}}