{"id":26303,"date":"2021-11-13T19:17:02","date_gmt":"2021-11-13T23:17:02","guid":{"rendered":"https:\/\/www.lirapopular.cl\/lirapopularxix\/?page_id=26303"},"modified":"2021-11-13T19:17:02","modified_gmt":"2021-11-13T23:17:02","slug":"ano-x-la-lira-popular-num-144","status":"publish","type":"page","link":"https:\/\/www.lirapopular.cl\/lirapopularxix\/ano-x-la-lira-popular-num-144\/","title":{"rendered":"A\u00f1o X | La Lira Popular | N\u00fam. 144"},"content":{"rendered":"\n<div class=\"wp-block-image is-style-default\"><figure class=\"alignright size-medium\"><a href=\"https:\/\/www.lirapopular.cl\/lirapopularxix\/wp-content\/uploads\/2021\/11\/LO0012101.jpg\"><img loading=\"lazy\" decoding=\"async\" width=\"207\" height=\"300\" src=\"https:\/\/www.lirapopular.cl\/lirapopularxix\/wp-content\/uploads\/2021\/11\/LO0012101-207x300.jpg\" alt=\"\" class=\"wp-image-26306\" srcset=\"https:\/\/www.lirapopular.cl\/lirapopularxix\/wp-content\/uploads\/2021\/11\/LO0012101-207x300.jpg 207w, https:\/\/www.lirapopular.cl\/lirapopularxix\/wp-content\/uploads\/2021\/11\/LO0012101.jpg 690w\" sizes=\"auto, (max-width: 207px) 100vw, 207px\" \/><\/a><figcaption>Archivo de Literatura Oral<br \/>Fondo Rodolfo Lenz<\/figcaption><\/figure><\/div>\n\n\n\n<p>Autor: Juan Bautista Peralta.<br \/>Impresor: Imp. de LA COMUNA, San Diego 69.<br \/>Tama\u00f1o: 55 x 38 cm<br \/>Clasificaci\u00f3n: BN C\u00f3digo:\u00a0LO0012101<\/p>\n\n\n\n<ul class=\"wp-block-list\"><li><a href=\"https:\/\/www.lirapopular.cl\/lirapopularxix\/2021\/11\/13\/sobre-la-horriblematanza-de-iquique\/\">Sobre la horrible matanza de Iquique<\/a><\/li><li><a href=\"https:\/\/www.lirapopular.cl\/lirapopularxix\/2021\/11\/13\/a-raiz-de-la-matanzala-accion-obrera-de-chile\/\">A raiz de la matanza. La acci\u00f3n obrera de Chile<\/a><\/li><li><a href=\"https:\/\/www.lirapopular.cl\/lirapopularxix\/2021\/11\/13\/a-silva-renardlos-aplausos-del-pais\/\">A Silva Renard. Los aplausos del pa\u00eds<\/a><\/li><li><a href=\"https:\/\/www.lirapopular.cl\/lirapopularxix\/2021\/11\/13\/temores-de-revuelta-en-santiago-2\/\">Temores de revuelta en Santiago y en otros puntos de la Rep\u00fablica. Mis consejos en el actual conflicto<\/a><\/li><li><a href=\"https:\/\/www.lirapopular.cl\/lirapopularxix\/2021\/11\/13\/el-fin-del-mundo-anunciado-por-el-chileno\/\">El fin del mundo anunciado por &#8220;El Chileno&#8221;. Por medio de la sed<\/a><\/li><li><a href=\"https:\/\/www.lirapopular.cl\/lirapopularxix\/2021\/11\/13\/horrible-dramauna-madre-que-asesina-5-hijos\/\">Horrible drama. Una madre asesina 5 hijos<\/a><\/li><\/ul>\n\n\n\n<p>AL PUBLICO DE SANTIAGO &#8212; Tenemos el honor de avisarle que desde el L\u00fanes 13 de Enero aparecer\u00e1 JOS\u00c8 ARNERO.<\/p>\n\n\n\n<p>Nota: Este ejemplar tiene escrito a mano con l\u00e1piz rojo \u201c484\u201d, con grafito &#8220;diciembre 1907&#8221;, &#8220;41&#8221; y con un timbre &#8220;436&#8221;.<br \/>Documento optimizado digitalmente.<\/p>\n","protected":false},"excerpt":{"rendered":"<p>Autor: Juan Bautista Peralta.Impresor: Imp. de LA COMUNA, San Diego 69.Tama\u00f1o: 55 x 38 cmClasificaci\u00f3n: BN C\u00f3digo:\u00a0LO0012101 Sobre la horrible matanza de Iquique A raiz de la matanza. La acci\u00f3n obrera de Chile A Silva Renard. Los aplausos del pa\u00eds Temores de revuelta en Santiago y en otros puntos de la Rep\u00fablica. Mis consejos en [&hellip;]<\/p>\n","protected":false},"author":1,"featured_media":0,"parent":0,"menu_order":0,"comment_status":"closed","ping_status":"closed","template":"","meta":{"footnotes":""},"class_list":["post-26303","page","type-page","status-publish","hentry"],"jetpack_sharing_enabled":true,"_links":{"self":[{"href":"https:\/\/www.lirapopular.cl\/lirapopularxix\/wp-json\/wp\/v2\/pages\/26303","targetHints":{"allow":["GET"]}}],"collection":[{"href":"https:\/\/www.lirapopular.cl\/lirapopularxix\/wp-json\/wp\/v2\/pages"}],"about":[{"href":"https:\/\/www.lirapopular.cl\/lirapopularxix\/wp-json\/wp\/v2\/types\/page"}],"author":[{"embeddable":true,"href":"https:\/\/www.lirapopular.cl\/lirapopularxix\/wp-json\/wp\/v2\/users\/1"}],"replies":[{"embeddable":true,"href":"https:\/\/www.lirapopular.cl\/lirapopularxix\/wp-json\/wp\/v2\/comments?post=26303"}],"version-history":[{"count":0,"href":"https:\/\/www.lirapopular.cl\/lirapopularxix\/wp-json\/wp\/v2\/pages\/26303\/revisions"}],"wp:attachment":[{"href":"https:\/\/www.lirapopular.cl\/lirapopularxix\/wp-json\/wp\/v2\/media?parent=26303"}],"curies":[{"name":"wp","href":"https:\/\/api.w.org\/{rel}","templated":true}]}}