{"id":26278,"date":"2021-11-12T17:33:08","date_gmt":"2021-11-12T21:33:08","guid":{"rendered":"https:\/\/www.lirapopular.cl\/lirapopularxix\/?page_id=26278"},"modified":"2021-11-12T17:33:08","modified_gmt":"2021-11-12T21:33:08","slug":"la-lira-popular-num-170","status":"publish","type":"page","link":"https:\/\/www.lirapopular.cl\/lirapopularxix\/la-lira-popular-num-170\/","title":{"rendered":"XIII La Lira Popular N\u00fam. 179"},"content":{"rendered":"<div class=\"wp-block-image is-style-default\">\n<figure class=\"alignright size-medium\"><a href=\"https:\/\/www.lirapopular.cl\/lirapopularxix\/wp-content\/uploads\/2021\/11\/LO0012116.jpg\"><img loading=\"lazy\" decoding=\"async\" width=\"206\" height=\"300\" src=\"https:\/\/www.lirapopular.cl\/lirapopularxix\/wp-content\/uploads\/2021\/11\/LO0012116-206x300.jpg\" alt=\"\" class=\"wp-image-26282\" srcset=\"https:\/\/www.lirapopular.cl\/lirapopularxix\/wp-content\/uploads\/2021\/11\/LO0012116-206x300.jpg 206w, https:\/\/www.lirapopular.cl\/lirapopularxix\/wp-content\/uploads\/2021\/11\/LO0012116.jpg 687w\" sizes=\"auto, (max-width: 206px) 100vw, 206px\" \/><\/a><figcaption>Archivo de Literatura Oral<br \/>Fondo Rodolfo Lenz<\/figcaption><\/figure>\n<\/div>\n\n\n<p>Autor: Juan Bautista Peralta. Director Propietario. Se proh\u00edbe la reimpresi\u00f3n de las poes\u00edas.<br \/>Impresor: Imprenta Popular<br \/>Tama\u00f1o: 55 x 38 cm<br \/>Clasificaci\u00f3n: BN C\u00f3digo:&nbsp;LO0012116<\/p>\n\n\n\n<ul class=\"wp-block-list\"><li><a href=\"https:\/\/www.lirapopular.cl\/lirapopularxix\/2021\/11\/13\/horrendo-crimen-en-caza-blanca-una-madre-quemata-de-un-hachazo-a-lehija-por-celos\/\">Horrendo crimen en Casablanca. Una madre que mata de un hachazo a la hija, por celos<\/a><\/li><li><a href=\"https:\/\/www.lirapopular.cl\/lirapopularxix\/2021\/11\/13\/gran-combate-de-siete-ajentes-con-un-bandido\/\">Gran combate de siete agentes con un bandido. Grandioso triunfo del huaso Raimundo. Derrota completa de las pesquisas. Tres mil hombres salen en persecucion del nuevo Rondan<\/a><\/li><li><a href=\"https:\/\/www.lirapopular.cl\/lirapopularxix\/2021\/11\/13\/salvaje-fusilamiento-de-seis-campesinos\/\">Salvaje fusilamiento de seis campesinos. Gran consternaci\u00f3n en el pueblo. Otras informaciones<\/a><\/li><li><a href=\"https:\/\/www.lirapopular.cl\/lirapopularxix\/2021\/11\/13\/la-condena-de-muerte-dereo-brito-perez-olmoscalderon-asesinos-deljuez-de-quillota\/\">La condena de muerte de reo Brito, Perez, Olmos Calderon, asesinos del juez de Quillota<\/a><\/li><li><a href=\"https:\/\/www.lirapopular.cl\/lirapopularxix\/2021\/11\/13\/invasion-del-territorio-chileno-por-los-peruanos\/\">Invasi\u00f3n del territorio chileno por los peruanos. El obispo de Arequipa hace clausurar las iglesias chilenas. Gran jubilo de los cholos<\/a><\/li><li><a href=\"https:\/\/www.lirapopular.cl\/lirapopularxix\/2021\/11\/13\/guerra-a-las-vinas-no-a-los-comerciantes\/\">Guerra a las vi\u00f1as no a los comerciantes. Importante proyecto de \u00abJos\u00e9 Arnero\u00bb. El mejor peri\u00f3dico de Chile<\/a><\/li><\/ul>\n\n\n\n<p class=\"has-text-align-left\"><strong>atencion atencion!<\/strong><\/p>\n\n\n\n<p class=\"has-text-align-left\">Queren ustedes reirse a costillas ajenas los domingos i lunes do cada semana comprese o pidale a los suplementerosel imponderable Peri\u00f3dico \u00abJos\u00e9 Arnero\u00bb, quiere usted arnerear<br \/>o ser arnerea do. Quiere leer Revistas, Peri\u00f3dicos, Almanaques Cancioneros i todas las publicaciones que se editen en esta Imprenta mande diez pesos a la Imprenta Popular i quedar\u00e1 en cali-<br \/>dad de cooperador de esta empresa i perpetuamente reconocido como favorecedor de la empresa periodistica que, Jos\u00e9 Arnero a fundado en Chile para bien del Pueblo trabajador, el dinero pue-<br \/>[de] mandarlo por jiro o carta certifica da a nombre de Juan B. Peralta, calle C\u00f3ndor 936 Santiago.<\/p>\n\n\n\n<p><br \/>Nota: Pie de fotos:<br \/>&#8211; Rafael Neira<br \/>&#8211; Nonato Orellana el \u00abHuaso Raimundo\u00bb<br \/>Este ejemplar tiene escrito a mano con l\u00e1piz rojo \u201c-24-\u201d, con grafito &#8220;2 VIII 1911&#8221; y con un timbre &#8220;439&#8221;.<br \/>Documento optimizado digitalmente.<\/p>\n","protected":false},"excerpt":{"rendered":"<p>Autor: Juan Bautista Peralta. Director Propietario. Se proh\u00edbe la reimpresi\u00f3n de las poes\u00edas.Impresor: Imprenta PopularTama\u00f1o: 55 x 38 cmClasificaci\u00f3n: BN C\u00f3digo:&nbsp;LO0012116 Horrendo crimen en Casablanca. Una madre que mata de un hachazo a la hija, por celos Gran combate de siete agentes con un bandido. Grandioso triunfo del huaso Raimundo. Derrota completa de las pesquisas. [&hellip;]<\/p>\n","protected":false},"author":1,"featured_media":0,"parent":0,"menu_order":0,"comment_status":"closed","ping_status":"closed","template":"","meta":{"footnotes":""},"class_list":["post-26278","page","type-page","status-publish","hentry"],"jetpack_sharing_enabled":true,"_links":{"self":[{"href":"https:\/\/www.lirapopular.cl\/lirapopularxix\/wp-json\/wp\/v2\/pages\/26278","targetHints":{"allow":["GET"]}}],"collection":[{"href":"https:\/\/www.lirapopular.cl\/lirapopularxix\/wp-json\/wp\/v2\/pages"}],"about":[{"href":"https:\/\/www.lirapopular.cl\/lirapopularxix\/wp-json\/wp\/v2\/types\/page"}],"author":[{"embeddable":true,"href":"https:\/\/www.lirapopular.cl\/lirapopularxix\/wp-json\/wp\/v2\/users\/1"}],"replies":[{"embeddable":true,"href":"https:\/\/www.lirapopular.cl\/lirapopularxix\/wp-json\/wp\/v2\/comments?post=26278"}],"version-history":[{"count":0,"href":"https:\/\/www.lirapopular.cl\/lirapopularxix\/wp-json\/wp\/v2\/pages\/26278\/revisions"}],"wp:attachment":[{"href":"https:\/\/www.lirapopular.cl\/lirapopularxix\/wp-json\/wp\/v2\/media?parent=26278"}],"curies":[{"name":"wp","href":"https:\/\/api.w.org\/{rel}","templated":true}]}}