{"id":26255,"date":"2021-11-12T15:46:48","date_gmt":"2021-11-12T19:46:48","guid":{"rendered":"https:\/\/www.lirapopular.cl\/lirapopularxix\/?page_id=26255"},"modified":"2021-11-12T15:46:48","modified_gmt":"2021-11-12T19:46:48","slug":"la-lira-popular-num-173","status":"publish","type":"page","link":"https:\/\/www.lirapopular.cl\/lirapopularxix\/la-lira-popular-num-173\/","title":{"rendered":"A\u00f1o XIII | La Lira Popular | N\u00fam 173<br>Precio: 10 Cts. Pedidos al Editor-Propietario: Juan B. Peralta, C\u00f3ndor 863, Santiago Precio 10 Cts."},"content":{"rendered":"\n<div class=\"wp-block-image is-style-default\"><figure class=\"alignright size-medium\"><a href=\"https:\/\/www.lirapopular.cl\/lirapopularxix\/wp-content\/uploads\/2021\/11\/LO0012099.jpg\"><img loading=\"lazy\" decoding=\"async\" width=\"208\" height=\"300\" src=\"https:\/\/www.lirapopular.cl\/lirapopularxix\/wp-content\/uploads\/2021\/11\/LO0012099-208x300.jpg\" alt=\"\" class=\"wp-image-26256\" srcset=\"https:\/\/www.lirapopular.cl\/lirapopularxix\/wp-content\/uploads\/2021\/11\/LO0012099-208x300.jpg 208w, https:\/\/www.lirapopular.cl\/lirapopularxix\/wp-content\/uploads\/2021\/11\/LO0012099.jpg 693w\" sizes=\"auto, (max-width: 208px) 100vw, 208px\" \/><\/a><figcaption>Archivo de Literatura Oral<br \/>Fondo Rodolfo Lenz<\/figcaption><\/figure><\/div>\n\n\n\n<p>Autor: Juan Bautista Peralta.<br \/>Impresor: Imp. Franklin, G\u00e1lvez 41.<br \/>Tama\u00f1o: 55 x 39 cm<br \/>Clasificaci\u00f3n: BN C\u00f3digo:\u00a0LO0012099<\/p>\n\n\n\n<ul class=\"wp-block-list\"><li><a href=\"https:\/\/www.lirapopular.cl\/lirapopularxix\/2021\/11\/12\/horrendo-crimenen-un-tren\/\">Horrendo crimen en un tren. Dos ni\u00f1itas violadas por el personal de palanqueros. El padre presencia la salvaje escena maniatado de pies y manos. Todos los detalles<\/a><\/li><li><a href=\"https:\/\/www.lirapopular.cl\/lirapopularxix\/2021\/11\/12\/horrendo-dramade-sangreen-el-cerro-cordillera\/\">Horrendo drama de sangre en el Cerro Cordillera. Un joven casado asesina una ni\u00f1a casada y en seguida se da muerte porque no le acepta su amor<\/a><\/li><li><a href=\"https:\/\/www.lirapopular.cl\/lirapopularxix\/2021\/11\/12\/el-colera-invade-a-laamerica-del-surpobre-chile\/\">El c\u00f3lera invade a la America del Sur. \u00a1Pobre Chile!<\/a><\/li><li><a href=\"https:\/\/www.lirapopular.cl\/lirapopularxix\/2021\/11\/12\/espantoso-crimen-en-melipilla\/\">Espantoso crimen en Melipilla. Un marido que envenena a su mujer y la mantiene 6 dias secuestrada y agonizante. Todos los detalles<\/a><\/li><li><a href=\"https:\/\/www.lirapopular.cl\/lirapopularxix\/2021\/11\/12\/colaboracionquejas-de-una-mujer-contra-loshombres\/\">Colaboraci\u00f3n. Quejas de una mujer contra los hombres<\/a><\/li><li><a href=\"https:\/\/www.lirapopular.cl\/lirapopularxix\/2021\/11\/12\/en-la-traccion-electricagran-pleito-entre-el-maquinis-la-5-56-i-el-terrible-perezinspector\/\">En la tracci\u00f3n el\u00e9ctrica. Gran pleito entre el maquinista 5.56 y el terrible P\u00e9rez (Inspector)<\/a><\/li><\/ul>\n\n\n\n<p>Nota: Este ejemplar tiene escrito a mano con l\u00e1piz rojo \u201c-7-\u201d, con grafito &#8220;2 VIII 1911&#8221;, &#8220;43&#8221; y con un timbre &#8220;438&#8221;. <br \/>Pie de fotos: <br \/>&#8211; [V]ista de los reos autores del horrendo cr\u00edmen del tren n\u00famero 35 del sur, prestando declaracion en la c\u00e1rcel de Rengo.<br \/>&#8211; Fotograf\u00eda de la familia, la v\u00edctima i el hechor del cr\u00edmen de Melipilla.<br \/>Documento optimizado digitalmente.<\/p>\n","protected":false},"excerpt":{"rendered":"<p>Autor: Juan Bautista Peralta.Impresor: Imp. Franklin, G\u00e1lvez 41.Tama\u00f1o: 55 x 39 cmClasificaci\u00f3n: BN C\u00f3digo:\u00a0LO0012099 Horrendo crimen en un tren. Dos ni\u00f1itas violadas por el personal de palanqueros. El padre presencia la salvaje escena maniatado de pies y manos. Todos los detalles Horrendo drama de sangre en el Cerro Cordillera. Un joven casado asesina una ni\u00f1a [&hellip;]<\/p>\n","protected":false},"author":1,"featured_media":0,"parent":0,"menu_order":0,"comment_status":"closed","ping_status":"closed","template":"","meta":{"footnotes":""},"class_list":["post-26255","page","type-page","status-publish","hentry"],"jetpack_sharing_enabled":true,"_links":{"self":[{"href":"https:\/\/www.lirapopular.cl\/lirapopularxix\/wp-json\/wp\/v2\/pages\/26255","targetHints":{"allow":["GET"]}}],"collection":[{"href":"https:\/\/www.lirapopular.cl\/lirapopularxix\/wp-json\/wp\/v2\/pages"}],"about":[{"href":"https:\/\/www.lirapopular.cl\/lirapopularxix\/wp-json\/wp\/v2\/types\/page"}],"author":[{"embeddable":true,"href":"https:\/\/www.lirapopular.cl\/lirapopularxix\/wp-json\/wp\/v2\/users\/1"}],"replies":[{"embeddable":true,"href":"https:\/\/www.lirapopular.cl\/lirapopularxix\/wp-json\/wp\/v2\/comments?post=26255"}],"version-history":[{"count":0,"href":"https:\/\/www.lirapopular.cl\/lirapopularxix\/wp-json\/wp\/v2\/pages\/26255\/revisions"}],"wp:attachment":[{"href":"https:\/\/www.lirapopular.cl\/lirapopularxix\/wp-json\/wp\/v2\/media?parent=26255"}],"curies":[{"name":"wp","href":"https:\/\/api.w.org\/{rel}","templated":true}]}}