{"id":26233,"date":"2021-11-12T14:25:32","date_gmt":"2021-11-12T18:25:32","guid":{"rendered":"https:\/\/www.lirapopular.cl\/lirapopularxix\/?page_id=26233"},"modified":"2021-11-12T14:25:32","modified_gmt":"2021-11-12T18:25:32","slug":"la-lira-popluar-no-121","status":"publish","type":"page","link":"https:\/\/www.lirapopular.cl\/lirapopularxix\/la-lira-popluar-no-121\/","title":{"rendered":"A\u00f1o VII La Lira POPLUAR N\u00ba 121 <br>Fundada el 15 de Agosto de 1899. PRECIO 5 CENTAVOS"},"content":{"rendered":"<div class=\"wp-block-image is-style-default\">\n<figure class=\"alignright size-large\"><a href=\"https:\/\/www.lirapopular.cl\/lirapopularxix\/wp-content\/uploads\/2021\/11\/LO0012127.jpg\"><img decoding=\"async\" src=\"https:\/\/www.lirapopular.cl\/lirapopularxix\/wp-content\/uploads\/2021\/11\/LO0012127-208x300.jpg\" alt=\"\"\/><\/a><figcaption class=\"wp-element-caption\">Archivo de Literatura Oral<br \/>Fondo Rodolfo Lenz<\/figcaption><\/figure>\n<\/div>\n\n\n<p>Autor: Juan Bautista Peralta. Direcci\u00f3n: Bandera 827 Pieza n\u00fam. 6. Se proh\u00edbe la reimpresi\u00f3n de estas poes\u00edas.<br \/>Impresor: Imp. Le\u00f3n V. Caldera.\u2014 Bandera, 919.<br \/>Tama\u00f1o: 55 x 39 cm<br \/>Clasificaci\u00f3n: BN C\u00f3digo:&nbsp;LO0012127<\/p>\n\n\n\n<ul class=\"wp-block-list\">\n<li><a href=\"https:\/\/www.lirapopular.cl\/lirapopularxix\/2021\/11\/12\/espantoso-crimenun-hijo-que-asesina-a-la-madre\/\">Espantoso cr\u00edmen. Un hijo que asesina a la madre<\/a><\/li>\n\n\n\n<li><a href=\"https:\/\/www.lirapopular.cl\/lirapopularxix\/2021\/11\/12\/horrible-crimen-una-mujer-que-da-muerte\/\">Horrible crimen. Una mujer que da muerte a hachazos a un ni\u00f1o<\/a><\/li>\n\n\n\n<li><a href=\"https:\/\/www.lirapopular.cl\/lirapopularxix\/2021\/11\/12\/para-dulcinea\/\">Para Dulcinea<\/a><\/li>\n\n\n\n<li><a href=\"https:\/\/www.lirapopular.cl\/lirapopularxix\/2021\/11\/12\/gran-polemica-entre-los-candidatos\/\">Gran pol\u00e9mica entre los candidatos a la presidencia de la Rep\u00fablica Fernando Lazcano y Pedro Montt<\/a><\/li>\n\n\n\n<li><a href=\"https:\/\/www.lirapopular.cl\/lirapopularxix\/2021\/11\/12\/la-cuestion-presidenciali-el-pueblo\/\">La cuesti\u00f3n Presidencial y el pueblo<\/a><\/li>\n<\/ul>\n\n\n\n<p>Nota: Las candidaturas por la presidencia de P. Montt y F. Lazcano fueron en 1906.<br \/>Este ejemplar tiene escrito a mano con l\u00e1piz rojo \u201c-35\u201d, con grafito &#8220;I. VI. 1906&#8221;, &#8220;38&#8221; y con un timbre &#8220;483&#8221;.<br \/>Documento optimizado digitalmente.<\/p>\n","protected":false},"excerpt":{"rendered":"<p>Autor: Juan Bautista Peralta. Direcci\u00f3n: Bandera 827 Pieza n\u00fam. 6. Se proh\u00edbe la reimpresi\u00f3n de estas poes\u00edas.Impresor: Imp. Le\u00f3n V. Caldera.\u2014 Bandera, 919.Tama\u00f1o: 55 x 39 cmClasificaci\u00f3n: BN C\u00f3digo:&nbsp;LO0012127 Nota: Las candidaturas por la presidencia de P. Montt y F. Lazcano fueron en 1906.Este ejemplar tiene escrito a mano con l\u00e1piz rojo \u201c-35\u201d, con grafito [&hellip;]<\/p>\n","protected":false},"author":1,"featured_media":0,"parent":0,"menu_order":0,"comment_status":"closed","ping_status":"closed","template":"","meta":{"footnotes":""},"class_list":["post-26233","page","type-page","status-publish","hentry"],"jetpack_sharing_enabled":true,"_links":{"self":[{"href":"https:\/\/www.lirapopular.cl\/lirapopularxix\/wp-json\/wp\/v2\/pages\/26233","targetHints":{"allow":["GET"]}}],"collection":[{"href":"https:\/\/www.lirapopular.cl\/lirapopularxix\/wp-json\/wp\/v2\/pages"}],"about":[{"href":"https:\/\/www.lirapopular.cl\/lirapopularxix\/wp-json\/wp\/v2\/types\/page"}],"author":[{"embeddable":true,"href":"https:\/\/www.lirapopular.cl\/lirapopularxix\/wp-json\/wp\/v2\/users\/1"}],"replies":[{"embeddable":true,"href":"https:\/\/www.lirapopular.cl\/lirapopularxix\/wp-json\/wp\/v2\/comments?post=26233"}],"version-history":[{"count":0,"href":"https:\/\/www.lirapopular.cl\/lirapopularxix\/wp-json\/wp\/v2\/pages\/26233\/revisions"}],"wp:attachment":[{"href":"https:\/\/www.lirapopular.cl\/lirapopularxix\/wp-json\/wp\/v2\/media?parent=26233"}],"curies":[{"name":"wp","href":"https:\/\/api.w.org\/{rel}","templated":true}]}}