{"id":26205,"date":"2021-11-11T16:00:20","date_gmt":"2021-11-11T20:00:20","guid":{"rendered":"https:\/\/www.lirapopular.cl\/lirapopularxix\/?page_id=26205"},"modified":"2021-11-11T16:00:20","modified_gmt":"2021-11-11T20:00:20","slug":"la-gran-inundacion-del-bio-bio","status":"publish","type":"page","link":"https:\/\/www.lirapopular.cl\/lirapopularxix\/la-gran-inundacion-del-bio-bio\/","title":{"rendered":"La Gran Inundacion del BIO-BIO"},"content":{"rendered":"\n<div class=\"wp-block-image is-style-default\"><figure class=\"alignright size-medium\"><a href=\"https:\/\/www.lirapopular.cl\/lirapopularxix\/wp-content\/uploads\/2021\/11\/LO0012058.jpg\"><img loading=\"lazy\" decoding=\"async\" width=\"209\" height=\"300\" src=\"https:\/\/www.lirapopular.cl\/lirapopularxix\/wp-content\/uploads\/2021\/11\/LO0012058-209x300.jpg\" alt=\"\" class=\"wp-image-26208\" srcset=\"https:\/\/www.lirapopular.cl\/lirapopularxix\/wp-content\/uploads\/2021\/11\/LO0012058-209x300.jpg 209w, https:\/\/www.lirapopular.cl\/lirapopularxix\/wp-content\/uploads\/2021\/11\/LO0012058.jpg 696w\" sizes=\"auto, (max-width: 209px) 100vw, 209px\" \/><\/a><figcaption>Archivo de Literatura Oral<br \/>Fondo Rodolfo Lenz<\/figcaption><\/figure><\/div>\n\n\n\n<p>Autor: Francisco Elgueta. Poeta Art\u00edstico.<br \/>Impresor: Imp. y Enc. Penquista. \u2014 Concepci\u00f3n<br \/>Tama\u00f1o: 56 x 39 cm<br \/>Clasificaci\u00f3n: BN C\u00f3digo:\u00a0LO0012058<\/p>\n\n\n\n<ul class=\"wp-block-list\"><li><a href=\"https:\/\/www.lirapopular.cl\/lirapopularxix\/2021\/11\/12\/la-gran-inundacion-del-bio-bio\/\">La gran inundacion del Bio Bio. Relato en poes\u00eda moderna del suceso<\/a><\/li><li><a href=\"https:\/\/www.lirapopular.cl\/lirapopularxix\/2021\/11\/12\/contrapuntoentre-elhuaso-y-el-futre\/\">Contrapunto entre el huaso y el futre<\/a><\/li><li><a href=\"https:\/\/www.lirapopular.cl\/lirapopularxix\/2021\/11\/12\/cartadeun-soldado-a-su-camarada\/\">Carta de un soldado a su camarada<\/a><\/li><li><a href=\"https:\/\/www.lirapopular.cl\/lirapopularxix\/2021\/11\/12\/el-asesinato-del-pollero-relato-completo\/\">El asesinato del Pollero. Relato completo del crimen. El hechor es condenado a muerte. Solicita su indulto (romance)<\/a><\/li><li><a href=\"https:\/\/www.lirapopular.cl\/lirapopularxix\/2021\/11\/12\/ultima-hora\/\">Ultima hora <\/a><\/li><li><a href=\"https:\/\/www.lirapopular.cl\/lirapopularxix\/2021\/11\/12\/literatura-21\/\">Literatura<\/a><\/li><\/ul>\n\n\n\n<p>Nota: Este ejemplar tiene escrito a mano con l\u00e1piz grafito &#8220;Concepci\u00f3n, Septiembre 30 de 1899&#8221;, con l\u00e1piz rojo \u201c-29-\u201d y con un timbre &#8220;135&#8221;.<br \/>Documento optimizado digitalmente.<\/p>\n","protected":false},"excerpt":{"rendered":"<p>Autor: Francisco Elgueta. Poeta Art\u00edstico.Impresor: Imp. y Enc. Penquista. \u2014 Concepci\u00f3nTama\u00f1o: 56 x 39 cmClasificaci\u00f3n: BN C\u00f3digo:\u00a0LO0012058 La gran inundacion del Bio Bio. Relato en poes\u00eda moderna del suceso Contrapunto entre el huaso y el futre Carta de un soldado a su camarada El asesinato del Pollero. Relato completo del crimen. El hechor es condenado [&hellip;]<\/p>\n","protected":false},"author":1,"featured_media":0,"parent":0,"menu_order":0,"comment_status":"closed","ping_status":"closed","template":"","meta":{"footnotes":""},"class_list":["post-26205","page","type-page","status-publish","hentry"],"jetpack_sharing_enabled":true,"_links":{"self":[{"href":"https:\/\/www.lirapopular.cl\/lirapopularxix\/wp-json\/wp\/v2\/pages\/26205","targetHints":{"allow":["GET"]}}],"collection":[{"href":"https:\/\/www.lirapopular.cl\/lirapopularxix\/wp-json\/wp\/v2\/pages"}],"about":[{"href":"https:\/\/www.lirapopular.cl\/lirapopularxix\/wp-json\/wp\/v2\/types\/page"}],"author":[{"embeddable":true,"href":"https:\/\/www.lirapopular.cl\/lirapopularxix\/wp-json\/wp\/v2\/users\/1"}],"replies":[{"embeddable":true,"href":"https:\/\/www.lirapopular.cl\/lirapopularxix\/wp-json\/wp\/v2\/comments?post=26205"}],"version-history":[{"count":0,"href":"https:\/\/www.lirapopular.cl\/lirapopularxix\/wp-json\/wp\/v2\/pages\/26205\/revisions"}],"wp:attachment":[{"href":"https:\/\/www.lirapopular.cl\/lirapopularxix\/wp-json\/wp\/v2\/media?parent=26205"}],"curies":[{"name":"wp","href":"https:\/\/api.w.org\/{rel}","templated":true}]}}