{"id":2619,"date":"2019-08-22T17:27:57","date_gmt":"2019-08-22T21:27:57","guid":{"rendered":"https:\/\/www.lirapopular.cl\/lirapopularxix\/?page_id=2619"},"modified":"2019-08-22T17:27:57","modified_gmt":"2019-08-22T21:27:57","slug":"combate-de-lo-cana-muertos-i-heridos","status":"publish","type":"page","link":"https:\/\/www.lirapopular.cl\/lirapopularxix\/combate-de-lo-cana-muertos-i-heridos\/","title":{"rendered":"COMBATE DE LO CA\u00d1A MUERTOS I HERIDOS"},"content":{"rendered":"\n<div class=\"wp-block-image\"><figure class=\"alignright\"><a href=\"https:\/\/www.lirapopular.cl\/lirapopularxix\/wp-content\/uploads\/2019\/08\/769.jpg\"><img loading=\"lazy\" decoding=\"async\" width=\"300\" height=\"219\" src=\"https:\/\/www.lirapopular.cl\/lirapopularxix\/wp-content\/uploads\/2019\/08\/769-300x219.jpg\" alt=\"\" class=\"wp-image-2622\" srcset=\"https:\/\/www.lirapopular.cl\/lirapopularxix\/wp-content\/uploads\/2019\/08\/769-300x219.jpg 300w, https:\/\/www.lirapopular.cl\/lirapopularxix\/wp-content\/uploads\/2019\/08\/769-768x561.jpg 768w, https:\/\/www.lirapopular.cl\/lirapopularxix\/wp-content\/uploads\/2019\/08\/769.jpg 1000w\" sizes=\"auto, (max-width: 300px) 100vw, 300px\" \/><\/a><figcaption>Colecci\u00f3n Lira Popular de la <br>Universidad de Chile<\/figcaption><\/figure><\/div>\n\n\n\n<p>Autor: Jos\u00e9 Arroyo<br>Impresor: Sin informaci\u00f3n<br>Tama\u00f1o: 27,6 x 37,3 cm<br>Clasificaci\u00f3n: 769 A778c Caja N\u00b06a<\/p>\n\n\n\n<ul class=\"wp-block-list\"><li><a href=\"https:\/\/www.lirapopular.cl\/lirapopularxix\/2019\/08\/22\/combate-de-lo-cana-muertos-i-heridos\/\">El combate de Lo Ca\u00f1a muertos y heridos<\/a><\/li><li><a href=\"https:\/\/www.lirapopular.cl\/lirapopularxix\/2019\/08\/22\/asesinato-de-una-costurera\/\">Asesinato de una costurera<\/a><\/li><li><a href=\"https:\/\/www.lirapopular.cl\/lirapopularxix\/2019\/08\/22\/cantares-2\/\">Cantares<\/a><\/li><\/ul>\n\n\n\n<p>Nota: Este ejemplar tiene escrito a mano con l\u00e1piz rojo \u201c769\u201d<\/p>\n\n\n\n<p>Sobre el verso &#8220;Asesinato de una costurera&#8221; est\u00e1 manuscrito: &#8220;La costurera asesinada en la calle Duarte&#8221;. Adem\u00e1s dos correcciones que ponemos en el verso correspondiente.<\/p>\n","protected":false},"excerpt":{"rendered":"<p>Autor: Jos\u00e9 ArroyoImpresor: Sin informaci\u00f3nTama\u00f1o: 27,6 x 37,3 cmClasificaci\u00f3n: 769 A778c Caja N\u00b06a El combate de Lo Ca\u00f1a muertos y heridos Asesinato de una costurera Cantares Nota: Este ejemplar tiene escrito a mano con l\u00e1piz rojo \u201c769\u201d Sobre el verso &#8220;Asesinato de una costurera&#8221; est\u00e1 manuscrito: &#8220;La costurera asesinada en la calle Duarte&#8221;. Adem\u00e1s dos [&hellip;]<\/p>\n","protected":false},"author":1,"featured_media":0,"parent":0,"menu_order":0,"comment_status":"closed","ping_status":"closed","template":"","meta":{"footnotes":""},"class_list":["post-2619","page","type-page","status-publish","hentry"],"jetpack_sharing_enabled":true,"_links":{"self":[{"href":"https:\/\/www.lirapopular.cl\/lirapopularxix\/wp-json\/wp\/v2\/pages\/2619","targetHints":{"allow":["GET"]}}],"collection":[{"href":"https:\/\/www.lirapopular.cl\/lirapopularxix\/wp-json\/wp\/v2\/pages"}],"about":[{"href":"https:\/\/www.lirapopular.cl\/lirapopularxix\/wp-json\/wp\/v2\/types\/page"}],"author":[{"embeddable":true,"href":"https:\/\/www.lirapopular.cl\/lirapopularxix\/wp-json\/wp\/v2\/users\/1"}],"replies":[{"embeddable":true,"href":"https:\/\/www.lirapopular.cl\/lirapopularxix\/wp-json\/wp\/v2\/comments?post=2619"}],"version-history":[{"count":0,"href":"https:\/\/www.lirapopular.cl\/lirapopularxix\/wp-json\/wp\/v2\/pages\/2619\/revisions"}],"wp:attachment":[{"href":"https:\/\/www.lirapopular.cl\/lirapopularxix\/wp-json\/wp\/v2\/media?parent=2619"}],"curies":[{"name":"wp","href":"https:\/\/api.w.org\/{rel}","templated":true}]}}