{"id":26187,"date":"2021-11-11T12:06:01","date_gmt":"2021-11-11T16:06:01","guid":{"rendered":"https:\/\/www.lirapopular.cl\/lirapopularxix\/?page_id=26187"},"modified":"2021-11-11T12:06:01","modified_gmt":"2021-11-11T16:06:01","slug":"la-gran-inundacion-de-concepcion-y-el-sur","status":"publish","type":"page","link":"https:\/\/www.lirapopular.cl\/lirapopularxix\/la-gran-inundacion-de-concepcion-y-el-sur\/","title":{"rendered":"La gran inundaci\u00f3n de Concepci\u00f3n y el sur"},"content":{"rendered":"\n<div class=\"wp-block-image is-style-default\"><figure class=\"alignright size-medium\"><a href=\"https:\/\/www.lirapopular.cl\/lirapopularxix\/wp-content\/uploads\/2021\/11\/LO0012266.jpg\"><img loading=\"lazy\" decoding=\"async\" width=\"202\" height=\"300\" src=\"https:\/\/www.lirapopular.cl\/lirapopularxix\/wp-content\/uploads\/2021\/11\/LO0012266-202x300.jpg\" alt=\"\" class=\"wp-image-26190\" srcset=\"https:\/\/www.lirapopular.cl\/lirapopularxix\/wp-content\/uploads\/2021\/11\/LO0012266-202x300.jpg 202w, https:\/\/www.lirapopular.cl\/lirapopularxix\/wp-content\/uploads\/2021\/11\/LO0012266.jpg 674w\" sizes=\"auto, (max-width: 202px) 100vw, 202px\" \/><\/a><figcaption>Archivo de Literatura Oral<br \/>Fondo Rodolfo Lenz<\/figcaption><\/figure><\/div>\n\n\n\n<p>Autor: Luis Romero C.<br \/>Impresor: Auka T. T. Rozas 1252 Concep.<br \/>Tama\u00f1o: 34 x 23 cm<br \/>Clasificaci\u00f3n: BN C\u00f3digo:\u00a0LO0012266<\/p>\n\n\n\n<ul class=\"wp-block-list\"><li><a href=\"https:\/\/www.lirapopular.cl\/lirapopularxix\/2021\/11\/11\/las-grandes-inundacio-nes-en-concepcion\/\">Las grandes inundaciones en Concepci\u00f3n<\/a><\/li><li><a href=\"https:\/\/www.lirapopular.cl\/lirapopularxix\/2021\/11\/11\/crimen-pasional-encoronel\/\">Crimen pasional en Coronel<\/a><\/li><li><a href=\"https:\/\/www.lirapopular.cl\/lirapopularxix\/2021\/11\/11\/necesito-cocinera-2\/\">Necesito cocinera<\/a><\/li><\/ul>\n\n\n\n<p>Nota: Probablemente es Luis Romero Cancino, que us\u00f3 la misma imprenta.<br \/>Uno de los versos se refiere al nazismo, por tanto el documento es posterior a 1920.<br \/>Este ejemplar tiene escrito a mano con l\u00e1piz rojo \u201c-4-\u201d, con l\u00e1piz grafito &#8220;8&#8221; &#8220;11(458-17)&#8221; &#8220;12&#8221; y timbre &#8220;BIBLIOTECA NACIONAL SECCION CONTROL&#8221;.<br \/>Documento optimizado digitalmente.<\/p>\n","protected":false},"excerpt":{"rendered":"<p>Autor: Luis Romero C.Impresor: Auka T. T. Rozas 1252 Concep.Tama\u00f1o: 34 x 23 cmClasificaci\u00f3n: BN C\u00f3digo:\u00a0LO0012266 Las grandes inundaciones en Concepci\u00f3n Crimen pasional en Coronel Necesito cocinera Nota: Probablemente es Luis Romero Cancino, que us\u00f3 la misma imprenta.Uno de los versos se refiere al nazismo, por tanto el documento es posterior a 1920.Este ejemplar tiene [&hellip;]<\/p>\n","protected":false},"author":1,"featured_media":0,"parent":0,"menu_order":0,"comment_status":"closed","ping_status":"closed","template":"","meta":{"footnotes":""},"class_list":["post-26187","page","type-page","status-publish","hentry"],"jetpack_sharing_enabled":true,"_links":{"self":[{"href":"https:\/\/www.lirapopular.cl\/lirapopularxix\/wp-json\/wp\/v2\/pages\/26187","targetHints":{"allow":["GET"]}}],"collection":[{"href":"https:\/\/www.lirapopular.cl\/lirapopularxix\/wp-json\/wp\/v2\/pages"}],"about":[{"href":"https:\/\/www.lirapopular.cl\/lirapopularxix\/wp-json\/wp\/v2\/types\/page"}],"author":[{"embeddable":true,"href":"https:\/\/www.lirapopular.cl\/lirapopularxix\/wp-json\/wp\/v2\/users\/1"}],"replies":[{"embeddable":true,"href":"https:\/\/www.lirapopular.cl\/lirapopularxix\/wp-json\/wp\/v2\/comments?post=26187"}],"version-history":[{"count":0,"href":"https:\/\/www.lirapopular.cl\/lirapopularxix\/wp-json\/wp\/v2\/pages\/26187\/revisions"}],"wp:attachment":[{"href":"https:\/\/www.lirapopular.cl\/lirapopularxix\/wp-json\/wp\/v2\/media?parent=26187"}],"curies":[{"name":"wp","href":"https:\/\/api.w.org\/{rel}","templated":true}]}}