{"id":26173,"date":"2021-11-11T09:14:16","date_gmt":"2021-11-11T13:14:16","guid":{"rendered":"https:\/\/www.lirapopular.cl\/lirapopularxix\/?page_id=26173"},"modified":"2021-11-11T09:14:16","modified_gmt":"2021-11-11T13:14:16","slug":"la-fuga-de-tres-prisioneros-chilenos","status":"publish","type":"page","link":"https:\/\/www.lirapopular.cl\/lirapopularxix\/la-fuga-de-tres-prisioneros-chilenos\/","title":{"rendered":"LA FUGA <br>DE TRES PRISIONEROS CHILENOS DE UN CAMPAMENTO PERUANO"},"content":{"rendered":"\n<div class=\"wp-block-image is-style-default\"><figure class=\"alignright size-medium\"><a href=\"https:\/\/www.lirapopular.cl\/lirapopularxix\/wp-content\/uploads\/2021\/11\/LO0012273.jpg\"><img loading=\"lazy\" decoding=\"async\" width=\"300\" height=\"215\" src=\"https:\/\/www.lirapopular.cl\/lirapopularxix\/wp-content\/uploads\/2021\/11\/LO0012273-300x215.jpg\" alt=\"\" class=\"wp-image-26176\" srcset=\"https:\/\/www.lirapopular.cl\/lirapopularxix\/wp-content\/uploads\/2021\/11\/LO0012273-300x215.jpg 300w, https:\/\/www.lirapopular.cl\/lirapopularxix\/wp-content\/uploads\/2021\/11\/LO0012273-768x551.jpg 768w, https:\/\/www.lirapopular.cl\/lirapopularxix\/wp-content\/uploads\/2021\/11\/LO0012273.jpg 1000w\" sizes=\"auto, (max-width: 300px) 100vw, 300px\" \/><\/a><figcaption>Archivo de Literatura Oral<br \/>Fondo Rodolfo Lenz<\/figcaption><\/figure><\/div>\n\n\n\n<p>Autor: Anjel C. Lillo.<br \/>Impresor: Imp. de \u00abLos Tiempos\u00bb \u2014 Bandera, 24<br \/>Tama\u00f1o: 26 x 39 cm<br \/>Clasificaci\u00f3n: BN C\u00f3digo:\u00a0LO0012273<\/p>\n\n\n\n<ul class=\"wp-block-list\"><li><a href=\"https:\/\/www.lirapopular.cl\/lirapopularxix\/2021\/11\/11\/la-fuga-de-tres-prisioneros-chilenos-de-un-campamento-peruano\/\">La fuga de tres prisioneros chilenos de un campamento peruano<\/a><\/li><\/ul>\n\n\n\n<p>Nota: Este ejemplar est\u00e1s pegado sobre un papel y tiene escrito a mano con l\u00e1piz rojo \u201c-11-\u201d. Por el reverso un timbre borroso de Biblioteca Nacional.<br \/>Documento optimizado digitalmente.<\/p>\n","protected":false},"excerpt":{"rendered":"<p>Autor: Anjel C. Lillo.Impresor: Imp. de \u00abLos Tiempos\u00bb \u2014 Bandera, 24Tama\u00f1o: 26 x 39 cmClasificaci\u00f3n: BN C\u00f3digo:\u00a0LO0012273 La fuga de tres prisioneros chilenos de un campamento peruano Nota: Este ejemplar est\u00e1s pegado sobre un papel y tiene escrito a mano con l\u00e1piz rojo \u201c-11-\u201d. Por el reverso un timbre borroso de Biblioteca Nacional.Documento optimizado digitalmente.<\/p>\n","protected":false},"author":1,"featured_media":0,"parent":0,"menu_order":0,"comment_status":"closed","ping_status":"closed","template":"","meta":{"footnotes":""},"class_list":["post-26173","page","type-page","status-publish","hentry"],"jetpack_sharing_enabled":true,"_links":{"self":[{"href":"https:\/\/www.lirapopular.cl\/lirapopularxix\/wp-json\/wp\/v2\/pages\/26173","targetHints":{"allow":["GET"]}}],"collection":[{"href":"https:\/\/www.lirapopular.cl\/lirapopularxix\/wp-json\/wp\/v2\/pages"}],"about":[{"href":"https:\/\/www.lirapopular.cl\/lirapopularxix\/wp-json\/wp\/v2\/types\/page"}],"author":[{"embeddable":true,"href":"https:\/\/www.lirapopular.cl\/lirapopularxix\/wp-json\/wp\/v2\/users\/1"}],"replies":[{"embeddable":true,"href":"https:\/\/www.lirapopular.cl\/lirapopularxix\/wp-json\/wp\/v2\/comments?post=26173"}],"version-history":[{"count":0,"href":"https:\/\/www.lirapopular.cl\/lirapopularxix\/wp-json\/wp\/v2\/pages\/26173\/revisions"}],"wp:attachment":[{"href":"https:\/\/www.lirapopular.cl\/lirapopularxix\/wp-json\/wp\/v2\/media?parent=26173"}],"curies":[{"name":"wp","href":"https:\/\/api.w.org\/{rel}","templated":true}]}}