{"id":26084,"date":"2021-11-09T19:57:20","date_gmt":"2021-11-09T23:57:20","guid":{"rendered":"https:\/\/www.lirapopular.cl\/lirapopularxix\/?page_id=26084"},"modified":"2021-11-09T19:57:20","modified_gmt":"2021-11-09T23:57:20","slug":"gran-incendio-en-chillan","status":"publish","type":"page","link":"https:\/\/www.lirapopular.cl\/lirapopularxix\/gran-incendio-en-chillan\/","title":{"rendered":"GRAN INCENDIO EN CHILLAN <br>LA C\u00c1RCEL I EL CUARTEL DEL 9\u00ba ES DESTRUIDO POR EL FUEGO"},"content":{"rendered":"\n<div class=\"wp-block-image is-style-default\"><figure class=\"alignright size-medium\"><a href=\"https:\/\/www.lirapopular.cl\/lirapopularxix\/wp-content\/uploads\/2021\/11\/LO0012286.jpg\"><img loading=\"lazy\" decoding=\"async\" width=\"209\" height=\"300\" src=\"https:\/\/www.lirapopular.cl\/lirapopularxix\/wp-content\/uploads\/2021\/11\/LO0012286-209x300.jpg\" alt=\"\" class=\"wp-image-26087\" srcset=\"https:\/\/www.lirapopular.cl\/lirapopularxix\/wp-content\/uploads\/2021\/11\/LO0012286-209x300.jpg 209w, https:\/\/www.lirapopular.cl\/lirapopularxix\/wp-content\/uploads\/2021\/11\/LO0012286.jpg 696w\" sizes=\"auto, (max-width: 209px) 100vw, 209px\" \/><\/a><figcaption>Archivo de Literatura Oral<br \/>Fondo Rodolfo Lenz<\/figcaption><\/figure><\/div>\n\n\n\n<p>Autor: Jos\u00e9 Dionisio Castro H. Poeta Talquino.<br \/>Impresor: Sin informaci\u00f3n<br \/>Tama\u00f1o: 55 x 39 cm<br \/>Clasificaci\u00f3n: BN C\u00f3digo:\u00a0LO0012286<\/p>\n\n\n\n<ul class=\"wp-block-list\"><li><a href=\"https:\/\/www.lirapopular.cl\/lirapopularxix\/2021\/11\/10\/cuatro-reos-se-escapan\/\">Cuatro reos se escapan<\/a><\/li><li><a href=\"https:\/\/www.lirapopular.cl\/lirapopularxix\/2021\/11\/10\/versos-populososdemostrando-mi-valor\/\">Versos populosos. Demostrando mi valor<\/a><\/li><li><a href=\"https:\/\/www.lirapopular.cl\/lirapopularxix\/2021\/11\/10\/reglamento-de-amorun-hombre-recto-i-celoso\/\">Reglamento de amor. Un hombre recto y celoso<\/a><\/li><li><a href=\"https:\/\/www.lirapopular.cl\/lirapopularxix\/2021\/11\/10\/una-aplicacion\/\">Una aplicaci\u00f3n<\/a><\/li><li><a href=\"https:\/\/www.lirapopular.cl\/lirapopularxix\/2021\/11\/10\/mi-abdicional-poeta-moraga-i-al-publicopor-lo-que-se-alaba-ser-poetabueno\/\">Mi abdici\u00f3n (sic) al poeta Moraga y al p\u00fablico. Por lo que se alaba ser poeta bueno<\/a><\/li><li><a href=\"https:\/\/www.lirapopular.cl\/lirapopularxix\/2021\/11\/10\/declaro-i-doi-a-saberque-so-al-mismo-pueta-moragapor-que-estoi-sentido-con-el\/\">Declaro y doy a saber. Que so[  ] al mismo poeta Moraga. Por qu\u00e9 estoy sentido con \u00e9l<\/a><\/li><\/ul>\n\n\n\n<p>Nota: Este ejemplar tiene escrito a mano con plum\u00f3n \u201c24\u201d y con un tombre &#8220;83&#8221;.<br \/>Documento optimizado digitalmente.<\/p>\n","protected":false},"excerpt":{"rendered":"<p>Autor: Jos\u00e9 Dionisio Castro H. Poeta Talquino.Impresor: Sin informaci\u00f3nTama\u00f1o: 55 x 39 cmClasificaci\u00f3n: BN C\u00f3digo:\u00a0LO0012286 Cuatro reos se escapan Versos populosos. Demostrando mi valor Reglamento de amor. Un hombre recto y celoso Una aplicaci\u00f3n Mi abdici\u00f3n (sic) al poeta Moraga y al p\u00fablico. Por lo que se alaba ser poeta bueno Declaro y doy a [&hellip;]<\/p>\n","protected":false},"author":1,"featured_media":0,"parent":0,"menu_order":0,"comment_status":"closed","ping_status":"closed","template":"","meta":{"footnotes":""},"class_list":["post-26084","page","type-page","status-publish","hentry"],"jetpack_sharing_enabled":true,"_links":{"self":[{"href":"https:\/\/www.lirapopular.cl\/lirapopularxix\/wp-json\/wp\/v2\/pages\/26084","targetHints":{"allow":["GET"]}}],"collection":[{"href":"https:\/\/www.lirapopular.cl\/lirapopularxix\/wp-json\/wp\/v2\/pages"}],"about":[{"href":"https:\/\/www.lirapopular.cl\/lirapopularxix\/wp-json\/wp\/v2\/types\/page"}],"author":[{"embeddable":true,"href":"https:\/\/www.lirapopular.cl\/lirapopularxix\/wp-json\/wp\/v2\/users\/1"}],"replies":[{"embeddable":true,"href":"https:\/\/www.lirapopular.cl\/lirapopularxix\/wp-json\/wp\/v2\/comments?post=26084"}],"version-history":[{"count":0,"href":"https:\/\/www.lirapopular.cl\/lirapopularxix\/wp-json\/wp\/v2\/pages\/26084\/revisions"}],"wp:attachment":[{"href":"https:\/\/www.lirapopular.cl\/lirapopularxix\/wp-json\/wp\/v2\/media?parent=26084"}],"curies":[{"name":"wp","href":"https:\/\/api.w.org\/{rel}","templated":true}]}}