{"id":26052,"date":"2021-11-09T09:28:36","date_gmt":"2021-11-09T13:28:36","guid":{"rendered":"https:\/\/www.lirapopular.cl\/lirapopularxix\/?page_id=26052"},"modified":"2021-11-09T09:28:36","modified_gmt":"2021-11-09T13:28:36","slug":"grandes-fiestas-del-4-o-centenario-de-colon-en-valparaiso","status":"publish","type":"page","link":"https:\/\/www.lirapopular.cl\/lirapopularxix\/grandes-fiestas-del-4-o-centenario-de-colon-en-valparaiso\/","title":{"rendered":"GRANDES FIESTAS <br>Del 4.\u00ba Centenario de Colon en Valpara\u00edso"},"content":{"rendered":"<div class=\"wp-block-image is-style-default\">\n<figure class=\"alignright size-medium\"><a href=\"https:\/\/www.lirapopular.cl\/lirapopularxix\/wp-content\/uploads\/2021\/11\/LO0012321.jpg\"><img decoding=\"async\" src=\"https:\/\/www.lirapopular.cl\/lirapopularxix\/wp-content\/uploads\/2021\/11\/LO0012321-192x300.jpg\" alt=\"\" class=\"wp-image-26055\"\/><\/a><figcaption>Archivo de Literatura Oral<br \/>Fondo Rodolfo Lenz<\/figcaption><\/figure>\n<\/div>\n\n\n<p>Autor: Juan Carrasco Tenorio.<br \/>Impresor: Sin informaci\u00f3n<br \/>Tama\u00f1o: 53 x 34 cm<br \/>Clasificaci\u00f3n: BN C\u00f3digo:&nbsp;LO0012321<\/p>\n\n\n\n<ul class=\"wp-block-list\"><li><a href=\"https:\/\/www.lirapopular.cl\/lirapopularxix\/2021\/11\/09\/a-cristobal-colon\/\">A Crist\u00f3bal Colon<\/a><\/li><li><a href=\"https:\/\/www.lirapopular.cl\/lirapopularxix\/2021\/11\/09\/la-fiesta-de-colonen-valparaiso\/\">La fiesta de Col\u00f3n en Valpara\u00edso<\/a><\/li><li><a href=\"https:\/\/www.lirapopular.cl\/lirapopularxix\/2021\/11\/09\/a-pedro-valdivia\/\">A Pedro Valdivia<\/a><\/li><li><a href=\"https:\/\/www.lirapopular.cl\/lirapopularxix\/2021\/11\/09\/la-muerte-de-jesus\/\">La muerte de Jes\u00fas<\/a><\/li><li><a href=\"https:\/\/www.lirapopular.cl\/lirapopularxix\/2021\/11\/09\/amor-por-fuerza-3\/\">Amor por fuerza<\/a><\/li><li><a href=\"https:\/\/www.lirapopular.cl\/lirapopularxix\/2021\/11\/09\/un-joven-enamorado-3\/\">Un j\u00f3ven enamorado<\/a><\/li><li><a href=\"https:\/\/www.lirapopular.cl\/lirapopularxix\/2021\/11\/09\/queja-de-un-amantea-su-querida-3\/\">Queja de un amante a su querida<\/a><\/li><\/ul>\n\n\n\n<p>Nota: La B. Nacional no le pone autor.<br \/>Este ejemplar tiene escrito a mano con l\u00e1piz rojo \u201c-29-\u201d y con un timbre &#8220;342&#8221;.<br \/>Documento publicado en 1892.<br \/>No usa la Ortograf\u00eda Bello.<br \/>Documento optimizado digitalmente.<\/p>\n","protected":false},"excerpt":{"rendered":"<p>Autor: Juan Carrasco Tenorio.Impresor: Sin informaci\u00f3nTama\u00f1o: 53 x 34 cmClasificaci\u00f3n: BN C\u00f3digo:&nbsp;LO0012321 A Crist\u00f3bal Colon La fiesta de Col\u00f3n en Valpara\u00edso A Pedro Valdivia La muerte de Jes\u00fas Amor por fuerza Un j\u00f3ven enamorado Queja de un amante a su querida Nota: La B. Nacional no le pone autor.Este ejemplar tiene escrito a mano con [&hellip;]<\/p>\n","protected":false},"author":1,"featured_media":0,"parent":0,"menu_order":0,"comment_status":"closed","ping_status":"closed","template":"","meta":{"footnotes":""},"class_list":["post-26052","page","type-page","status-publish","hentry"],"jetpack_sharing_enabled":true,"_links":{"self":[{"href":"https:\/\/www.lirapopular.cl\/lirapopularxix\/wp-json\/wp\/v2\/pages\/26052","targetHints":{"allow":["GET"]}}],"collection":[{"href":"https:\/\/www.lirapopular.cl\/lirapopularxix\/wp-json\/wp\/v2\/pages"}],"about":[{"href":"https:\/\/www.lirapopular.cl\/lirapopularxix\/wp-json\/wp\/v2\/types\/page"}],"author":[{"embeddable":true,"href":"https:\/\/www.lirapopular.cl\/lirapopularxix\/wp-json\/wp\/v2\/users\/1"}],"replies":[{"embeddable":true,"href":"https:\/\/www.lirapopular.cl\/lirapopularxix\/wp-json\/wp\/v2\/comments?post=26052"}],"version-history":[{"count":0,"href":"https:\/\/www.lirapopular.cl\/lirapopularxix\/wp-json\/wp\/v2\/pages\/26052\/revisions"}],"wp:attachment":[{"href":"https:\/\/www.lirapopular.cl\/lirapopularxix\/wp-json\/wp\/v2\/media?parent=26052"}],"curies":[{"name":"wp","href":"https:\/\/api.w.org\/{rel}","templated":true}]}}