{"id":26028,"date":"2021-11-07T20:39:19","date_gmt":"2021-11-08T00:39:19","guid":{"rendered":"https:\/\/www.lirapopular.cl\/lirapopularxix\/?page_id=26028"},"modified":"2021-11-07T20:39:19","modified_gmt":"2021-11-08T00:39:19","slug":"gran-crimen-mister-yules-ahorcado-en-melipilla","status":"publish","type":"page","link":"https:\/\/www.lirapopular.cl\/lirapopularxix\/gran-crimen-mister-yules-ahorcado-en-melipilla\/","title":{"rendered":"GRAN CRIMEN \u2014 M\u00edster Yules AHORCADO EN MELIPILLA"},"content":{"rendered":"\n<div class=\"wp-block-image is-style-default\"><figure class=\"alignright size-medium\"><a href=\"https:\/\/www.lirapopular.cl\/lirapopularxix\/wp-content\/uploads\/2021\/11\/LO0012280.jpg\"><img decoding=\"async\" src=\"https:\/\/www.lirapopular.cl\/lirapopularxix\/wp-content\/uploads\/2021\/11\/LO0012280-207x300.jpg\" alt=\"\" class=\"wp-image-26031\"\/><\/a><figcaption>Archivo de Literatura Oral<br \/>Fondo Rodolfo Lenz<\/figcaption><\/figure><\/div>\n\n\n\n<p>Autor: (Poeta) Lisandro Arancibia.<br \/>Impresor: Imp. de La Igualdad.\u2014 Chill\u00e1n.<br \/>Tama\u00f1o: 56 x 39 cm<br \/>Clasificaci\u00f3n: BN C\u00f3digo:\u00a0LO0012280<\/p>\n\n\n\n<ul class=\"wp-block-list\"><li><a href=\"https:\/\/www.lirapopular.cl\/lirapopularxix\/2021\/11\/09\/el-ahorcado-en-melipillamister-yules\/\">El ahorcado en Melipilla. Mister Yules<\/a><\/li><li><a href=\"https:\/\/www.lirapopular.cl\/lirapopularxix\/2021\/11\/09\/audon-arayamuerto-en-melipilla\/\">Audon Araya. Muerto en Melipilla<\/a><\/li><li><a href=\"https:\/\/www.lirapopular.cl\/lirapopularxix\/2021\/11\/09\/el-acuartelamientoa-la-guardia-nacional\/\">El acuartelamiento a la Guardia Nacional<\/a><\/li><li><a href=\"https:\/\/www.lirapopular.cl\/lirapopularxix\/2021\/11\/09\/padecimiento-del-poetalisandro-arancibia\/\">Padecimiento del poeta Lisandro Arancibia<\/a><\/li><li><a href=\"https:\/\/www.lirapopular.cl\/lirapopularxix\/2021\/11\/09\/la-vida-y-oficios-delisandro-arancibia\/\">La vida y oficios de Lisandro Arancibia<\/a><\/li><li><a href=\"https:\/\/www.lirapopular.cl\/lirapopularxix\/2021\/11\/09\/percanses-del-poetaen-concepcion\/\">Percances del poeta en Concepci\u00f3n<\/a><\/li><\/ul>\n\n\n\n<p>Nota: Este ejemplar tiene escrito a mano con l\u00e1piz rojo \u201c-15-\u201d, con un timbre &#8220;2&#8221;.<br \/>Documento optimizado digitalmente.<\/p>\n","protected":false},"excerpt":{"rendered":"<p>Autor: (Poeta) Lisandro Arancibia.Impresor: Imp. de La Igualdad.\u2014 Chill\u00e1n.Tama\u00f1o: 56 x 39 cmClasificaci\u00f3n: BN C\u00f3digo:\u00a0LO0012280 El ahorcado en Melipilla. Mister Yules Audon Araya. Muerto en Melipilla El acuartelamiento a la Guardia Nacional Padecimiento del poeta Lisandro Arancibia La vida y oficios de Lisandro Arancibia Percances del poeta en Concepci\u00f3n Nota: Este ejemplar tiene escrito a [&hellip;]<\/p>\n","protected":false},"author":1,"featured_media":0,"parent":0,"menu_order":0,"comment_status":"closed","ping_status":"closed","template":"","meta":{"footnotes":""},"class_list":["post-26028","page","type-page","status-publish","hentry"],"jetpack_sharing_enabled":true,"_links":{"self":[{"href":"https:\/\/www.lirapopular.cl\/lirapopularxix\/wp-json\/wp\/v2\/pages\/26028","targetHints":{"allow":["GET"]}}],"collection":[{"href":"https:\/\/www.lirapopular.cl\/lirapopularxix\/wp-json\/wp\/v2\/pages"}],"about":[{"href":"https:\/\/www.lirapopular.cl\/lirapopularxix\/wp-json\/wp\/v2\/types\/page"}],"author":[{"embeddable":true,"href":"https:\/\/www.lirapopular.cl\/lirapopularxix\/wp-json\/wp\/v2\/users\/1"}],"replies":[{"embeddable":true,"href":"https:\/\/www.lirapopular.cl\/lirapopularxix\/wp-json\/wp\/v2\/comments?post=26028"}],"version-history":[{"count":0,"href":"https:\/\/www.lirapopular.cl\/lirapopularxix\/wp-json\/wp\/v2\/pages\/26028\/revisions"}],"wp:attachment":[{"href":"https:\/\/www.lirapopular.cl\/lirapopularxix\/wp-json\/wp\/v2\/media?parent=26028"}],"curies":[{"name":"wp","href":"https:\/\/api.w.org\/{rel}","templated":true}]}}