{"id":26010,"date":"2021-11-07T19:53:30","date_gmt":"2021-11-07T23:53:30","guid":{"rendered":"https:\/\/www.lirapopular.cl\/lirapopularxix\/?page_id=26010"},"modified":"2021-11-07T19:53:30","modified_gmt":"2021-11-07T23:53:30","slug":"gran-conspiracion-terrible-matanza-en-la-artilleria","status":"publish","type":"page","link":"https:\/\/www.lirapopular.cl\/lirapopularxix\/gran-conspiracion-terrible-matanza-en-la-artilleria\/","title":{"rendered":"GRAN CONSPIRACION <br>TERRIBLE MATANZA EN LA ARTILLERIA"},"content":{"rendered":"\n<div class=\"wp-block-image is-style-default\"><figure class=\"alignright size-medium\"><a href=\"https:\/\/www.lirapopular.cl\/lirapopularxix\/wp-content\/uploads\/2021\/11\/LO0012014.jpg\"><img loading=\"lazy\" decoding=\"async\" width=\"208\" height=\"300\" src=\"https:\/\/www.lirapopular.cl\/lirapopularxix\/wp-content\/uploads\/2021\/11\/LO0012014-208x300.jpg\" alt=\"\" class=\"wp-image-26013\" srcset=\"https:\/\/www.lirapopular.cl\/lirapopularxix\/wp-content\/uploads\/2021\/11\/LO0012014-208x300.jpg 208w, https:\/\/www.lirapopular.cl\/lirapopularxix\/wp-content\/uploads\/2021\/11\/LO0012014.jpg 693w\" sizes=\"auto, (max-width: 208px) 100vw, 208px\" \/><\/a><figcaption>Archivo de Literatura Oral<br \/>Fondo Rodolfo Lenz<\/figcaption><\/figure><\/div>\n\n\n\n<p>Autor: El Quillotano.<br \/>Impresor: Imp. Ercilla\u2014Bandera 21-K<br \/>Tama\u00f1o: 55 X 39 cm<br \/>Clasificaci\u00f3n: BN C\u00f3digo:\u00a0LO0012014<\/p>\n\n\n\n<ul class=\"wp-block-list\"><li><a href=\"https:\/\/www.lirapopular.cl\/lirapopularxix\/2021\/11\/07\/terrible-revolucionen-santiago-15-muertos-i-ocho-heridoshorror-del-pueblo\/\">Terrible revoluci\u00f3n en Santiago. 15 muertos y ocho heridos. Horror del pueblo<\/a><\/li><li><a href=\"https:\/\/www.lirapopular.cl\/lirapopularxix\/2021\/11\/07\/el-huaso-valiente\/\">El huaso valiente<\/a><\/li><li><a href=\"https:\/\/www.lirapopular.cl\/lirapopularxix\/2021\/11\/07\/las-senales-del-juiciosegun-san-jeronimo\/\">Las se\u00f1ales del juicio segun San Jer\u00f3nimo<\/a><\/li><li><a href=\"https:\/\/www.lirapopular.cl\/lirapopularxix\/2021\/11\/07\/el-huaso-6\/\">El huaso<\/a><\/li><li><a href=\"https:\/\/www.lirapopular.cl\/lirapopularxix\/2021\/11\/07\/el-juicio-final-6\/\">El Juicio Final<\/a><\/li><\/ul>\n\n\n\n<p>Nota: Este ejemplar tiene escrito a mano con l\u00e1piz rojo \u201c-12-\u201d &#8220;dial!&#8221;, con l\u00e1piz azul &#8220;46&#8221; y numeraci\u00f3n de versos, con un timbre &#8220;441&#8221;.<br \/>Documento optimizado digitalmente.<\/p>\n","protected":false},"excerpt":{"rendered":"<p>Autor: El Quillotano.Impresor: Imp. Ercilla\u2014Bandera 21-KTama\u00f1o: 55 X 39 cmClasificaci\u00f3n: BN C\u00f3digo:\u00a0LO0012014 Terrible revoluci\u00f3n en Santiago. 15 muertos y ocho heridos. Horror del pueblo El huaso valiente Las se\u00f1ales del juicio segun San Jer\u00f3nimo El huaso El Juicio Final Nota: Este ejemplar tiene escrito a mano con l\u00e1piz rojo \u201c-12-\u201d &#8220;dial!&#8221;, con l\u00e1piz azul &#8220;46&#8221; [&hellip;]<\/p>\n","protected":false},"author":1,"featured_media":0,"parent":0,"menu_order":0,"comment_status":"closed","ping_status":"closed","template":"","meta":{"footnotes":""},"class_list":["post-26010","page","type-page","status-publish","hentry"],"jetpack_sharing_enabled":true,"_links":{"self":[{"href":"https:\/\/www.lirapopular.cl\/lirapopularxix\/wp-json\/wp\/v2\/pages\/26010","targetHints":{"allow":["GET"]}}],"collection":[{"href":"https:\/\/www.lirapopular.cl\/lirapopularxix\/wp-json\/wp\/v2\/pages"}],"about":[{"href":"https:\/\/www.lirapopular.cl\/lirapopularxix\/wp-json\/wp\/v2\/types\/page"}],"author":[{"embeddable":true,"href":"https:\/\/www.lirapopular.cl\/lirapopularxix\/wp-json\/wp\/v2\/users\/1"}],"replies":[{"embeddable":true,"href":"https:\/\/www.lirapopular.cl\/lirapopularxix\/wp-json\/wp\/v2\/comments?post=26010"}],"version-history":[{"count":0,"href":"https:\/\/www.lirapopular.cl\/lirapopularxix\/wp-json\/wp\/v2\/pages\/26010\/revisions"}],"wp:attachment":[{"href":"https:\/\/www.lirapopular.cl\/lirapopularxix\/wp-json\/wp\/v2\/media?parent=26010"}],"curies":[{"name":"wp","href":"https:\/\/api.w.org\/{rel}","templated":true}]}}