{"id":25993,"date":"2021-11-07T17:35:30","date_gmt":"2021-11-07T21:35:30","guid":{"rendered":"https:\/\/www.lirapopular.cl\/lirapopularxix\/?page_id=25993"},"modified":"2021-11-07T17:35:30","modified_gmt":"2021-11-07T21:35:30","slug":"fusilamiento-del-reo-manuel-pozo-2","status":"publish","type":"page","link":"https:\/\/www.lirapopular.cl\/lirapopularxix\/fusilamiento-del-reo-manuel-pozo-2\/","title":{"rendered":"Fusilamiento del reo Manuel Pozo"},"content":{"rendered":"\n<div class=\"wp-block-image is-style-default\"><figure class=\"alignright size-medium\"><a href=\"https:\/\/www.lirapopular.cl\/lirapopularxix\/wp-content\/uploads\/2021\/11\/LO0012314.jpg\"><img loading=\"lazy\" decoding=\"async\" width=\"300\" height=\"220\" src=\"https:\/\/www.lirapopular.cl\/lirapopularxix\/wp-content\/uploads\/2021\/11\/LO0012314-300x220.jpg\" alt=\"\" class=\"wp-image-25994\" srcset=\"https:\/\/www.lirapopular.cl\/lirapopularxix\/wp-content\/uploads\/2021\/11\/LO0012314-300x220.jpg 300w, https:\/\/www.lirapopular.cl\/lirapopularxix\/wp-content\/uploads\/2021\/11\/LO0012314-768x563.jpg 768w, https:\/\/www.lirapopular.cl\/lirapopularxix\/wp-content\/uploads\/2021\/11\/LO0012314.jpg 1000w\" sizes=\"auto, (max-width: 300px) 100vw, 300px\" \/><\/a><figcaption>Archivo de Literatura Oral<br \/>Fondo Rodolfo Lenz<\/figcaption><\/figure><\/div>\n\n\n\n<p>Autor: An\u00f3nimo.<br \/>Impresor: Sin informaci\u00f3n<br \/>Tama\u00f1o: 24 x 33 cm<br \/>Clasificaci\u00f3n: BN C\u00f3digo:\u00a0LO0012314<\/p>\n\n\n\n<ul class=\"wp-block-list\"><li><a href=\"https:\/\/www.lirapopular.cl\/lirapopularxix\/2021\/11\/07\/fusilamientodel-reo-manuel-pozo\/\">Fusilamiento del reo Manuel Pozo<\/a><\/li><li><a href=\"https:\/\/www.lirapopular.cl\/lirapopularxix\/2021\/11\/07\/el-asesinato-3\/\">El asesinato<\/a><\/li><li><a href=\"https:\/\/www.lirapopular.cl\/lirapopularxix\/2021\/11\/07\/el-combate-2\/\">El combate<\/a><\/li><\/ul>\n\n\n\n<p>Nota: Este ejemplar tiene escrito a mano con l\u00e1piz rojo \u201c-22-\u201d dos veces y con un timbre &#8220;340&#8221;.<br \/>Documento optimizado digitalmente.<\/p>\n","protected":false},"excerpt":{"rendered":"<p>Autor: An\u00f3nimo.Impresor: Sin informaci\u00f3nTama\u00f1o: 24 x 33 cmClasificaci\u00f3n: BN C\u00f3digo:\u00a0LO0012314 Fusilamiento del reo Manuel Pozo El asesinato El combate Nota: Este ejemplar tiene escrito a mano con l\u00e1piz rojo \u201c-22-\u201d dos veces y con un timbre &#8220;340&#8221;.Documento optimizado digitalmente.<\/p>\n","protected":false},"author":1,"featured_media":0,"parent":0,"menu_order":0,"comment_status":"closed","ping_status":"closed","template":"","meta":{"footnotes":""},"class_list":["post-25993","page","type-page","status-publish","hentry"],"jetpack_sharing_enabled":true,"_links":{"self":[{"href":"https:\/\/www.lirapopular.cl\/lirapopularxix\/wp-json\/wp\/v2\/pages\/25993","targetHints":{"allow":["GET"]}}],"collection":[{"href":"https:\/\/www.lirapopular.cl\/lirapopularxix\/wp-json\/wp\/v2\/pages"}],"about":[{"href":"https:\/\/www.lirapopular.cl\/lirapopularxix\/wp-json\/wp\/v2\/types\/page"}],"author":[{"embeddable":true,"href":"https:\/\/www.lirapopular.cl\/lirapopularxix\/wp-json\/wp\/v2\/users\/1"}],"replies":[{"embeddable":true,"href":"https:\/\/www.lirapopular.cl\/lirapopularxix\/wp-json\/wp\/v2\/comments?post=25993"}],"version-history":[{"count":0,"href":"https:\/\/www.lirapopular.cl\/lirapopularxix\/wp-json\/wp\/v2\/pages\/25993\/revisions"}],"wp:attachment":[{"href":"https:\/\/www.lirapopular.cl\/lirapopularxix\/wp-json\/wp\/v2\/media?parent=25993"}],"curies":[{"name":"wp","href":"https:\/\/api.w.org\/{rel}","templated":true}]}}